{"id":5608,"date":"2025-01-22T12:28:33","date_gmt":"2025-01-22T12:28:33","guid":{"rendered":"https:\/\/limit-tools.com\/product\/matkablar-cat-iii-600v\/"},"modified":"2025-01-22T12:28:33","modified_gmt":"2025-01-22T12:28:33","slug":"matkablar-cat-iii-600v","status":"publish","type":"product","link":"https:\/\/limit-tools.com\/sv\/product\/matkablar-cat-iii-600v\/","title":{"rendered":"M\u00c4TKABLAR CAT III 600V"},"content":{"rendered":"<p>Tillbeh\u00f6r till multimeter, t\u00e5ngamperemeter Limit.<\/p>\n","protected":false},"excerpt":{"rendered":"Tillbeh\u00f6r till multimeter, t\u00e5ngamperemeter Limit.","protected":false},"featured_media":0,"comment_status":"closed","ping_status":"closed","template":"","meta":{"_acf_changed":false},"product_cat":[343,350],"product_tag":[],"class_list":{"0":"post-5608","1":"product","2":"type-product","3":"status-publish","5":"product_cat-eltest-sv","6":"product_cat-amperemeter-sv","8":"first","9":"instock","10":"shipping-taxable","11":"product-type-simple"},"acf":[],"yoast_head":"<!-- This site is optimized with the Yoast SEO plugin v23.4 - https:\/\/yoast.com\/wordpress\/plugins\/seo\/ -->\n<title>M\u00c4TKABLAR CAT III 600V - Precision measuring instruments | Limit<\/title>\n<meta name=\"robots\" content=\"index, follow, max-snippet:-1, max-image-preview:large, max-video-preview:-1\" \/>\n<link rel=\"canonical\" href=\"https:\/\/limit-tools.com\/sv\/product\/matkablar-cat-iii-600v\/\" \/>\n<meta property=\"og:locale\" content=\"sv_SE\" \/>\n<meta property=\"og:type\" content=\"article\" \/>\n<meta property=\"og:title\" content=\"M\u00c4TKABLAR CAT III 600V - Precision measuring instruments | Limit\" \/>\n<meta property=\"og:description\" content=\"Tillbeh\u00f6r till multimeter, t\u00e5ngamperemeter Limit.\" \/>\n<meta property=\"og:url\" content=\"https:\/\/limit-tools.com\/sv\/product\/matkablar-cat-iii-600v\/\" \/>\n<meta property=\"og:site_name\" content=\"Precision measuring instruments | Limit\" \/>\n<meta property=\"article:publisher\" content=\"https:\/\/www.facebook.com\/limittools\/\" \/>\n<meta name=\"twitter:card\" content=\"summary_large_image\" \/>\n<script type=\"application\/ld+json\" class=\"yoast-schema-graph\">{\"@context\":\"https:\/\/schema.org\",\"@graph\":[{\"@type\":\"WebPage\",\"@id\":\"https:\/\/limit-tools.com\/sv\/product\/matkablar-cat-iii-600v\/\",\"url\":\"https:\/\/limit-tools.com\/sv\/product\/matkablar-cat-iii-600v\/\",\"name\":\"M\u00c4TKABLAR CAT III 600V - Precision measuring instruments | Limit\",\"isPartOf\":{\"@id\":\"https:\/\/limit-tools.com\/pl\/#website\"},\"datePublished\":\"2025-01-22T12:28:33+00:00\",\"dateModified\":\"2025-01-22T12:28:33+00:00\",\"breadcrumb\":{\"@id\":\"https:\/\/limit-tools.com\/sv\/product\/matkablar-cat-iii-600v\/#breadcrumb\"},\"inLanguage\":\"sv-SE\",\"potentialAction\":[{\"@type\":\"ReadAction\",\"target\":[\"https:\/\/limit-tools.com\/sv\/product\/matkablar-cat-iii-600v\/\"]}]},{\"@type\":\"BreadcrumbList\",\"@id\":\"https:\/\/limit-tools.com\/sv\/product\/matkablar-cat-iii-600v\/#breadcrumb\",\"itemListElement\":[{\"@type\":\"ListItem\",\"position\":1,\"name\":\"Products\",\"item\":\"https:\/\/limit-tools.com\/pl\/products\/\"},{\"@type\":\"ListItem\",\"position\":2,\"name\":\"M\u00c4TKABLAR CAT III 600V\"}]},{\"@type\":\"WebSite\",\"@id\":\"https:\/\/limit-tools.com\/pl\/#website\",\"url\":\"https:\/\/limit-tools.com\/pl\/\",\"name\":\"Precision measuring instruments | Limit\",\"description\":\"Everything can be measured\",\"potentialAction\":[{\"@type\":\"SearchAction\",\"target\":{\"@type\":\"EntryPoint\",\"urlTemplate\":\"https:\/\/limit-tools.com\/pl\/?s={search_term_string}\"},\"query-input\":{\"@type\":\"PropertyValueSpecification\",\"valueRequired\":true,\"valueName\":\"search_term_string\"}}],\"inLanguage\":\"sv-SE\"}]}<\/script>\n<!-- \/ Yoast SEO plugin. -->","yoast_head_json":{"title":"M\u00c4TKABLAR CAT III 600V - Precision measuring instruments | Limit","robots":{"index":"index","follow":"follow","max-snippet":"max-snippet:-1","max-image-preview":"max-image-preview:large","max-video-preview":"max-video-preview:-1"},"canonical":"https:\/\/limit-tools.com\/sv\/product\/matkablar-cat-iii-600v\/","og_locale":"sv_SE","og_type":"article","og_title":"M\u00c4TKABLAR CAT III 600V - Precision measuring instruments | Limit","og_description":"Tillbeh\u00f6r till multimeter, t\u00e5ngamperemeter Limit.","og_url":"https:\/\/limit-tools.com\/sv\/product\/matkablar-cat-iii-600v\/","og_site_name":"Precision measuring instruments | Limit","article_publisher":"https:\/\/www.facebook.com\/limittools\/","twitter_card":"summary_large_image","schema":{"@context":"https:\/\/schema.org","@graph":[{"@type":"WebPage","@id":"https:\/\/limit-tools.com\/sv\/product\/matkablar-cat-iii-600v\/","url":"https:\/\/limit-tools.com\/sv\/product\/matkablar-cat-iii-600v\/","name":"M\u00c4TKABLAR CAT III 600V - Precision measuring instruments | Limit","isPartOf":{"@id":"https:\/\/limit-tools.com\/pl\/#website"},"datePublished":"2025-01-22T12:28:33+00:00","dateModified":"2025-01-22T12:28:33+00:00","breadcrumb":{"@id":"https:\/\/limit-tools.com\/sv\/product\/matkablar-cat-iii-600v\/#breadcrumb"},"inLanguage":"sv-SE","potentialAction":[{"@type":"ReadAction","target":["https:\/\/limit-tools.com\/sv\/product\/matkablar-cat-iii-600v\/"]}]},{"@type":"BreadcrumbList","@id":"https:\/\/limit-tools.com\/sv\/product\/matkablar-cat-iii-600v\/#breadcrumb","itemListElement":[{"@type":"ListItem","position":1,"name":"Products","item":"https:\/\/limit-tools.com\/pl\/products\/"},{"@type":"ListItem","position":2,"name":"M\u00c4TKABLAR CAT III 600V"}]},{"@type":"WebSite","@id":"https:\/\/limit-tools.com\/pl\/#website","url":"https:\/\/limit-tools.com\/pl\/","name":"Precision measuring instruments | Limit","description":"Everything can be measured","potentialAction":[{"@type":"SearchAction","target":{"@type":"EntryPoint","urlTemplate":"https:\/\/limit-tools.com\/pl\/?s={search_term_string}"},"query-input":{"@type":"PropertyValueSpecification","valueRequired":true,"valueName":"search_term_string"}}],"inLanguage":"sv-SE"}]}},"_links":{"self":[{"href":"https:\/\/limit-tools.com\/sv\/wp-json\/wp\/v2\/product\/5608"}],"collection":[{"href":"https:\/\/limit-tools.com\/sv\/wp-json\/wp\/v2\/product"}],"about":[{"href":"https:\/\/limit-tools.com\/sv\/wp-json\/wp\/v2\/types\/product"}],"replies":[{"embeddable":true,"href":"https:\/\/limit-tools.com\/sv\/wp-json\/wp\/v2\/comments?post=5608"}],"wp:attachment":[{"href":"https:\/\/limit-tools.com\/sv\/wp-json\/wp\/v2\/media?parent=5608"}],"wp:term":[{"taxonomy":"product_cat","embeddable":true,"href":"https:\/\/limit-tools.com\/sv\/wp-json\/wp\/v2\/product_cat?post=5608"},{"taxonomy":"product_tag","embeddable":true,"href":"https:\/\/limit-tools.com\/sv\/wp-json\/wp\/v2\/product_tag?post=5608"}],"curies":[{"name":"wp","href":"https:\/\/api.w.org\/{rel}","templated":true}]}}