{"id":4640,"date":"2025-01-22T12:28:12","date_gmt":"2025-01-22T12:28:12","guid":{"rendered":"https:\/\/limit-tools.com\/product\/avstandsmatare-limit-ldm-40\/"},"modified":"2025-01-22T12:28:12","modified_gmt":"2025-01-22T12:28:12","slug":"avstandsmatare-limit-ldm-40","status":"publish","type":"product","link":"https:\/\/limit-tools.com\/sv\/product\/avstandsmatare-limit-ldm-40\/","title":{"rendered":"AVST\u00c5NDSM\u00c4TARE LIMIT LDM 40"},"content":{"rendered":"<p>Limit LDM 40 \u00e4r en robust kompakt laseravst\u00e5ndsm\u00e4tare gjord f\u00f6r professionell anv\u00e4ndning. M\u00e4ter upp till 40 meter och den \u00e4r enkel att ta med sig i v\u00e4ska eller ficka. Snabb svarstid. H\u00f6g noggrannhet om \u00b1 2 mm. Belyst display. Enkel punk till punkt m\u00e4tning, Area- och volymm\u00e4tning, Pythagorasm\u00e4tning, Kontinuerlig m\u00e4tningsfunktion (tracking). Addition och subtraktion samt enkel inspelningsfunktion. Omst\u00e4llbar referenspunkt fr\u00e5n framkant, mitten eller bakkant. Omst\u00e4llbar mellan meter, fot och tum.<br \/>\nAutomatisk avst\u00e4ngning.<br \/>\n Levereras med f\u00f6rvaringsv\u00e4ska och handrem. Batterier ing\u00e5r.<\/p>\n","protected":false},"excerpt":{"rendered":"Limit LDM 40 \u00e4r en robust kompakt laseravst\u00e5ndsm\u00e4tare gjord f\u00f6r professionell anv\u00e4ndning. M\u00e4ter upp till 40 meter och den \u00e4r [&hellip;]","protected":false},"featured_media":0,"comment_status":"closed","ping_status":"closed","template":"","meta":{"_acf_changed":false},"product_cat":[284,439],"product_tag":[],"class_list":{"0":"post-4640","1":"product","2":"type-product","3":"status-publish","5":"product_cat-laserinstrument-sv","6":"product_cat-avstandsmatare-sv","8":"first","9":"instock","10":"shipping-taxable","11":"product-type-simple"},"acf":[],"yoast_head":"<!-- This site is optimized with the Yoast SEO plugin v23.4 - https:\/\/yoast.com\/wordpress\/plugins\/seo\/ -->\n<title>AVST\u00c5NDSM\u00c4TARE LIMIT LDM 40 - Precision measuring instruments | Limit<\/title>\n<meta name=\"robots\" content=\"index, follow, max-snippet:-1, max-image-preview:large, max-video-preview:-1\" \/>\n<link rel=\"canonical\" href=\"https:\/\/limit-tools.com\/sv\/product\/avstandsmatare-limit-ldm-40\/\" \/>\n<meta property=\"og:locale\" content=\"sv_SE\" \/>\n<meta property=\"og:type\" content=\"article\" \/>\n<meta property=\"og:title\" content=\"AVST\u00c5NDSM\u00c4TARE LIMIT LDM 40 - Precision measuring instruments | Limit\" \/>\n<meta property=\"og:description\" content=\"Limit LDM 40 \u00e4r en robust kompakt laseravst\u00e5ndsm\u00e4tare gjord f\u00f6r professionell anv\u00e4ndning. M\u00e4ter upp till 40 meter och den \u00e4r [&hellip;]\" \/>\n<meta property=\"og:url\" content=\"https:\/\/limit-tools.com\/sv\/product\/avstandsmatare-limit-ldm-40\/\" \/>\n<meta property=\"og:site_name\" content=\"Precision measuring instruments | Limit\" \/>\n<meta property=\"article:publisher\" content=\"https:\/\/www.facebook.com\/limittools\/\" \/>\n<meta name=\"twitter:card\" content=\"summary_large_image\" \/>\n<script type=\"application\/ld+json\" class=\"yoast-schema-graph\">{\"@context\":\"https:\/\/schema.org\",\"@graph\":[{\"@type\":\"WebPage\",\"@id\":\"https:\/\/limit-tools.com\/sv\/product\/avstandsmatare-limit-ldm-40\/\",\"url\":\"https:\/\/limit-tools.com\/sv\/product\/avstandsmatare-limit-ldm-40\/\",\"name\":\"AVST\u00c5NDSM\u00c4TARE LIMIT LDM 40 - Precision measuring instruments | Limit\",\"isPartOf\":{\"@id\":\"https:\/\/limit-tools.com\/pl\/#website\"},\"datePublished\":\"2025-01-22T12:28:12+00:00\",\"dateModified\":\"2025-01-22T12:28:12+00:00\",\"breadcrumb\":{\"@id\":\"https:\/\/limit-tools.com\/sv\/product\/avstandsmatare-limit-ldm-40\/#breadcrumb\"},\"inLanguage\":\"sv-SE\",\"potentialAction\":[{\"@type\":\"ReadAction\",\"target\":[\"https:\/\/limit-tools.com\/sv\/product\/avstandsmatare-limit-ldm-40\/\"]}]},{\"@type\":\"BreadcrumbList\",\"@id\":\"https:\/\/limit-tools.com\/sv\/product\/avstandsmatare-limit-ldm-40\/#breadcrumb\",\"itemListElement\":[{\"@type\":\"ListItem\",\"position\":1,\"name\":\"Products\",\"item\":\"https:\/\/limit-tools.com\/pl\/products\/\"},{\"@type\":\"ListItem\",\"position\":2,\"name\":\"AVST\u00c5NDSM\u00c4TARE LIMIT LDM 40\"}]},{\"@type\":\"WebSite\",\"@id\":\"https:\/\/limit-tools.com\/pl\/#website\",\"url\":\"https:\/\/limit-tools.com\/pl\/\",\"name\":\"Precision measuring instruments | Limit\",\"description\":\"Everything can be measured\",\"potentialAction\":[{\"@type\":\"SearchAction\",\"target\":{\"@type\":\"EntryPoint\",\"urlTemplate\":\"https:\/\/limit-tools.com\/pl\/?s={search_term_string}\"},\"query-input\":{\"@type\":\"PropertyValueSpecification\",\"valueRequired\":true,\"valueName\":\"search_term_string\"}}],\"inLanguage\":\"sv-SE\"}]}<\/script>\n<!-- \/ Yoast SEO plugin. -->","yoast_head_json":{"title":"AVST\u00c5NDSM\u00c4TARE LIMIT LDM 40 - Precision measuring instruments | Limit","robots":{"index":"index","follow":"follow","max-snippet":"max-snippet:-1","max-image-preview":"max-image-preview:large","max-video-preview":"max-video-preview:-1"},"canonical":"https:\/\/limit-tools.com\/sv\/product\/avstandsmatare-limit-ldm-40\/","og_locale":"sv_SE","og_type":"article","og_title":"AVST\u00c5NDSM\u00c4TARE LIMIT LDM 40 - Precision measuring instruments | Limit","og_description":"Limit LDM 40 \u00e4r en robust kompakt laseravst\u00e5ndsm\u00e4tare gjord f\u00f6r professionell anv\u00e4ndning. M\u00e4ter upp till 40 meter och den \u00e4r [&hellip;]","og_url":"https:\/\/limit-tools.com\/sv\/product\/avstandsmatare-limit-ldm-40\/","og_site_name":"Precision measuring instruments | Limit","article_publisher":"https:\/\/www.facebook.com\/limittools\/","twitter_card":"summary_large_image","schema":{"@context":"https:\/\/schema.org","@graph":[{"@type":"WebPage","@id":"https:\/\/limit-tools.com\/sv\/product\/avstandsmatare-limit-ldm-40\/","url":"https:\/\/limit-tools.com\/sv\/product\/avstandsmatare-limit-ldm-40\/","name":"AVST\u00c5NDSM\u00c4TARE LIMIT LDM 40 - Precision measuring instruments | Limit","isPartOf":{"@id":"https:\/\/limit-tools.com\/pl\/#website"},"datePublished":"2025-01-22T12:28:12+00:00","dateModified":"2025-01-22T12:28:12+00:00","breadcrumb":{"@id":"https:\/\/limit-tools.com\/sv\/product\/avstandsmatare-limit-ldm-40\/#breadcrumb"},"inLanguage":"sv-SE","potentialAction":[{"@type":"ReadAction","target":["https:\/\/limit-tools.com\/sv\/product\/avstandsmatare-limit-ldm-40\/"]}]},{"@type":"BreadcrumbList","@id":"https:\/\/limit-tools.com\/sv\/product\/avstandsmatare-limit-ldm-40\/#breadcrumb","itemListElement":[{"@type":"ListItem","position":1,"name":"Products","item":"https:\/\/limit-tools.com\/pl\/products\/"},{"@type":"ListItem","position":2,"name":"AVST\u00c5NDSM\u00c4TARE LIMIT LDM 40"}]},{"@type":"WebSite","@id":"https:\/\/limit-tools.com\/pl\/#website","url":"https:\/\/limit-tools.com\/pl\/","name":"Precision measuring instruments | Limit","description":"Everything can be measured","potentialAction":[{"@type":"SearchAction","target":{"@type":"EntryPoint","urlTemplate":"https:\/\/limit-tools.com\/pl\/?s={search_term_string}"},"query-input":{"@type":"PropertyValueSpecification","valueRequired":true,"valueName":"search_term_string"}}],"inLanguage":"sv-SE"}]}},"_links":{"self":[{"href":"https:\/\/limit-tools.com\/sv\/wp-json\/wp\/v2\/product\/4640"}],"collection":[{"href":"https:\/\/limit-tools.com\/sv\/wp-json\/wp\/v2\/product"}],"about":[{"href":"https:\/\/limit-tools.com\/sv\/wp-json\/wp\/v2\/types\/product"}],"replies":[{"embeddable":true,"href":"https:\/\/limit-tools.com\/sv\/wp-json\/wp\/v2\/comments?post=4640"}],"wp:attachment":[{"href":"https:\/\/limit-tools.com\/sv\/wp-json\/wp\/v2\/media?parent=4640"}],"wp:term":[{"taxonomy":"product_cat","embeddable":true,"href":"https:\/\/limit-tools.com\/sv\/wp-json\/wp\/v2\/product_cat?post=4640"},{"taxonomy":"product_tag","embeddable":true,"href":"https:\/\/limit-tools.com\/sv\/wp-json\/wp\/v2\/product_tag?post=4640"}],"curies":[{"name":"wp","href":"https:\/\/api.w.org\/{rel}","templated":true}]}}