{"id":3339,"date":"2025-04-08T00:05:03","date_gmt":"2025-04-08T00:05:03","guid":{"rendered":"https:\/\/limit-tools.com\/product\/bokstavsstampel-24438-20mm\/"},"modified":"2025-04-08T00:05:03","modified_gmt":"2025-04-08T00:05:03","slug":"bokstavsstampel-24438-20mm","status":"publish","type":"product","link":"https:\/\/limit-tools.com\/sv\/product\/bokstavsstampel-24438-20mm\/","title":{"rendered":"BOKSTAVSST\u00c4MPEL 24438-20MM"},"content":{"rendered":"<p>Stora st\u00e4mplar f\u00f6r st\u00e5l och metall. 27 bokstavsst\u00e4mplar A-Z och &amp;-tecken. F\u00f6r st\u00e4mpling i material med dragh\u00e5llfastighet upp till 150 kp\/mm\u00b2. Tillverkade i h\u00e4rdat verktygsst\u00e5l och packade i plastl\u00e5da.<br \/>\nCNC-tillverkad f\u00f6r h\u00f6gsta precision.<br \/>\nSymboler enligt DIN 1451 (smal)<br \/>\nH\u00e4rdade  i gravyrsidan enligt 58-61 HRC<br \/>\nLevereras i en stark slagt\u00e5lig plastl\u00e5da<br \/>\nL\u00f6sa st\u00e4mplar g\u00e5r att k\u00f6pa mixat, dock minst 5st \/ order.<\/p>\n","protected":false},"excerpt":{"rendered":"Stora st\u00e4mplar f\u00f6r st\u00e5l och metall. 27 bokstavsst\u00e4mplar A-Z och &amp;-tecken. F\u00f6r st\u00e4mpling i material med dragh\u00e5llfastighet upp till 150 [&hellip;]","protected":false},"featured_media":0,"comment_status":"closed","ping_status":"closed","template":"","meta":{"_acf_changed":false},"product_cat":[249,265],"product_tag":[],"class_list":{"0":"post-3339","1":"product","2":"type-product","3":"status-publish","5":"product_cat-verkstadsmat-sv","6":"product_cat-stamplar-sv","8":"first","9":"instock","10":"shipping-taxable","11":"product-type-simple"},"acf":[],"yoast_head":"<!-- This site is optimized with the Yoast SEO plugin v23.4 - https:\/\/yoast.com\/wordpress\/plugins\/seo\/ -->\n<title>BOKSTAVSST\u00c4MPEL 24438-20MM - Precision measuring instruments | Limit<\/title>\n<meta name=\"robots\" content=\"index, follow, max-snippet:-1, max-image-preview:large, max-video-preview:-1\" \/>\n<link rel=\"canonical\" href=\"https:\/\/limit-tools.com\/sv\/product\/bokstavsstampel-24438-20mm\/\" \/>\n<meta property=\"og:locale\" content=\"sv_SE\" \/>\n<meta property=\"og:type\" content=\"article\" \/>\n<meta property=\"og:title\" content=\"BOKSTAVSST\u00c4MPEL 24438-20MM - Precision measuring instruments | Limit\" \/>\n<meta property=\"og:description\" content=\"Stora st\u00e4mplar f\u00f6r st\u00e5l och metall. 27 bokstavsst\u00e4mplar A-Z och &amp;-tecken. F\u00f6r st\u00e4mpling i material med dragh\u00e5llfastighet upp till 150 [&hellip;]\" \/>\n<meta property=\"og:url\" content=\"https:\/\/limit-tools.com\/sv\/product\/bokstavsstampel-24438-20mm\/\" \/>\n<meta property=\"og:site_name\" content=\"Precision measuring instruments | Limit\" \/>\n<meta property=\"article:publisher\" content=\"https:\/\/www.facebook.com\/limittools\/\" \/>\n<meta name=\"twitter:card\" content=\"summary_large_image\" \/>\n<script type=\"application\/ld+json\" class=\"yoast-schema-graph\">{\"@context\":\"https:\/\/schema.org\",\"@graph\":[{\"@type\":\"WebPage\",\"@id\":\"https:\/\/limit-tools.com\/sv\/product\/bokstavsstampel-24438-20mm\/\",\"url\":\"https:\/\/limit-tools.com\/sv\/product\/bokstavsstampel-24438-20mm\/\",\"name\":\"BOKSTAVSST\u00c4MPEL 24438-20MM - Precision measuring instruments | Limit\",\"isPartOf\":{\"@id\":\"https:\/\/limit-tools.com\/pl\/#website\"},\"datePublished\":\"2025-04-08T00:05:03+00:00\",\"dateModified\":\"2025-04-08T00:05:03+00:00\",\"breadcrumb\":{\"@id\":\"https:\/\/limit-tools.com\/sv\/product\/bokstavsstampel-24438-20mm\/#breadcrumb\"},\"inLanguage\":\"sv-SE\",\"potentialAction\":[{\"@type\":\"ReadAction\",\"target\":[\"https:\/\/limit-tools.com\/sv\/product\/bokstavsstampel-24438-20mm\/\"]}]},{\"@type\":\"BreadcrumbList\",\"@id\":\"https:\/\/limit-tools.com\/sv\/product\/bokstavsstampel-24438-20mm\/#breadcrumb\",\"itemListElement\":[{\"@type\":\"ListItem\",\"position\":1,\"name\":\"Products\",\"item\":\"https:\/\/limit-tools.com\/pl\/products\/\"},{\"@type\":\"ListItem\",\"position\":2,\"name\":\"BOKSTAVSST\u00c4MPEL 24438-20MM\"}]},{\"@type\":\"WebSite\",\"@id\":\"https:\/\/limit-tools.com\/pl\/#website\",\"url\":\"https:\/\/limit-tools.com\/pl\/\",\"name\":\"Precision measuring instruments | Limit\",\"description\":\"Everything can be measured\",\"potentialAction\":[{\"@type\":\"SearchAction\",\"target\":{\"@type\":\"EntryPoint\",\"urlTemplate\":\"https:\/\/limit-tools.com\/pl\/?s={search_term_string}\"},\"query-input\":{\"@type\":\"PropertyValueSpecification\",\"valueRequired\":true,\"valueName\":\"search_term_string\"}}],\"inLanguage\":\"sv-SE\"}]}<\/script>\n<!-- \/ Yoast SEO plugin. -->","yoast_head_json":{"title":"BOKSTAVSST\u00c4MPEL 24438-20MM - Precision measuring instruments | Limit","robots":{"index":"index","follow":"follow","max-snippet":"max-snippet:-1","max-image-preview":"max-image-preview:large","max-video-preview":"max-video-preview:-1"},"canonical":"https:\/\/limit-tools.com\/sv\/product\/bokstavsstampel-24438-20mm\/","og_locale":"sv_SE","og_type":"article","og_title":"BOKSTAVSST\u00c4MPEL 24438-20MM - Precision measuring instruments | Limit","og_description":"Stora st\u00e4mplar f\u00f6r st\u00e5l och metall. 27 bokstavsst\u00e4mplar A-Z och &amp;-tecken. F\u00f6r st\u00e4mpling i material med dragh\u00e5llfastighet upp till 150 [&hellip;]","og_url":"https:\/\/limit-tools.com\/sv\/product\/bokstavsstampel-24438-20mm\/","og_site_name":"Precision measuring instruments | Limit","article_publisher":"https:\/\/www.facebook.com\/limittools\/","twitter_card":"summary_large_image","schema":{"@context":"https:\/\/schema.org","@graph":[{"@type":"WebPage","@id":"https:\/\/limit-tools.com\/sv\/product\/bokstavsstampel-24438-20mm\/","url":"https:\/\/limit-tools.com\/sv\/product\/bokstavsstampel-24438-20mm\/","name":"BOKSTAVSST\u00c4MPEL 24438-20MM - Precision measuring instruments | Limit","isPartOf":{"@id":"https:\/\/limit-tools.com\/pl\/#website"},"datePublished":"2025-04-08T00:05:03+00:00","dateModified":"2025-04-08T00:05:03+00:00","breadcrumb":{"@id":"https:\/\/limit-tools.com\/sv\/product\/bokstavsstampel-24438-20mm\/#breadcrumb"},"inLanguage":"sv-SE","potentialAction":[{"@type":"ReadAction","target":["https:\/\/limit-tools.com\/sv\/product\/bokstavsstampel-24438-20mm\/"]}]},{"@type":"BreadcrumbList","@id":"https:\/\/limit-tools.com\/sv\/product\/bokstavsstampel-24438-20mm\/#breadcrumb","itemListElement":[{"@type":"ListItem","position":1,"name":"Products","item":"https:\/\/limit-tools.com\/pl\/products\/"},{"@type":"ListItem","position":2,"name":"BOKSTAVSST\u00c4MPEL 24438-20MM"}]},{"@type":"WebSite","@id":"https:\/\/limit-tools.com\/pl\/#website","url":"https:\/\/limit-tools.com\/pl\/","name":"Precision measuring instruments | Limit","description":"Everything can be measured","potentialAction":[{"@type":"SearchAction","target":{"@type":"EntryPoint","urlTemplate":"https:\/\/limit-tools.com\/pl\/?s={search_term_string}"},"query-input":{"@type":"PropertyValueSpecification","valueRequired":true,"valueName":"search_term_string"}}],"inLanguage":"sv-SE"}]}},"_links":{"self":[{"href":"https:\/\/limit-tools.com\/sv\/wp-json\/wp\/v2\/product\/3339"}],"collection":[{"href":"https:\/\/limit-tools.com\/sv\/wp-json\/wp\/v2\/product"}],"about":[{"href":"https:\/\/limit-tools.com\/sv\/wp-json\/wp\/v2\/types\/product"}],"replies":[{"embeddable":true,"href":"https:\/\/limit-tools.com\/sv\/wp-json\/wp\/v2\/comments?post=3339"}],"wp:attachment":[{"href":"https:\/\/limit-tools.com\/sv\/wp-json\/wp\/v2\/media?parent=3339"}],"wp:term":[{"taxonomy":"product_cat","embeddable":true,"href":"https:\/\/limit-tools.com\/sv\/wp-json\/wp\/v2\/product_cat?post=3339"},{"taxonomy":"product_tag","embeddable":true,"href":"https:\/\/limit-tools.com\/sv\/wp-json\/wp\/v2\/product_tag?post=3339"}],"curies":[{"name":"wp","href":"https:\/\/api.w.org\/{rel}","templated":true}]}}