{"id":2925,"date":"2025-12-05T00:04:35","date_gmt":"2025-12-05T00:04:35","guid":{"rendered":"https:\/\/limit-tools.com\/product\/roterande-laser-1210-hv\/"},"modified":"2025-12-05T00:04:35","modified_gmt":"2025-12-05T00:04:35","slug":"roterande-laser-1210-hv","status":"publish","type":"product","link":"https:\/\/limit-tools.com\/sv\/product\/roterande-laser-1210-hv\/","title":{"rendered":"ROTERANDE LASER 1210 HV"},"content":{"rendered":"<p>Roterande r\u00f6d laser mest l\u00e4mpad f\u00f6r inomhusanv\u00e4ndning. Automatisk sj\u00e4lvnivellering b\u00e5de horisontellt och vertikalt med m\u00f6jlighet till manuell fallinst\u00e4llning i ett plan. Scanningsfunktion med inst\u00e4llbar scanningsvinkel. Tiltfunktion varvid instrumentet m\u00e5ste manuellt omstartas efter att instrumentet rubbats fr\u00e5n sin ursprungliga niv\u00e5. Fj\u00e4rrkontrollen kan justera lutning, rotationshastighet, scanningsvinkeln samt att vrida scanningsomr\u00e5det i b\u00e5da riktningarna. Lasermottagare med dubbla indikeringsf\u00f6nster, displaybelysning, justerbar ljudsignal, fin alternativ grov noggrannhet. Instrumentet kan kalibreras enligt bruksanvisning. Laserdiod klass 2M, 1mw 635 nm. Kapslingsklass IP54. Fj\u00e4rrkontrollen har en r\u00e4ckvidd p\u00e5 30 meter.<br \/>\nLevereras i h\u00e5rd plastv\u00e4ska med fj\u00e4rrkontroll, lasermottagare och h\u00e5llare, reflektortavla, uppladdningsbart batteripack med laddare samt bruksanvisning.<\/p>\n","protected":false},"excerpt":{"rendered":"Roterande r\u00f6d laser mest l\u00e4mpad f\u00f6r inomhusanv\u00e4ndning. Automatisk sj\u00e4lvnivellering b\u00e5de horisontellt och vertikalt med m\u00f6jlighet till manuell fallinst\u00e4llning i ett [&hellip;]","protected":false},"featured_media":0,"comment_status":"closed","ping_status":"closed","template":"","meta":{"_acf_changed":false},"product_cat":[284,318],"product_tag":[],"class_list":{"0":"post-2925","1":"product","2":"type-product","3":"status-publish","5":"product_cat-laserinstrument-sv","6":"product_cat-roterande-laser-sv","8":"first","9":"instock","10":"shipping-taxable","11":"product-type-simple"},"acf":[],"yoast_head":"<!-- This site is optimized with the Yoast SEO plugin v23.4 - https:\/\/yoast.com\/wordpress\/plugins\/seo\/ -->\n<title>ROTERANDE LASER 1210 HV - Precision measuring instruments | Limit<\/title>\n<meta name=\"robots\" content=\"index, follow, max-snippet:-1, max-image-preview:large, max-video-preview:-1\" \/>\n<link rel=\"canonical\" href=\"https:\/\/limit-tools.com\/sv\/product\/roterande-laser-1210-hv\/\" \/>\n<meta property=\"og:locale\" content=\"sv_SE\" \/>\n<meta property=\"og:type\" content=\"article\" \/>\n<meta property=\"og:title\" content=\"ROTERANDE LASER 1210 HV - Precision measuring instruments | Limit\" \/>\n<meta property=\"og:description\" content=\"Roterande r\u00f6d laser mest l\u00e4mpad f\u00f6r inomhusanv\u00e4ndning. Automatisk sj\u00e4lvnivellering b\u00e5de horisontellt och vertikalt med m\u00f6jlighet till manuell fallinst\u00e4llning i ett [&hellip;]\" \/>\n<meta property=\"og:url\" content=\"https:\/\/limit-tools.com\/sv\/product\/roterande-laser-1210-hv\/\" \/>\n<meta property=\"og:site_name\" content=\"Precision measuring instruments | Limit\" \/>\n<meta property=\"article:publisher\" content=\"https:\/\/www.facebook.com\/limittools\/\" \/>\n<meta name=\"twitter:card\" content=\"summary_large_image\" \/>\n<meta name=\"twitter:label1\" content=\"Ber\u00e4knad l\u00e4stid\" \/>\n\t<meta name=\"twitter:data1\" content=\"1 minut\" \/>\n<script type=\"application\/ld+json\" class=\"yoast-schema-graph\">{\"@context\":\"https:\/\/schema.org\",\"@graph\":[{\"@type\":\"WebPage\",\"@id\":\"https:\/\/limit-tools.com\/sv\/product\/roterande-laser-1210-hv\/\",\"url\":\"https:\/\/limit-tools.com\/sv\/product\/roterande-laser-1210-hv\/\",\"name\":\"ROTERANDE LASER 1210 HV - Precision measuring instruments | Limit\",\"isPartOf\":{\"@id\":\"https:\/\/limit-tools.com\/pl\/#website\"},\"datePublished\":\"2025-12-05T00:04:35+00:00\",\"dateModified\":\"2025-12-05T00:04:35+00:00\",\"breadcrumb\":{\"@id\":\"https:\/\/limit-tools.com\/sv\/product\/roterande-laser-1210-hv\/#breadcrumb\"},\"inLanguage\":\"sv-SE\",\"potentialAction\":[{\"@type\":\"ReadAction\",\"target\":[\"https:\/\/limit-tools.com\/sv\/product\/roterande-laser-1210-hv\/\"]}]},{\"@type\":\"BreadcrumbList\",\"@id\":\"https:\/\/limit-tools.com\/sv\/product\/roterande-laser-1210-hv\/#breadcrumb\",\"itemListElement\":[{\"@type\":\"ListItem\",\"position\":1,\"name\":\"Products\",\"item\":\"https:\/\/limit-tools.com\/pl\/products\/\"},{\"@type\":\"ListItem\",\"position\":2,\"name\":\"ROTERANDE LASER 1210 HV\"}]},{\"@type\":\"WebSite\",\"@id\":\"https:\/\/limit-tools.com\/pl\/#website\",\"url\":\"https:\/\/limit-tools.com\/pl\/\",\"name\":\"Precision measuring instruments | Limit\",\"description\":\"Everything can be measured\",\"potentialAction\":[{\"@type\":\"SearchAction\",\"target\":{\"@type\":\"EntryPoint\",\"urlTemplate\":\"https:\/\/limit-tools.com\/pl\/?s={search_term_string}\"},\"query-input\":{\"@type\":\"PropertyValueSpecification\",\"valueRequired\":true,\"valueName\":\"search_term_string\"}}],\"inLanguage\":\"sv-SE\"}]}<\/script>\n<!-- \/ Yoast SEO plugin. -->","yoast_head_json":{"title":"ROTERANDE LASER 1210 HV - Precision measuring instruments | Limit","robots":{"index":"index","follow":"follow","max-snippet":"max-snippet:-1","max-image-preview":"max-image-preview:large","max-video-preview":"max-video-preview:-1"},"canonical":"https:\/\/limit-tools.com\/sv\/product\/roterande-laser-1210-hv\/","og_locale":"sv_SE","og_type":"article","og_title":"ROTERANDE LASER 1210 HV - Precision measuring instruments | Limit","og_description":"Roterande r\u00f6d laser mest l\u00e4mpad f\u00f6r inomhusanv\u00e4ndning. Automatisk sj\u00e4lvnivellering b\u00e5de horisontellt och vertikalt med m\u00f6jlighet till manuell fallinst\u00e4llning i ett [&hellip;]","og_url":"https:\/\/limit-tools.com\/sv\/product\/roterande-laser-1210-hv\/","og_site_name":"Precision measuring instruments | Limit","article_publisher":"https:\/\/www.facebook.com\/limittools\/","twitter_card":"summary_large_image","twitter_misc":{"Ber\u00e4knad l\u00e4stid":"1 minut"},"schema":{"@context":"https:\/\/schema.org","@graph":[{"@type":"WebPage","@id":"https:\/\/limit-tools.com\/sv\/product\/roterande-laser-1210-hv\/","url":"https:\/\/limit-tools.com\/sv\/product\/roterande-laser-1210-hv\/","name":"ROTERANDE LASER 1210 HV - Precision measuring instruments | Limit","isPartOf":{"@id":"https:\/\/limit-tools.com\/pl\/#website"},"datePublished":"2025-12-05T00:04:35+00:00","dateModified":"2025-12-05T00:04:35+00:00","breadcrumb":{"@id":"https:\/\/limit-tools.com\/sv\/product\/roterande-laser-1210-hv\/#breadcrumb"},"inLanguage":"sv-SE","potentialAction":[{"@type":"ReadAction","target":["https:\/\/limit-tools.com\/sv\/product\/roterande-laser-1210-hv\/"]}]},{"@type":"BreadcrumbList","@id":"https:\/\/limit-tools.com\/sv\/product\/roterande-laser-1210-hv\/#breadcrumb","itemListElement":[{"@type":"ListItem","position":1,"name":"Products","item":"https:\/\/limit-tools.com\/pl\/products\/"},{"@type":"ListItem","position":2,"name":"ROTERANDE LASER 1210 HV"}]},{"@type":"WebSite","@id":"https:\/\/limit-tools.com\/pl\/#website","url":"https:\/\/limit-tools.com\/pl\/","name":"Precision measuring instruments | Limit","description":"Everything can be measured","potentialAction":[{"@type":"SearchAction","target":{"@type":"EntryPoint","urlTemplate":"https:\/\/limit-tools.com\/pl\/?s={search_term_string}"},"query-input":{"@type":"PropertyValueSpecification","valueRequired":true,"valueName":"search_term_string"}}],"inLanguage":"sv-SE"}]}},"_links":{"self":[{"href":"https:\/\/limit-tools.com\/sv\/wp-json\/wp\/v2\/product\/2925"}],"collection":[{"href":"https:\/\/limit-tools.com\/sv\/wp-json\/wp\/v2\/product"}],"about":[{"href":"https:\/\/limit-tools.com\/sv\/wp-json\/wp\/v2\/types\/product"}],"replies":[{"embeddable":true,"href":"https:\/\/limit-tools.com\/sv\/wp-json\/wp\/v2\/comments?post=2925"}],"wp:attachment":[{"href":"https:\/\/limit-tools.com\/sv\/wp-json\/wp\/v2\/media?parent=2925"}],"wp:term":[{"taxonomy":"product_cat","embeddable":true,"href":"https:\/\/limit-tools.com\/sv\/wp-json\/wp\/v2\/product_cat?post=2925"},{"taxonomy":"product_tag","embeddable":true,"href":"https:\/\/limit-tools.com\/sv\/wp-json\/wp\/v2\/product_tag?post=2925"}],"curies":[{"name":"wp","href":"https:\/\/api.w.org\/{rel}","templated":true}]}}