{"id":5170,"date":"2022-09-12T11:29:18","date_gmt":"2022-09-12T11:29:18","guid":{"rendered":"https:\/\/limit-tools.com\/?page_id=5170"},"modified":"2023-01-17T13:53:21","modified_gmt":"2023-01-17T13:53:21","slug":"mjukvara-for-utrustning","status":"publish","type":"page","link":"https:\/\/limit-tools.com\/sv\/mjukvara-for-utrustning\/","title":{"rendered":"Product Software"},"content":{"rendered":"<div class=\"wpb-content-wrapper\"><p>[vc_row full_width=&#8221;stretch_row_content_no_spaces&#8221;][vc_column]\n            <div class=\"block block--promo align-left size-default text-default with-image\">\n                <div class=\"promo promo--dark\">\n                    <div class=\"promo__image\">\n                        <img decoding=\"async\" src=\"https:\/\/limit-tools.com\/wp-content\/uploads\/2022\/09\/153220116_P1-1.png\" alt=\"Avl\u00e4sning och analys av data i realtid\"\/>\n                    <\/div>\n                    <div class=\"promo-content promo-content--dark\">\n                        <h3 class=\"promo__subtitle\">MULTIMETER LIMIT DM 620<\/h3>\n                        <h2 class=\"promo__title\">Avl\u00e4sning och analys av data i realtid<\/h2>\n                        <div class=\"promo__text\">Denna mjukvara erbjuder dig m\u00f6jligheten att kunna \u00f6verf\u00f6ra data till en dator s\u00e5 att du kan l\u00e4sa av och analysera m\u00e4tningar i realtid!<br \/>\nFunkar f\u00f6r: Limit multimeter 620, art: Nr 15322-0116<\/div><a href=\"https:\/\/limit-tools.com\/wp-content\/uploads\/2022\/09\/Software-Multimeter-Limit.zip\" class=\"promo__action btn\">Ladda ner<\/a><\/div>\n                <\/div>\n            <\/div>\n            <div class=\"block block--promo align-left size-default text-default with-image\">\n                <div class=\"promo promo--white\">\n                    <div class=\"promo__image\">\n                        <img decoding=\"async\" src=\"https:\/\/limit-tools.com\/wp-content\/uploads\/2023\/01\/Limit98-IR-Thermometer.jpeg\" alt=\"IR-TERMOMETER LIMIT 98\"\/>\n                    <\/div>\n                    <div class=\"promo-content promo-content--white\">\n                        <h3 class=\"promo__subtitle\"><\/h3>\n                        <h2 class=\"promo__title\">IR-TERMOMETER LIMIT 98<\/h2>\n                        <div class=\"promo__text\">Funkar f\u00f6r: IR-TERMOMETER LIMIT 98, art: Nr 272840406<\/div><a href=\"https:\/\/limit-tools.com\/wp-content\/uploads\/2023\/01\/IR-Thermometer-v2.3.1-DISK1.zip\" class=\"promo__action btn\">Ladda ner<\/a><\/div>\n                <\/div>\n            <\/div>[\/vc_column][\/vc_row]<\/p>\n<\/div>","protected":false},"excerpt":{"rendered":"[vc_row full_width=&#8221;stretch_row_content_no_spaces&#8221;][vc_column][\/vc_column][\/vc_row]","protected":false},"author":6,"featured_media":0,"parent":0,"menu_order":0,"comment_status":"closed","ping_status":"closed","template":"","meta":{"_acf_changed":false,"footnotes":""},"class_list":["post-5170","page","type-page","status-publish","hentry"],"acf":[],"yoast_head":"<!-- This site is optimized with the Yoast SEO plugin v23.4 - https:\/\/yoast.com\/wordpress\/plugins\/seo\/ -->\n<title>Product Software - Precision measuring instruments | Limit<\/title>\n<meta name=\"robots\" content=\"index, follow, max-snippet:-1, max-image-preview:large, max-video-preview:-1\" \/>\n<link rel=\"canonical\" href=\"https:\/\/limit-tools.com\/sv\/mjukvara-for-utrustning\/\" \/>\n<meta property=\"og:locale\" content=\"sv_SE\" \/>\n<meta property=\"og:type\" content=\"article\" \/>\n<meta property=\"og:title\" content=\"Product Software - Precision measuring instruments | Limit\" \/>\n<meta property=\"og:description\" content=\"[vc_row full_width=&#8221;stretch_row_content_no_spaces&#8221;][vc_column][\/vc_column][\/vc_row]\" \/>\n<meta property=\"og:url\" content=\"https:\/\/limit-tools.com\/sv\/mjukvara-for-utrustning\/\" \/>\n<meta property=\"og:site_name\" content=\"Precision measuring instruments | Limit\" \/>\n<meta property=\"article:publisher\" content=\"https:\/\/www.facebook.com\/limittools\/\" \/>\n<meta property=\"article:modified_time\" content=\"2023-01-17T13:53:21+00:00\" \/>\n<meta name=\"twitter:card\" content=\"summary_large_image\" \/>\n<meta name=\"twitter:label1\" content=\"Ber\u00e4knad l\u00e4stid\" \/>\n\t<meta name=\"twitter:data1\" content=\"1 minut\" \/>\n<script type=\"application\/ld+json\" class=\"yoast-schema-graph\">{\"@context\":\"https:\/\/schema.org\",\"@graph\":[{\"@type\":\"WebPage\",\"@id\":\"https:\/\/limit-tools.com\/sv\/mjukvara-for-utrustning\/\",\"url\":\"https:\/\/limit-tools.com\/sv\/mjukvara-for-utrustning\/\",\"name\":\"Product Software - Precision measuring instruments | Limit\",\"isPartOf\":{\"@id\":\"https:\/\/limit-tools.com\/pl\/#website\"},\"datePublished\":\"2022-09-12T11:29:18+00:00\",\"dateModified\":\"2023-01-17T13:53:21+00:00\",\"inLanguage\":\"sv-SE\",\"potentialAction\":[{\"@type\":\"ReadAction\",\"target\":[\"https:\/\/limit-tools.com\/sv\/mjukvara-for-utrustning\/\"]}]},{\"@type\":\"WebSite\",\"@id\":\"https:\/\/limit-tools.com\/pl\/#website\",\"url\":\"https:\/\/limit-tools.com\/pl\/\",\"name\":\"Precision measuring instruments | Limit\",\"description\":\"Everything can be measured\",\"potentialAction\":[{\"@type\":\"SearchAction\",\"target\":{\"@type\":\"EntryPoint\",\"urlTemplate\":\"https:\/\/limit-tools.com\/pl\/?s={search_term_string}\"},\"query-input\":{\"@type\":\"PropertyValueSpecification\",\"valueRequired\":true,\"valueName\":\"search_term_string\"}}],\"inLanguage\":\"sv-SE\"}]}<\/script>\n<!-- \/ Yoast SEO plugin. -->","yoast_head_json":{"title":"Product Software - Precision measuring instruments | Limit","robots":{"index":"index","follow":"follow","max-snippet":"max-snippet:-1","max-image-preview":"max-image-preview:large","max-video-preview":"max-video-preview:-1"},"canonical":"https:\/\/limit-tools.com\/sv\/mjukvara-for-utrustning\/","og_locale":"sv_SE","og_type":"article","og_title":"Product Software - Precision measuring instruments | Limit","og_description":"[vc_row full_width=&#8221;stretch_row_content_no_spaces&#8221;][vc_column][\/vc_column][\/vc_row]","og_url":"https:\/\/limit-tools.com\/sv\/mjukvara-for-utrustning\/","og_site_name":"Precision measuring instruments | Limit","article_publisher":"https:\/\/www.facebook.com\/limittools\/","article_modified_time":"2023-01-17T13:53:21+00:00","twitter_card":"summary_large_image","twitter_misc":{"Ber\u00e4knad l\u00e4stid":"1 minut"},"schema":{"@context":"https:\/\/schema.org","@graph":[{"@type":"WebPage","@id":"https:\/\/limit-tools.com\/sv\/mjukvara-for-utrustning\/","url":"https:\/\/limit-tools.com\/sv\/mjukvara-for-utrustning\/","name":"Product Software - Precision measuring instruments | Limit","isPartOf":{"@id":"https:\/\/limit-tools.com\/pl\/#website"},"datePublished":"2022-09-12T11:29:18+00:00","dateModified":"2023-01-17T13:53:21+00:00","inLanguage":"sv-SE","potentialAction":[{"@type":"ReadAction","target":["https:\/\/limit-tools.com\/sv\/mjukvara-for-utrustning\/"]}]},{"@type":"WebSite","@id":"https:\/\/limit-tools.com\/pl\/#website","url":"https:\/\/limit-tools.com\/pl\/","name":"Precision measuring instruments | Limit","description":"Everything can be measured","potentialAction":[{"@type":"SearchAction","target":{"@type":"EntryPoint","urlTemplate":"https:\/\/limit-tools.com\/pl\/?s={search_term_string}"},"query-input":{"@type":"PropertyValueSpecification","valueRequired":true,"valueName":"search_term_string"}}],"inLanguage":"sv-SE"}]}},"_links":{"self":[{"href":"https:\/\/limit-tools.com\/sv\/wp-json\/wp\/v2\/pages\/5170"}],"collection":[{"href":"https:\/\/limit-tools.com\/sv\/wp-json\/wp\/v2\/pages"}],"about":[{"href":"https:\/\/limit-tools.com\/sv\/wp-json\/wp\/v2\/types\/page"}],"author":[{"embeddable":true,"href":"https:\/\/limit-tools.com\/sv\/wp-json\/wp\/v2\/users\/6"}],"replies":[{"embeddable":true,"href":"https:\/\/limit-tools.com\/sv\/wp-json\/wp\/v2\/comments?post=5170"}],"version-history":[{"count":11,"href":"https:\/\/limit-tools.com\/sv\/wp-json\/wp\/v2\/pages\/5170\/revisions"}],"predecessor-version":[{"id":5441,"href":"https:\/\/limit-tools.com\/sv\/wp-json\/wp\/v2\/pages\/5170\/revisions\/5441"}],"wp:attachment":[{"href":"https:\/\/limit-tools.com\/sv\/wp-json\/wp\/v2\/media?parent=5170"}],"curies":[{"name":"wp","href":"https:\/\/api.w.org\/{rel}","templated":true}]}}