{"id":4408,"date":"2020-03-10T10:12:14","date_gmt":"2020-03-10T10:12:14","guid":{"rendered":"https:\/\/limit-tools.com\/?page_id=4408"},"modified":"2020-03-10T10:12:14","modified_gmt":"2020-03-10T10:12:14","slug":"inspektion","status":"publish","type":"page","link":"https:\/\/limit-tools.com\/sv\/tips-and-tricks\/inspektion\/","title":{"rendered":"Inspektion"},"content":{"rendered":"<div class=\"wpb-content-wrapper\"><p>[vc_row][vc_column]\n        <div class=\"block block--chapter\">\n            <div class=\"salvattore salvattore--2col\" data-columns>\n                \n                    <div class=\"salvattore__item chapter\"><div class=\"chapter__image\"><a href=\"https:\/\/limit-tools.com\/sv\/tips-and-tricks\/inspektion\/valj-ratt-inspektionskamera\/\"><img decoding=\"async\" src=\"https:\/\/limit-tools.com\/wp-content\/uploads\/2019\/01\/inspection.jpg\" alt=\"V\u00e4lj r\u00e4tt inspektionskamera\" \/><\/a><\/div><h4 class=\"chapter__title small\">\n                            <a href=\"https:\/\/limit-tools.com\/sv\/tips-and-tricks\/inspektion\/valj-ratt-inspektionskamera\/\">V\u00e4lj r\u00e4tt inspektionskamera<\/a>\n                        <\/h4><p class=\"chapter__description\">Vi hj\u00e4lper dig att v\u00e4lja r\u00e4tt inspektionskamera. Ta reda p\u00e5 den viktigaste informationen h\u00e4r!<\/p><a class=\"btn btn--comp\" href=\"https:\/\/limit-tools.com\/sv\/tips-and-tricks\/inspektion\/valj-ratt-inspektionskamera\/\">L\u00e4s mer<\/a><\/div>\n                    <div class=\"salvattore__item chapter\"><div class=\"chapter__image\"><a href=\"https:\/\/limit-tools.com\/sv\/tips-and-tricks\/inspektion\/sa-inspekterar-man-krypgrund\/\"><img decoding=\"async\" src=\"https:\/\/limit-tools.com\/wp-content\/uploads\/2019\/01\/inspection.jpg\" alt=\"S\u00e5 inspekterar man krypgrund\" \/><\/a><\/div><h4 class=\"chapter__title small\">\n                            <a href=\"https:\/\/limit-tools.com\/sv\/tips-and-tricks\/inspektion\/sa-inspekterar-man-krypgrund\/\">S\u00e5 inspekterar man krypgrund<\/a>\n                        <\/h4><p class=\"chapter__description\">L\u00e4r dig det v\u00e4sentliga kring att inspektera en krypgrund med en inspektionskamera.<\/p><a class=\"btn btn--comp\" href=\"https:\/\/limit-tools.com\/sv\/tips-and-tricks\/inspektion\/sa-inspekterar-man-krypgrund\/\">L\u00e4s mer<\/a><\/div>\n            <\/div>\n        <\/div>[\/vc_column][\/vc_row]<\/p>\n<\/div>","protected":false},"excerpt":{"rendered":"[vc_row][vc_column][\/vc_column][\/vc_row]","protected":false},"author":2,"featured_media":1717,"parent":1268,"menu_order":0,"comment_status":"closed","ping_status":"closed","template":"","meta":{"_acf_changed":false,"footnotes":""},"class_list":["post-4408","page","type-page","status-publish","has-post-thumbnail","hentry"],"acf":[],"yoast_head":"<!-- This site is optimized with the Yoast SEO plugin v23.4 - https:\/\/yoast.com\/wordpress\/plugins\/seo\/ -->\n<title>Inspektion - Precision measuring instruments | Limit<\/title>\n<meta name=\"description\" content=\"\u00c4ven om v\u00e5ra m\u00e4tverktyg inom inspektion \u00e4r enkla och precisa kan det vara sv\u00e5rt att veta hur man anv\u00e4nder de p\u00e5 b\u00e4sta s\u00e4tt. H\u00e4r samlar vi smarta tips kring\" \/>\n<meta name=\"robots\" content=\"index, follow, max-snippet:-1, max-image-preview:large, max-video-preview:-1\" \/>\n<link rel=\"canonical\" href=\"https:\/\/limit-tools.com\/sv\/tips-and-tricks\/inspektion\/\" \/>\n<meta property=\"og:locale\" content=\"sv_SE\" \/>\n<meta property=\"og:type\" content=\"article\" \/>\n<meta property=\"og:title\" content=\"Inspektion - Precision measuring instruments | Limit\" \/>\n<meta property=\"og:description\" content=\"\u00c4ven om v\u00e5ra m\u00e4tverktyg inom inspektion \u00e4r enkla och precisa kan det vara sv\u00e5rt att veta hur man anv\u00e4nder de p\u00e5 b\u00e4sta s\u00e4tt. H\u00e4r samlar vi smarta tips kring\" \/>\n<meta property=\"og:url\" content=\"https:\/\/limit-tools.com\/sv\/tips-and-tricks\/inspektion\/\" \/>\n<meta property=\"og:site_name\" content=\"Precision measuring instruments | Limit\" \/>\n<meta property=\"article:publisher\" content=\"https:\/\/www.facebook.com\/limittools\/\" \/>\n<meta property=\"og:image\" content=\"https:\/\/limit-tools.com\/wp-content\/uploads\/2019\/01\/inspection.jpg\" \/>\n\t<meta property=\"og:image:width\" content=\"640\" \/>\n\t<meta property=\"og:image:height\" content=\"480\" \/>\n\t<meta property=\"og:image:type\" content=\"image\/jpeg\" \/>\n<meta name=\"twitter:card\" content=\"summary_large_image\" \/>\n<script type=\"application\/ld+json\" class=\"yoast-schema-graph\">{\"@context\":\"https:\/\/schema.org\",\"@graph\":[{\"@type\":\"WebPage\",\"@id\":\"https:\/\/limit-tools.com\/sv\/tips-and-tricks\/inspektion\/\",\"url\":\"https:\/\/limit-tools.com\/sv\/tips-and-tricks\/inspektion\/\",\"name\":\"Inspektion - Precision measuring instruments | Limit\",\"isPartOf\":{\"@id\":\"https:\/\/limit-tools.com\/pl\/#website\"},\"primaryImageOfPage\":{\"@id\":\"https:\/\/limit-tools.com\/sv\/tips-and-tricks\/inspektion\/#primaryimage\"},\"image\":{\"@id\":\"https:\/\/limit-tools.com\/sv\/tips-and-tricks\/inspektion\/#primaryimage\"},\"thumbnailUrl\":\"https:\/\/limit-tools.com\/wp-content\/uploads\/2019\/01\/inspection.jpg\",\"datePublished\":\"2020-03-10T10:12:14+00:00\",\"dateModified\":\"2020-03-10T10:12:14+00:00\",\"description\":\"\u00c4ven om v\u00e5ra m\u00e4tverktyg inom inspektion \u00e4r enkla och precisa kan det vara sv\u00e5rt att veta hur man anv\u00e4nder de p\u00e5 b\u00e4sta s\u00e4tt. H\u00e4r samlar vi smarta tips kring\",\"breadcrumb\":{\"@id\":\"https:\/\/limit-tools.com\/sv\/tips-and-tricks\/inspektion\/#breadcrumb\"},\"inLanguage\":\"sv-SE\",\"potentialAction\":[{\"@type\":\"ReadAction\",\"target\":[\"https:\/\/limit-tools.com\/sv\/tips-and-tricks\/inspektion\/\"]}]},{\"@type\":\"ImageObject\",\"inLanguage\":\"sv-SE\",\"@id\":\"https:\/\/limit-tools.com\/sv\/tips-and-tricks\/inspektion\/#primaryimage\",\"url\":\"https:\/\/limit-tools.com\/wp-content\/uploads\/2019\/01\/inspection.jpg\",\"contentUrl\":\"https:\/\/limit-tools.com\/wp-content\/uploads\/2019\/01\/inspection.jpg\",\"width\":640,\"height\":480,\"caption\":\"inspektion Limit kamera\"},{\"@type\":\"BreadcrumbList\",\"@id\":\"https:\/\/limit-tools.com\/sv\/tips-and-tricks\/inspektion\/#breadcrumb\",\"itemListElement\":[{\"@type\":\"ListItem\",\"position\":1,\"name\":\"Tips och tricks\",\"item\":\"https:\/\/limit-tools.com\/sv\/tips-and-tricks\/\"},{\"@type\":\"ListItem\",\"position\":2,\"name\":\"Inspektion\"}]},{\"@type\":\"WebSite\",\"@id\":\"https:\/\/limit-tools.com\/pl\/#website\",\"url\":\"https:\/\/limit-tools.com\/pl\/\",\"name\":\"Precision measuring instruments | Limit\",\"description\":\"Everything can be measured\",\"potentialAction\":[{\"@type\":\"SearchAction\",\"target\":{\"@type\":\"EntryPoint\",\"urlTemplate\":\"https:\/\/limit-tools.com\/pl\/?s={search_term_string}\"},\"query-input\":{\"@type\":\"PropertyValueSpecification\",\"valueRequired\":true,\"valueName\":\"search_term_string\"}}],\"inLanguage\":\"sv-SE\"}]}<\/script>\n<!-- \/ Yoast SEO plugin. -->","yoast_head_json":{"title":"Inspektion - Precision measuring instruments | Limit","description":"\u00c4ven om v\u00e5ra m\u00e4tverktyg inom inspektion \u00e4r enkla och precisa kan det vara sv\u00e5rt att veta hur man anv\u00e4nder de p\u00e5 b\u00e4sta s\u00e4tt. H\u00e4r samlar vi smarta tips kring","robots":{"index":"index","follow":"follow","max-snippet":"max-snippet:-1","max-image-preview":"max-image-preview:large","max-video-preview":"max-video-preview:-1"},"canonical":"https:\/\/limit-tools.com\/sv\/tips-and-tricks\/inspektion\/","og_locale":"sv_SE","og_type":"article","og_title":"Inspektion - Precision measuring instruments | Limit","og_description":"\u00c4ven om v\u00e5ra m\u00e4tverktyg inom inspektion \u00e4r enkla och precisa kan det vara sv\u00e5rt att veta hur man anv\u00e4nder de p\u00e5 b\u00e4sta s\u00e4tt. H\u00e4r samlar vi smarta tips kring","og_url":"https:\/\/limit-tools.com\/sv\/tips-and-tricks\/inspektion\/","og_site_name":"Precision measuring instruments | Limit","article_publisher":"https:\/\/www.facebook.com\/limittools\/","og_image":[{"width":640,"height":480,"url":"https:\/\/limit-tools.com\/wp-content\/uploads\/2019\/01\/inspection.jpg","type":"image\/jpeg"}],"twitter_card":"summary_large_image","schema":{"@context":"https:\/\/schema.org","@graph":[{"@type":"WebPage","@id":"https:\/\/limit-tools.com\/sv\/tips-and-tricks\/inspektion\/","url":"https:\/\/limit-tools.com\/sv\/tips-and-tricks\/inspektion\/","name":"Inspektion - Precision measuring instruments | Limit","isPartOf":{"@id":"https:\/\/limit-tools.com\/pl\/#website"},"primaryImageOfPage":{"@id":"https:\/\/limit-tools.com\/sv\/tips-and-tricks\/inspektion\/#primaryimage"},"image":{"@id":"https:\/\/limit-tools.com\/sv\/tips-and-tricks\/inspektion\/#primaryimage"},"thumbnailUrl":"https:\/\/limit-tools.com\/wp-content\/uploads\/2019\/01\/inspection.jpg","datePublished":"2020-03-10T10:12:14+00:00","dateModified":"2020-03-10T10:12:14+00:00","description":"\u00c4ven om v\u00e5ra m\u00e4tverktyg inom inspektion \u00e4r enkla och precisa kan det vara sv\u00e5rt att veta hur man anv\u00e4nder de p\u00e5 b\u00e4sta s\u00e4tt. H\u00e4r samlar vi smarta tips kring","breadcrumb":{"@id":"https:\/\/limit-tools.com\/sv\/tips-and-tricks\/inspektion\/#breadcrumb"},"inLanguage":"sv-SE","potentialAction":[{"@type":"ReadAction","target":["https:\/\/limit-tools.com\/sv\/tips-and-tricks\/inspektion\/"]}]},{"@type":"ImageObject","inLanguage":"sv-SE","@id":"https:\/\/limit-tools.com\/sv\/tips-and-tricks\/inspektion\/#primaryimage","url":"https:\/\/limit-tools.com\/wp-content\/uploads\/2019\/01\/inspection.jpg","contentUrl":"https:\/\/limit-tools.com\/wp-content\/uploads\/2019\/01\/inspection.jpg","width":640,"height":480,"caption":"inspektion Limit kamera"},{"@type":"BreadcrumbList","@id":"https:\/\/limit-tools.com\/sv\/tips-and-tricks\/inspektion\/#breadcrumb","itemListElement":[{"@type":"ListItem","position":1,"name":"Tips och tricks","item":"https:\/\/limit-tools.com\/sv\/tips-and-tricks\/"},{"@type":"ListItem","position":2,"name":"Inspektion"}]},{"@type":"WebSite","@id":"https:\/\/limit-tools.com\/pl\/#website","url":"https:\/\/limit-tools.com\/pl\/","name":"Precision measuring instruments | Limit","description":"Everything can be measured","potentialAction":[{"@type":"SearchAction","target":{"@type":"EntryPoint","urlTemplate":"https:\/\/limit-tools.com\/pl\/?s={search_term_string}"},"query-input":{"@type":"PropertyValueSpecification","valueRequired":true,"valueName":"search_term_string"}}],"inLanguage":"sv-SE"}]}},"_links":{"self":[{"href":"https:\/\/limit-tools.com\/sv\/wp-json\/wp\/v2\/pages\/4408"}],"collection":[{"href":"https:\/\/limit-tools.com\/sv\/wp-json\/wp\/v2\/pages"}],"about":[{"href":"https:\/\/limit-tools.com\/sv\/wp-json\/wp\/v2\/types\/page"}],"author":[{"embeddable":true,"href":"https:\/\/limit-tools.com\/sv\/wp-json\/wp\/v2\/users\/2"}],"replies":[{"embeddable":true,"href":"https:\/\/limit-tools.com\/sv\/wp-json\/wp\/v2\/comments?post=4408"}],"version-history":[{"count":1,"href":"https:\/\/limit-tools.com\/sv\/wp-json\/wp\/v2\/pages\/4408\/revisions"}],"predecessor-version":[{"id":4409,"href":"https:\/\/limit-tools.com\/sv\/wp-json\/wp\/v2\/pages\/4408\/revisions\/4409"}],"up":[{"embeddable":true,"href":"https:\/\/limit-tools.com\/sv\/wp-json\/wp\/v2\/pages\/1268"}],"wp:featuredmedia":[{"embeddable":true,"href":"https:\/\/limit-tools.com\/sv\/wp-json\/wp\/v2\/media\/1717"}],"wp:attachment":[{"href":"https:\/\/limit-tools.com\/sv\/wp-json\/wp\/v2\/media?parent=4408"}],"curies":[{"name":"wp","href":"https:\/\/api.w.org\/{rel}","templated":true}]}}