{"id":4406,"date":"2020-03-10T10:12:14","date_gmt":"2020-03-10T10:12:14","guid":{"rendered":"https:\/\/limit-tools.com\/?page_id=4406"},"modified":"2020-03-10T10:12:14","modified_gmt":"2020-03-10T10:12:14","slug":"eltest","status":"publish","type":"page","link":"https:\/\/limit-tools.com\/sv\/tips-and-tricks\/eltest\/","title":{"rendered":"Eltest"},"content":{"rendered":"<div class=\"wpb-content-wrapper\"><p>[vc_row][vc_column]\n        <div class=\"block block--chapter\">\n            <div class=\"salvattore salvattore--2col\" data-columns>\n                \n                    <div class=\"salvattore__item chapter\"><div class=\"chapter__image\"><a href=\"https:\/\/limit-tools.com\/sv\/tips-and-tricks\/eltest\/about-rms\/\"><img decoding=\"async\" src=\"https:\/\/limit-tools.com\/wp-content\/uploads\/2022\/05\/153220108-700x393.jpg\" alt=\"OM RMS\" \/><\/a><\/div><h4 class=\"chapter__title small\">\n                            <a href=\"https:\/\/limit-tools.com\/sv\/tips-and-tricks\/eltest\/about-rms\/\">OM RMS<\/a>\n                        <\/h4><p class=\"chapter__description\">L\u00e4r dig vad kvadratiskt medelv\u00e4rde (RMS) betyder och vad det inneb\u00e4r att m\u00e4ta sp\u00e4nning. <\/p><a class=\"btn btn--comp\" href=\"https:\/\/limit-tools.com\/sv\/tips-and-tricks\/eltest\/about-rms\/\">L\u00e4s mer<\/a><\/div>\n                    <div class=\"salvattore__item chapter\"><div class=\"chapter__image\"><a href=\"https:\/\/limit-tools.com\/sv\/tips-and-tricks\/eltest\/sa-mater-man-huvudspanning\/\"><img decoding=\"async\" src=\"https:\/\/limit-tools.com\/wp-content\/uploads\/2020\/03\/B9668605-kopia-700x525.jpg\" alt=\"S\u00e5 m\u00e4ter man huvudsp\u00e4nning\" \/><\/a><\/div><h4 class=\"chapter__title small\">\n                            <a href=\"https:\/\/limit-tools.com\/sv\/tips-and-tricks\/eltest\/sa-mater-man-huvudspanning\/\">S\u00e5 m\u00e4ter man huvudsp\u00e4nning<\/a>\n                        <\/h4><p class=\"chapter__description\">L\u00e4r dig vad huvudsp\u00e4nning \u00e4r och hur man m\u00e4ter det.<\/p><a class=\"btn btn--comp\" href=\"https:\/\/limit-tools.com\/sv\/tips-and-tricks\/eltest\/sa-mater-man-huvudspanning\/\">L\u00e4s mer<\/a><\/div>\n                    <div class=\"salvattore__item chapter\"><div class=\"chapter__image\"><a href=\"https:\/\/limit-tools.com\/sv\/tips-and-tricks\/eltest\/om-elsakerhet\/\"><img decoding=\"async\" src=\"https:\/\/limit-tools.com\/wp-content\/uploads\/2018\/12\/illustration-mat-700x555.jpg\" alt=\"D\u00e4rf\u00f6r \u00e4r els\u00e4kerhet viktigt\" \/><\/a><\/div><h4 class=\"chapter__title small\">\n                            <a href=\"https:\/\/limit-tools.com\/sv\/tips-and-tricks\/eltest\/om-elsakerhet\/\">D\u00e4rf\u00f6r \u00e4r els\u00e4kerhet viktigt<\/a>\n                        <\/h4><p class=\"chapter__description\">L\u00e4r dig mer om els\u00e4kerhet och \u00f6versp\u00e4nning samt hur du kan skydda dig mot elektriskt relaterade risker.<\/p><a class=\"btn btn--comp\" href=\"https:\/\/limit-tools.com\/sv\/tips-and-tricks\/eltest\/om-elsakerhet\/\">L\u00e4s mer<\/a><\/div>\n            <\/div>\n        <\/div>[\/vc_column][\/vc_row]<\/p>\n<\/div>","protected":false},"excerpt":{"rendered":"[vc_row][vc_column][\/vc_column][\/vc_row]","protected":false},"author":2,"featured_media":1714,"parent":1268,"menu_order":0,"comment_status":"closed","ping_status":"closed","template":"","meta":{"_acf_changed":false,"footnotes":""},"class_list":["post-4406","page","type-page","status-publish","has-post-thumbnail","hentry"],"acf":[],"yoast_head":"<!-- This site is optimized with the Yoast SEO plugin v23.4 - https:\/\/yoast.com\/wordpress\/plugins\/seo\/ -->\n<title>Eltest - Precision measuring instruments | Limit<\/title>\n<meta name=\"description\" content=\"\u00c4ven om v\u00e5ra m\u00e4tverktyg inom eltest \u00e4r enkla och precisa kan det vara sv\u00e5rt att veta hur man ska anv\u00e4nda de p\u00e5 b\u00e4sta s\u00e4tt. H\u00e4r samlar vi smarta tips kring\" \/>\n<meta name=\"robots\" content=\"index, follow, max-snippet:-1, max-image-preview:large, max-video-preview:-1\" \/>\n<link rel=\"canonical\" href=\"https:\/\/limit-tools.com\/sv\/tips-and-tricks\/eltest\/\" \/>\n<meta property=\"og:locale\" content=\"sv_SE\" \/>\n<meta property=\"og:type\" content=\"article\" \/>\n<meta property=\"og:title\" content=\"Eltest - Precision measuring instruments | Limit\" \/>\n<meta property=\"og:description\" content=\"\u00c4ven om v\u00e5ra m\u00e4tverktyg inom eltest \u00e4r enkla och precisa kan det vara sv\u00e5rt att veta hur man ska anv\u00e4nda de p\u00e5 b\u00e4sta s\u00e4tt. H\u00e4r samlar vi smarta tips kring\" \/>\n<meta property=\"og:url\" content=\"https:\/\/limit-tools.com\/sv\/tips-and-tricks\/eltest\/\" \/>\n<meta property=\"og:site_name\" content=\"Precision measuring instruments | Limit\" \/>\n<meta property=\"article:publisher\" content=\"https:\/\/www.facebook.com\/limittools\/\" \/>\n<meta property=\"og:image\" content=\"https:\/\/limit-tools.com\/wp-content\/uploads\/2019\/01\/electrical.jpg\" \/>\n\t<meta property=\"og:image:width\" content=\"640\" \/>\n\t<meta property=\"og:image:height\" content=\"480\" \/>\n\t<meta property=\"og:image:type\" content=\"image\/jpeg\" \/>\n<meta name=\"twitter:card\" content=\"summary_large_image\" \/>\n<script type=\"application\/ld+json\" class=\"yoast-schema-graph\">{\"@context\":\"https:\/\/schema.org\",\"@graph\":[{\"@type\":\"WebPage\",\"@id\":\"https:\/\/limit-tools.com\/sv\/tips-and-tricks\/eltest\/\",\"url\":\"https:\/\/limit-tools.com\/sv\/tips-and-tricks\/eltest\/\",\"name\":\"Eltest - Precision measuring instruments | Limit\",\"isPartOf\":{\"@id\":\"https:\/\/limit-tools.com\/pl\/#website\"},\"primaryImageOfPage\":{\"@id\":\"https:\/\/limit-tools.com\/sv\/tips-and-tricks\/eltest\/#primaryimage\"},\"image\":{\"@id\":\"https:\/\/limit-tools.com\/sv\/tips-and-tricks\/eltest\/#primaryimage\"},\"thumbnailUrl\":\"https:\/\/limit-tools.com\/wp-content\/uploads\/2019\/01\/electrical.jpg\",\"datePublished\":\"2020-03-10T10:12:14+00:00\",\"dateModified\":\"2020-03-10T10:12:14+00:00\",\"description\":\"\u00c4ven om v\u00e5ra m\u00e4tverktyg inom eltest \u00e4r enkla och precisa kan det vara sv\u00e5rt att veta hur man ska anv\u00e4nda de p\u00e5 b\u00e4sta s\u00e4tt. H\u00e4r samlar vi smarta tips kring\",\"breadcrumb\":{\"@id\":\"https:\/\/limit-tools.com\/sv\/tips-and-tricks\/eltest\/#breadcrumb\"},\"inLanguage\":\"sv-SE\",\"potentialAction\":[{\"@type\":\"ReadAction\",\"target\":[\"https:\/\/limit-tools.com\/sv\/tips-and-tricks\/eltest\/\"]}]},{\"@type\":\"ImageObject\",\"inLanguage\":\"sv-SE\",\"@id\":\"https:\/\/limit-tools.com\/sv\/tips-and-tricks\/eltest\/#primaryimage\",\"url\":\"https:\/\/limit-tools.com\/wp-content\/uploads\/2019\/01\/electrical.jpg\",\"contentUrl\":\"https:\/\/limit-tools.com\/wp-content\/uploads\/2019\/01\/electrical.jpg\",\"width\":640,\"height\":480,\"caption\":\"Eltest Limit\"},{\"@type\":\"BreadcrumbList\",\"@id\":\"https:\/\/limit-tools.com\/sv\/tips-and-tricks\/eltest\/#breadcrumb\",\"itemListElement\":[{\"@type\":\"ListItem\",\"position\":1,\"name\":\"Tips och tricks\",\"item\":\"https:\/\/limit-tools.com\/sv\/tips-and-tricks\/\"},{\"@type\":\"ListItem\",\"position\":2,\"name\":\"Eltest\"}]},{\"@type\":\"WebSite\",\"@id\":\"https:\/\/limit-tools.com\/pl\/#website\",\"url\":\"https:\/\/limit-tools.com\/pl\/\",\"name\":\"Precision measuring instruments | Limit\",\"description\":\"Everything can be measured\",\"potentialAction\":[{\"@type\":\"SearchAction\",\"target\":{\"@type\":\"EntryPoint\",\"urlTemplate\":\"https:\/\/limit-tools.com\/pl\/?s={search_term_string}\"},\"query-input\":{\"@type\":\"PropertyValueSpecification\",\"valueRequired\":true,\"valueName\":\"search_term_string\"}}],\"inLanguage\":\"sv-SE\"}]}<\/script>\n<!-- \/ Yoast SEO plugin. -->","yoast_head_json":{"title":"Eltest - Precision measuring instruments | Limit","description":"\u00c4ven om v\u00e5ra m\u00e4tverktyg inom eltest \u00e4r enkla och precisa kan det vara sv\u00e5rt att veta hur man ska anv\u00e4nda de p\u00e5 b\u00e4sta s\u00e4tt. H\u00e4r samlar vi smarta tips kring","robots":{"index":"index","follow":"follow","max-snippet":"max-snippet:-1","max-image-preview":"max-image-preview:large","max-video-preview":"max-video-preview:-1"},"canonical":"https:\/\/limit-tools.com\/sv\/tips-and-tricks\/eltest\/","og_locale":"sv_SE","og_type":"article","og_title":"Eltest - Precision measuring instruments | Limit","og_description":"\u00c4ven om v\u00e5ra m\u00e4tverktyg inom eltest \u00e4r enkla och precisa kan det vara sv\u00e5rt att veta hur man ska anv\u00e4nda de p\u00e5 b\u00e4sta s\u00e4tt. H\u00e4r samlar vi smarta tips kring","og_url":"https:\/\/limit-tools.com\/sv\/tips-and-tricks\/eltest\/","og_site_name":"Precision measuring instruments | Limit","article_publisher":"https:\/\/www.facebook.com\/limittools\/","og_image":[{"width":640,"height":480,"url":"https:\/\/limit-tools.com\/wp-content\/uploads\/2019\/01\/electrical.jpg","type":"image\/jpeg"}],"twitter_card":"summary_large_image","schema":{"@context":"https:\/\/schema.org","@graph":[{"@type":"WebPage","@id":"https:\/\/limit-tools.com\/sv\/tips-and-tricks\/eltest\/","url":"https:\/\/limit-tools.com\/sv\/tips-and-tricks\/eltest\/","name":"Eltest - Precision measuring instruments | Limit","isPartOf":{"@id":"https:\/\/limit-tools.com\/pl\/#website"},"primaryImageOfPage":{"@id":"https:\/\/limit-tools.com\/sv\/tips-and-tricks\/eltest\/#primaryimage"},"image":{"@id":"https:\/\/limit-tools.com\/sv\/tips-and-tricks\/eltest\/#primaryimage"},"thumbnailUrl":"https:\/\/limit-tools.com\/wp-content\/uploads\/2019\/01\/electrical.jpg","datePublished":"2020-03-10T10:12:14+00:00","dateModified":"2020-03-10T10:12:14+00:00","description":"\u00c4ven om v\u00e5ra m\u00e4tverktyg inom eltest \u00e4r enkla och precisa kan det vara sv\u00e5rt att veta hur man ska anv\u00e4nda de p\u00e5 b\u00e4sta s\u00e4tt. H\u00e4r samlar vi smarta tips kring","breadcrumb":{"@id":"https:\/\/limit-tools.com\/sv\/tips-and-tricks\/eltest\/#breadcrumb"},"inLanguage":"sv-SE","potentialAction":[{"@type":"ReadAction","target":["https:\/\/limit-tools.com\/sv\/tips-and-tricks\/eltest\/"]}]},{"@type":"ImageObject","inLanguage":"sv-SE","@id":"https:\/\/limit-tools.com\/sv\/tips-and-tricks\/eltest\/#primaryimage","url":"https:\/\/limit-tools.com\/wp-content\/uploads\/2019\/01\/electrical.jpg","contentUrl":"https:\/\/limit-tools.com\/wp-content\/uploads\/2019\/01\/electrical.jpg","width":640,"height":480,"caption":"Eltest Limit"},{"@type":"BreadcrumbList","@id":"https:\/\/limit-tools.com\/sv\/tips-and-tricks\/eltest\/#breadcrumb","itemListElement":[{"@type":"ListItem","position":1,"name":"Tips och tricks","item":"https:\/\/limit-tools.com\/sv\/tips-and-tricks\/"},{"@type":"ListItem","position":2,"name":"Eltest"}]},{"@type":"WebSite","@id":"https:\/\/limit-tools.com\/pl\/#website","url":"https:\/\/limit-tools.com\/pl\/","name":"Precision measuring instruments | Limit","description":"Everything can be measured","potentialAction":[{"@type":"SearchAction","target":{"@type":"EntryPoint","urlTemplate":"https:\/\/limit-tools.com\/pl\/?s={search_term_string}"},"query-input":{"@type":"PropertyValueSpecification","valueRequired":true,"valueName":"search_term_string"}}],"inLanguage":"sv-SE"}]}},"_links":{"self":[{"href":"https:\/\/limit-tools.com\/sv\/wp-json\/wp\/v2\/pages\/4406"}],"collection":[{"href":"https:\/\/limit-tools.com\/sv\/wp-json\/wp\/v2\/pages"}],"about":[{"href":"https:\/\/limit-tools.com\/sv\/wp-json\/wp\/v2\/types\/page"}],"author":[{"embeddable":true,"href":"https:\/\/limit-tools.com\/sv\/wp-json\/wp\/v2\/users\/2"}],"replies":[{"embeddable":true,"href":"https:\/\/limit-tools.com\/sv\/wp-json\/wp\/v2\/comments?post=4406"}],"version-history":[{"count":1,"href":"https:\/\/limit-tools.com\/sv\/wp-json\/wp\/v2\/pages\/4406\/revisions"}],"predecessor-version":[{"id":4407,"href":"https:\/\/limit-tools.com\/sv\/wp-json\/wp\/v2\/pages\/4406\/revisions\/4407"}],"up":[{"embeddable":true,"href":"https:\/\/limit-tools.com\/sv\/wp-json\/wp\/v2\/pages\/1268"}],"wp:featuredmedia":[{"embeddable":true,"href":"https:\/\/limit-tools.com\/sv\/wp-json\/wp\/v2\/media\/1714"}],"wp:attachment":[{"href":"https:\/\/limit-tools.com\/sv\/wp-json\/wp\/v2\/media?parent=4406"}],"curies":[{"name":"wp","href":"https:\/\/api.w.org\/{rel}","templated":true}]}}