{"id":4404,"date":"2020-03-10T10:12:14","date_gmt":"2020-03-10T10:12:14","guid":{"rendered":"https:\/\/limit-tools.com\/?page_id=4404"},"modified":"2020-03-10T10:12:14","modified_gmt":"2020-03-10T10:12:14","slug":"verkstadsmat","status":"publish","type":"page","link":"https:\/\/limit-tools.com\/sv\/tips-and-tricks\/verkstadsmat\/","title":{"rendered":"Verkstadsm\u00e4t"},"content":{"rendered":"<div class=\"wpb-content-wrapper\"><p>[vc_row][vc_column]\n        <div class=\"block block--chapter\">\n            <div class=\"salvattore salvattore--2col\" data-columns>\n                \n                    <div class=\"salvattore__item chapter\"><div class=\"chapter__image\"><a href=\"https:\/\/limit-tools.com\/sv\/tips-and-tricks\/verkstadsmat\/valj-ratt-digitalt-skjutmatt\/\"><img decoding=\"async\" src=\"https:\/\/limit-tools.com\/wp-content\/uploads\/2022\/12\/Digitialt-skjutma\u030att-700x467.jpeg\" alt=\"V\u00e4lj r\u00e4tt digitalt skjutm\u00e5tt\" \/><\/a><\/div><h4 class=\"chapter__title small\">\n                            <a href=\"https:\/\/limit-tools.com\/sv\/tips-and-tricks\/verkstadsmat\/valj-ratt-digitalt-skjutmatt\/\">V\u00e4lj r\u00e4tt digitalt skjutm\u00e5tt<\/a>\n                        <\/h4><p class=\"chapter__description\">Digitalt skjutm\u00e5tt visar resultat snabbt och exakt och l\u00e4mpar sig extra bra f\u00f6r dig som ofta m\u00e4ter m\u00e5nga g\u00e5nger p\u00e5 kort tid och har behov av snabb avl\u00e4sning f\u00f6r att spara tid. Vissa modeller har \u00e4ven data\u00f6verf\u00f6ring av m\u00e4tdata s\u00e5 man kan analysera vid behov.<\/p><a class=\"btn btn--comp\" href=\"https:\/\/limit-tools.com\/sv\/tips-and-tricks\/verkstadsmat\/valj-ratt-digitalt-skjutmatt\/\">L\u00e4s mer<\/a><\/div>\n                    <div class=\"salvattore__item chapter\"><div class=\"chapter__image\"><a href=\"https:\/\/limit-tools.com\/sv\/tips-and-tricks\/verkstadsmat\/valj-ratt-skjutmatt\/\"><img decoding=\"async\" src=\"https:\/\/limit-tools.com\/wp-content\/uploads\/2022\/11\/264010109-700x467.jpeg\" alt=\"V\u00e4lj r\u00e4tt analogt skjutm\u00e5tt\" \/><\/a><\/div><h4 class=\"chapter__title small\">\n                            <a href=\"https:\/\/limit-tools.com\/sv\/tips-and-tricks\/verkstadsmat\/valj-ratt-skjutmatt\/\">V\u00e4lj r\u00e4tt analogt skjutm\u00e5tt<\/a>\n                        <\/h4><p class=\"chapter__description\">Limit har ett brett sortiment av precisa och l\u00e4ttanv\u00e4nda skjutm\u00e5tt f\u00f6r m\u00e5nga situationer och preferenser. P\u00e5 den h\u00e4r sidan f\u00e5r du en en \u00f6verblick \u00f6ver v\u00e5ra skjutm\u00e5tt, vilka funktioner och egenskaper dom har och l\u00e4mpliga anv\u00e4ndningsomr\u00e5den.<\/p><a class=\"btn btn--comp\" href=\"https:\/\/limit-tools.com\/sv\/tips-and-tricks\/verkstadsmat\/valj-ratt-skjutmatt\/\">L\u00e4s mer<\/a><\/div>\n            <\/div>\n        <\/div>[\/vc_column][\/vc_row]<\/p>\n<\/div>","protected":false},"excerpt":{"rendered":"[vc_row][vc_column][\/vc_column][\/vc_row]","protected":false},"author":2,"featured_media":1720,"parent":1268,"menu_order":0,"comment_status":"closed","ping_status":"closed","template":"","meta":{"_acf_changed":false,"footnotes":""},"class_list":["post-4404","page","type-page","status-publish","has-post-thumbnail","hentry"],"acf":[],"yoast_head":"<!-- This site is optimized with the Yoast SEO plugin v23.4 - https:\/\/yoast.com\/wordpress\/plugins\/seo\/ -->\n<title>Verkstadsm\u00e4t - Precision measuring instruments | Limit<\/title>\n<meta name=\"description\" content=\"\u00c4ven om v\u00e5ra m\u00e4tverktyg inom verkstadsm\u00e4t \u00e4r enkla och precisa kan det vara sv\u00e5rt att veta exakt hur man anv\u00e4nder de p\u00e5 b\u00e4sta s\u00e4tt.\" \/>\n<meta name=\"robots\" content=\"index, follow, max-snippet:-1, max-image-preview:large, max-video-preview:-1\" \/>\n<link rel=\"canonical\" href=\"https:\/\/limit-tools.com\/sv\/tips-and-tricks\/verkstadsmat\/\" \/>\n<meta property=\"og:locale\" content=\"sv_SE\" \/>\n<meta property=\"og:type\" content=\"article\" \/>\n<meta property=\"og:title\" content=\"Verkstadsm\u00e4t - Precision measuring instruments | Limit\" \/>\n<meta property=\"og:description\" content=\"\u00c4ven om v\u00e5ra m\u00e4tverktyg inom verkstadsm\u00e4t \u00e4r enkla och precisa kan det vara sv\u00e5rt att veta exakt hur man anv\u00e4nder de p\u00e5 b\u00e4sta s\u00e4tt.\" \/>\n<meta property=\"og:url\" content=\"https:\/\/limit-tools.com\/sv\/tips-and-tricks\/verkstadsmat\/\" \/>\n<meta property=\"og:site_name\" content=\"Precision measuring instruments | Limit\" \/>\n<meta property=\"article:publisher\" content=\"https:\/\/www.facebook.com\/limittools\/\" \/>\n<meta property=\"og:image\" content=\"https:\/\/limit-tools.com\/wp-content\/uploads\/2019\/01\/wmt.jpg\" \/>\n\t<meta property=\"og:image:width\" content=\"640\" \/>\n\t<meta property=\"og:image:height\" content=\"480\" \/>\n\t<meta property=\"og:image:type\" content=\"image\/jpeg\" \/>\n<meta name=\"twitter:card\" content=\"summary_large_image\" \/>\n<script type=\"application\/ld+json\" class=\"yoast-schema-graph\">{\"@context\":\"https:\/\/schema.org\",\"@graph\":[{\"@type\":\"WebPage\",\"@id\":\"https:\/\/limit-tools.com\/sv\/tips-and-tricks\/verkstadsmat\/\",\"url\":\"https:\/\/limit-tools.com\/sv\/tips-and-tricks\/verkstadsmat\/\",\"name\":\"Verkstadsm\u00e4t - Precision measuring instruments | Limit\",\"isPartOf\":{\"@id\":\"https:\/\/limit-tools.com\/pl\/#website\"},\"primaryImageOfPage\":{\"@id\":\"https:\/\/limit-tools.com\/sv\/tips-and-tricks\/verkstadsmat\/#primaryimage\"},\"image\":{\"@id\":\"https:\/\/limit-tools.com\/sv\/tips-and-tricks\/verkstadsmat\/#primaryimage\"},\"thumbnailUrl\":\"https:\/\/limit-tools.com\/wp-content\/uploads\/2019\/01\/wmt.jpg\",\"datePublished\":\"2020-03-10T10:12:14+00:00\",\"dateModified\":\"2020-03-10T10:12:14+00:00\",\"description\":\"\u00c4ven om v\u00e5ra m\u00e4tverktyg inom verkstadsm\u00e4t \u00e4r enkla och precisa kan det vara sv\u00e5rt att veta exakt hur man anv\u00e4nder de p\u00e5 b\u00e4sta s\u00e4tt.\",\"breadcrumb\":{\"@id\":\"https:\/\/limit-tools.com\/sv\/tips-and-tricks\/verkstadsmat\/#breadcrumb\"},\"inLanguage\":\"sv-SE\",\"potentialAction\":[{\"@type\":\"ReadAction\",\"target\":[\"https:\/\/limit-tools.com\/sv\/tips-and-tricks\/verkstadsmat\/\"]}]},{\"@type\":\"ImageObject\",\"inLanguage\":\"sv-SE\",\"@id\":\"https:\/\/limit-tools.com\/sv\/tips-and-tricks\/verkstadsmat\/#primaryimage\",\"url\":\"https:\/\/limit-tools.com\/wp-content\/uploads\/2019\/01\/wmt.jpg\",\"contentUrl\":\"https:\/\/limit-tools.com\/wp-content\/uploads\/2019\/01\/wmt.jpg\",\"width\":640,\"height\":480,\"caption\":\"Verkstadsm\u00e4t, Limit Skjutm\u00e5tt\"},{\"@type\":\"BreadcrumbList\",\"@id\":\"https:\/\/limit-tools.com\/sv\/tips-and-tricks\/verkstadsmat\/#breadcrumb\",\"itemListElement\":[{\"@type\":\"ListItem\",\"position\":1,\"name\":\"Tips och tricks\",\"item\":\"https:\/\/limit-tools.com\/sv\/tips-and-tricks\/\"},{\"@type\":\"ListItem\",\"position\":2,\"name\":\"Verkstadsm\u00e4t\"}]},{\"@type\":\"WebSite\",\"@id\":\"https:\/\/limit-tools.com\/pl\/#website\",\"url\":\"https:\/\/limit-tools.com\/pl\/\",\"name\":\"Precision measuring instruments | Limit\",\"description\":\"Everything can be measured\",\"potentialAction\":[{\"@type\":\"SearchAction\",\"target\":{\"@type\":\"EntryPoint\",\"urlTemplate\":\"https:\/\/limit-tools.com\/pl\/?s={search_term_string}\"},\"query-input\":{\"@type\":\"PropertyValueSpecification\",\"valueRequired\":true,\"valueName\":\"search_term_string\"}}],\"inLanguage\":\"sv-SE\"}]}<\/script>\n<!-- \/ Yoast SEO plugin. -->","yoast_head_json":{"title":"Verkstadsm\u00e4t - Precision measuring instruments | Limit","description":"\u00c4ven om v\u00e5ra m\u00e4tverktyg inom verkstadsm\u00e4t \u00e4r enkla och precisa kan det vara sv\u00e5rt att veta exakt hur man anv\u00e4nder de p\u00e5 b\u00e4sta s\u00e4tt.","robots":{"index":"index","follow":"follow","max-snippet":"max-snippet:-1","max-image-preview":"max-image-preview:large","max-video-preview":"max-video-preview:-1"},"canonical":"https:\/\/limit-tools.com\/sv\/tips-and-tricks\/verkstadsmat\/","og_locale":"sv_SE","og_type":"article","og_title":"Verkstadsm\u00e4t - Precision measuring instruments | Limit","og_description":"\u00c4ven om v\u00e5ra m\u00e4tverktyg inom verkstadsm\u00e4t \u00e4r enkla och precisa kan det vara sv\u00e5rt att veta exakt hur man anv\u00e4nder de p\u00e5 b\u00e4sta s\u00e4tt.","og_url":"https:\/\/limit-tools.com\/sv\/tips-and-tricks\/verkstadsmat\/","og_site_name":"Precision measuring instruments | Limit","article_publisher":"https:\/\/www.facebook.com\/limittools\/","og_image":[{"width":640,"height":480,"url":"https:\/\/limit-tools.com\/wp-content\/uploads\/2019\/01\/wmt.jpg","type":"image\/jpeg"}],"twitter_card":"summary_large_image","schema":{"@context":"https:\/\/schema.org","@graph":[{"@type":"WebPage","@id":"https:\/\/limit-tools.com\/sv\/tips-and-tricks\/verkstadsmat\/","url":"https:\/\/limit-tools.com\/sv\/tips-and-tricks\/verkstadsmat\/","name":"Verkstadsm\u00e4t - Precision measuring instruments | Limit","isPartOf":{"@id":"https:\/\/limit-tools.com\/pl\/#website"},"primaryImageOfPage":{"@id":"https:\/\/limit-tools.com\/sv\/tips-and-tricks\/verkstadsmat\/#primaryimage"},"image":{"@id":"https:\/\/limit-tools.com\/sv\/tips-and-tricks\/verkstadsmat\/#primaryimage"},"thumbnailUrl":"https:\/\/limit-tools.com\/wp-content\/uploads\/2019\/01\/wmt.jpg","datePublished":"2020-03-10T10:12:14+00:00","dateModified":"2020-03-10T10:12:14+00:00","description":"\u00c4ven om v\u00e5ra m\u00e4tverktyg inom verkstadsm\u00e4t \u00e4r enkla och precisa kan det vara sv\u00e5rt att veta exakt hur man anv\u00e4nder de p\u00e5 b\u00e4sta s\u00e4tt.","breadcrumb":{"@id":"https:\/\/limit-tools.com\/sv\/tips-and-tricks\/verkstadsmat\/#breadcrumb"},"inLanguage":"sv-SE","potentialAction":[{"@type":"ReadAction","target":["https:\/\/limit-tools.com\/sv\/tips-and-tricks\/verkstadsmat\/"]}]},{"@type":"ImageObject","inLanguage":"sv-SE","@id":"https:\/\/limit-tools.com\/sv\/tips-and-tricks\/verkstadsmat\/#primaryimage","url":"https:\/\/limit-tools.com\/wp-content\/uploads\/2019\/01\/wmt.jpg","contentUrl":"https:\/\/limit-tools.com\/wp-content\/uploads\/2019\/01\/wmt.jpg","width":640,"height":480,"caption":"Verkstadsm\u00e4t, Limit Skjutm\u00e5tt"},{"@type":"BreadcrumbList","@id":"https:\/\/limit-tools.com\/sv\/tips-and-tricks\/verkstadsmat\/#breadcrumb","itemListElement":[{"@type":"ListItem","position":1,"name":"Tips och tricks","item":"https:\/\/limit-tools.com\/sv\/tips-and-tricks\/"},{"@type":"ListItem","position":2,"name":"Verkstadsm\u00e4t"}]},{"@type":"WebSite","@id":"https:\/\/limit-tools.com\/pl\/#website","url":"https:\/\/limit-tools.com\/pl\/","name":"Precision measuring instruments | Limit","description":"Everything can be measured","potentialAction":[{"@type":"SearchAction","target":{"@type":"EntryPoint","urlTemplate":"https:\/\/limit-tools.com\/pl\/?s={search_term_string}"},"query-input":{"@type":"PropertyValueSpecification","valueRequired":true,"valueName":"search_term_string"}}],"inLanguage":"sv-SE"}]}},"_links":{"self":[{"href":"https:\/\/limit-tools.com\/sv\/wp-json\/wp\/v2\/pages\/4404"}],"collection":[{"href":"https:\/\/limit-tools.com\/sv\/wp-json\/wp\/v2\/pages"}],"about":[{"href":"https:\/\/limit-tools.com\/sv\/wp-json\/wp\/v2\/types\/page"}],"author":[{"embeddable":true,"href":"https:\/\/limit-tools.com\/sv\/wp-json\/wp\/v2\/users\/2"}],"replies":[{"embeddable":true,"href":"https:\/\/limit-tools.com\/sv\/wp-json\/wp\/v2\/comments?post=4404"}],"version-history":[{"count":1,"href":"https:\/\/limit-tools.com\/sv\/wp-json\/wp\/v2\/pages\/4404\/revisions"}],"predecessor-version":[{"id":4405,"href":"https:\/\/limit-tools.com\/sv\/wp-json\/wp\/v2\/pages\/4404\/revisions\/4405"}],"up":[{"embeddable":true,"href":"https:\/\/limit-tools.com\/sv\/wp-json\/wp\/v2\/pages\/1268"}],"wp:featuredmedia":[{"embeddable":true,"href":"https:\/\/limit-tools.com\/sv\/wp-json\/wp\/v2\/media\/1720"}],"wp:attachment":[{"href":"https:\/\/limit-tools.com\/sv\/wp-json\/wp\/v2\/media?parent=4404"}],"curies":[{"name":"wp","href":"https:\/\/api.w.org\/{rel}","templated":true}]}}