{"id":1268,"date":"2018-12-10T09:21:03","date_gmt":"2018-12-10T09:21:03","guid":{"rendered":"https:\/\/limit-tools.com\/tips-and-tricks\/"},"modified":"2020-02-05T13:03:11","modified_gmt":"2020-02-05T13:03:11","slug":"tips-and-tricks","status":"publish","type":"page","link":"https:\/\/limit-tools.com\/sv\/tips-and-tricks\/","title":{"rendered":"Tips och tricks"},"content":{"rendered":"<div class=\"wpb-content-wrapper\"><p>[vc_row][vc_column]\n        <div class=\"block block--chapter\">\n            <div class=\"salvattore salvattore--2col\" data-columns>\n                \n                    <div class=\"salvattore__item chapter\"><div class=\"chapter__image\"><a href=\"https:\/\/limit-tools.com\/sv\/tips-and-tricks\/verkstadsmat\/\"><img decoding=\"async\" src=\"https:\/\/limit-tools.com\/wp-content\/uploads\/2019\/01\/wmt.jpg\" alt=\"Verkstadsm\u00e4t\" \/><\/a><\/div><h4 class=\"chapter__title small\">\n                            <a href=\"https:\/\/limit-tools.com\/sv\/tips-and-tricks\/verkstadsmat\/\">Verkstadsm\u00e4t<\/a>\n                        <\/h4><p class=\"chapter__description\">\u00c4ven om v\u00e5ra m\u00e4tverktyg \u00e4r enkla och precisa kan det vara sv\u00e5rt att veta exakt hur man anv\u00e4nder de p\u00e5 b\u00e4sta s\u00e4tt. D\u00e4rf\u00f6r samlar vi nyttig information kring anv\u00e4ndande av verkstadsm\u00e4t h\u00e4r. <\/p><a class=\"btn btn--comp\" href=\"https:\/\/limit-tools.com\/sv\/tips-and-tricks\/verkstadsmat\/\">L\u00e4s mer<\/a><\/div>\n                    <div class=\"salvattore__item chapter\"><div class=\"chapter__image\"><a href=\"https:\/\/limit-tools.com\/sv\/tips-and-tricks\/eltest\/\"><img decoding=\"async\" src=\"https:\/\/limit-tools.com\/wp-content\/uploads\/2019\/01\/electrical.jpg\" alt=\"Eltest\" \/><\/a><\/div><h4 class=\"chapter__title small\">\n                            <a href=\"https:\/\/limit-tools.com\/sv\/tips-and-tricks\/eltest\/\">Eltest<\/a>\n                        <\/h4><p class=\"chapter__description\">\u00c4ven om v\u00e5ra m\u00e4tverktyg inom eltest \u00e4r enkla och precisa kan det vara sv\u00e5rt att veta hur man ska anv\u00e4nda de p\u00e5 b\u00e4sta s\u00e4tt. H\u00e4r samlar vi smarta tips kring anv\u00e4ndande och kunskap kring begrepp inom eltest.<\/p><a class=\"btn btn--comp\" href=\"https:\/\/limit-tools.com\/sv\/tips-and-tricks\/eltest\/\">L\u00e4s mer<\/a><\/div>\n                    <div class=\"salvattore__item chapter\"><div class=\"chapter__image\"><a href=\"https:\/\/limit-tools.com\/sv\/tips-and-tricks\/inspektion\/\"><img decoding=\"async\" src=\"https:\/\/limit-tools.com\/wp-content\/uploads\/2019\/01\/inspection.jpg\" alt=\"Inspektion\" \/><\/a><\/div><h4 class=\"chapter__title small\">\n                            <a href=\"https:\/\/limit-tools.com\/sv\/tips-and-tricks\/inspektion\/\">Inspektion<\/a>\n                        <\/h4><p class=\"chapter__description\">\u00c4ven om v\u00e5ra m\u00e4tverktyg inom inspektion \u00e4r enkla och precisa kan det vara sv\u00e5rt att veta hur man anv\u00e4nder de p\u00e5 b\u00e4sta s\u00e4tt. H\u00e4r samlar vi smarta tips kring anv\u00e4ndande och kunskap kring v\u00e5ra inspektionsverktyg.<\/p><a class=\"btn btn--comp\" href=\"https:\/\/limit-tools.com\/sv\/tips-and-tricks\/inspektion\/\">L\u00e4s mer<\/a><\/div>\n                    <div class=\"salvattore__item chapter\"><div class=\"chapter__image\"><a href=\"https:\/\/limit-tools.com\/sv\/tips-and-tricks\/laserinstrument\/\"><img decoding=\"async\" src=\"https:\/\/limit-tools.com\/wp-content\/uploads\/2019\/01\/laser.jpg\" alt=\"Laserinstrument\" \/><\/a><\/div><h4 class=\"chapter__title small\">\n                            <a href=\"https:\/\/limit-tools.com\/sv\/tips-and-tricks\/laserinstrument\/\">Laserinstrument<\/a>\n                        <\/h4><p class=\"chapter__description\">\u00c4ven om v\u00e5ra laserinstrument \u00e4r enkla och precisa kan det vara sv\u00e5rt att veta hur de ska anv\u00e4ndas p\u00e5 b\u00e4sta s\u00e4tt. H\u00e4r samlar vi smarta tips kring anv\u00e4ndande och kunskap kring laserinstrument.<\/p><a class=\"btn btn--comp\" href=\"https:\/\/limit-tools.com\/sv\/tips-and-tricks\/laserinstrument\/\">L\u00e4s mer<\/a><\/div>\n                    <div class=\"salvattore__item chapter\"><div class=\"chapter__image\"><a href=\"https:\/\/limit-tools.com\/sv\/tips-and-tricks\/klimatmatning\/\"><img decoding=\"async\" src=\"https:\/\/limit-tools.com\/wp-content\/uploads\/2019\/01\/climate.jpg\" alt=\"Klimatm\u00e4tning\" \/><\/a><\/div><h4 class=\"chapter__title small\">\n                            <a href=\"https:\/\/limit-tools.com\/sv\/tips-and-tricks\/klimatmatning\/\">Klimatm\u00e4tning<\/a>\n                        <\/h4><p class=\"chapter__description\">\u00c4ven om v\u00e5ra m\u00e4tverktyg inom klimatm\u00e4tning \u00e4r enkla och precisa kan det vara sv\u00e5rt att veta hur de ska anv\u00e4ndas p\u00e5 b\u00e4sta s\u00e4tt. H\u00e4r samlar vi smarta tips kring anv\u00e4ndande och kunskap kring klimatm\u00e4tning.<\/p><a class=\"btn btn--comp\" href=\"https:\/\/limit-tools.com\/sv\/tips-and-tricks\/klimatmatning\/\">L\u00e4s mer<\/a><\/div>\n            <\/div>\n        <\/div>[\/vc_column][\/vc_row]<\/p>\n<\/div>","protected":false},"excerpt":{"rendered":"[vc_row][vc_column][\/vc_column][\/vc_row]","protected":false},"author":1,"featured_media":0,"parent":0,"menu_order":0,"comment_status":"closed","ping_status":"closed","template":"","meta":{"_acf_changed":false,"footnotes":""},"class_list":["post-1268","page","type-page","status-publish","hentry"],"acf":[],"yoast_head":"<!-- This site is optimized with the Yoast SEO plugin v23.4 - https:\/\/yoast.com\/wordpress\/plugins\/seo\/ -->\n<title>Tips och tricks - Precision measuring instruments | Limit<\/title>\n<meta name=\"description\" content=\"Vi \u00e4r experter inom m\u00e4t. H\u00e4r hittar du tips och tricks du beh\u00f6ver f\u00f6r att m\u00e4ta p\u00e5 r\u00e4tt s\u00e4tt. Du hittar laserinstrument, vekstadsm\u00e4t, v\u00e5gar, inspektion m.m.\" \/>\n<meta name=\"robots\" content=\"index, follow, max-snippet:-1, max-image-preview:large, max-video-preview:-1\" \/>\n<link rel=\"canonical\" href=\"https:\/\/limit-tools.com\/sv\/tips-and-tricks\/\" \/>\n<meta property=\"og:locale\" content=\"sv_SE\" \/>\n<meta property=\"og:type\" content=\"article\" \/>\n<meta property=\"og:title\" content=\"Tips och tricks - Precision measuring instruments | Limit\" \/>\n<meta property=\"og:description\" content=\"Vi \u00e4r experter inom m\u00e4t. H\u00e4r hittar du tips och tricks du beh\u00f6ver f\u00f6r att m\u00e4ta p\u00e5 r\u00e4tt s\u00e4tt. Du hittar laserinstrument, vekstadsm\u00e4t, v\u00e5gar, inspektion m.m.\" \/>\n<meta property=\"og:url\" content=\"https:\/\/limit-tools.com\/sv\/tips-and-tricks\/\" \/>\n<meta property=\"og:site_name\" content=\"Precision measuring instruments | Limit\" \/>\n<meta property=\"article:publisher\" content=\"https:\/\/www.facebook.com\/limittools\/\" \/>\n<meta property=\"article:modified_time\" content=\"2020-02-05T13:03:11+00:00\" \/>\n<meta name=\"twitter:card\" content=\"summary_large_image\" \/>\n<script type=\"application\/ld+json\" class=\"yoast-schema-graph\">{\"@context\":\"https:\/\/schema.org\",\"@graph\":[{\"@type\":\"WebPage\",\"@id\":\"https:\/\/limit-tools.com\/sv\/tips-and-tricks\/\",\"url\":\"https:\/\/limit-tools.com\/sv\/tips-and-tricks\/\",\"name\":\"Tips och tricks - Precision measuring instruments | Limit\",\"isPartOf\":{\"@id\":\"https:\/\/limit-tools.com\/pl\/#website\"},\"datePublished\":\"2018-12-10T09:21:03+00:00\",\"dateModified\":\"2020-02-05T13:03:11+00:00\",\"description\":\"Vi \u00e4r experter inom m\u00e4t. H\u00e4r hittar du tips och tricks du beh\u00f6ver f\u00f6r att m\u00e4ta p\u00e5 r\u00e4tt s\u00e4tt. Du hittar laserinstrument, vekstadsm\u00e4t, v\u00e5gar, inspektion m.m.\",\"inLanguage\":\"sv-SE\",\"potentialAction\":[{\"@type\":\"ReadAction\",\"target\":[\"https:\/\/limit-tools.com\/sv\/tips-and-tricks\/\"]}]},{\"@type\":\"WebSite\",\"@id\":\"https:\/\/limit-tools.com\/pl\/#website\",\"url\":\"https:\/\/limit-tools.com\/pl\/\",\"name\":\"Precision measuring instruments | Limit\",\"description\":\"Everything can be measured\",\"potentialAction\":[{\"@type\":\"SearchAction\",\"target\":{\"@type\":\"EntryPoint\",\"urlTemplate\":\"https:\/\/limit-tools.com\/pl\/?s={search_term_string}\"},\"query-input\":{\"@type\":\"PropertyValueSpecification\",\"valueRequired\":true,\"valueName\":\"search_term_string\"}}],\"inLanguage\":\"sv-SE\"}]}<\/script>\n<!-- \/ Yoast SEO plugin. -->","yoast_head_json":{"title":"Tips och tricks - Precision measuring instruments | Limit","description":"Vi \u00e4r experter inom m\u00e4t. H\u00e4r hittar du tips och tricks du beh\u00f6ver f\u00f6r att m\u00e4ta p\u00e5 r\u00e4tt s\u00e4tt. Du hittar laserinstrument, vekstadsm\u00e4t, v\u00e5gar, inspektion m.m.","robots":{"index":"index","follow":"follow","max-snippet":"max-snippet:-1","max-image-preview":"max-image-preview:large","max-video-preview":"max-video-preview:-1"},"canonical":"https:\/\/limit-tools.com\/sv\/tips-and-tricks\/","og_locale":"sv_SE","og_type":"article","og_title":"Tips och tricks - Precision measuring instruments | Limit","og_description":"Vi \u00e4r experter inom m\u00e4t. H\u00e4r hittar du tips och tricks du beh\u00f6ver f\u00f6r att m\u00e4ta p\u00e5 r\u00e4tt s\u00e4tt. Du hittar laserinstrument, vekstadsm\u00e4t, v\u00e5gar, inspektion m.m.","og_url":"https:\/\/limit-tools.com\/sv\/tips-and-tricks\/","og_site_name":"Precision measuring instruments | Limit","article_publisher":"https:\/\/www.facebook.com\/limittools\/","article_modified_time":"2020-02-05T13:03:11+00:00","twitter_card":"summary_large_image","schema":{"@context":"https:\/\/schema.org","@graph":[{"@type":"WebPage","@id":"https:\/\/limit-tools.com\/sv\/tips-and-tricks\/","url":"https:\/\/limit-tools.com\/sv\/tips-and-tricks\/","name":"Tips och tricks - Precision measuring instruments | Limit","isPartOf":{"@id":"https:\/\/limit-tools.com\/pl\/#website"},"datePublished":"2018-12-10T09:21:03+00:00","dateModified":"2020-02-05T13:03:11+00:00","description":"Vi \u00e4r experter inom m\u00e4t. H\u00e4r hittar du tips och tricks du beh\u00f6ver f\u00f6r att m\u00e4ta p\u00e5 r\u00e4tt s\u00e4tt. Du hittar laserinstrument, vekstadsm\u00e4t, v\u00e5gar, inspektion m.m.","inLanguage":"sv-SE","potentialAction":[{"@type":"ReadAction","target":["https:\/\/limit-tools.com\/sv\/tips-and-tricks\/"]}]},{"@type":"WebSite","@id":"https:\/\/limit-tools.com\/pl\/#website","url":"https:\/\/limit-tools.com\/pl\/","name":"Precision measuring instruments | Limit","description":"Everything can be measured","potentialAction":[{"@type":"SearchAction","target":{"@type":"EntryPoint","urlTemplate":"https:\/\/limit-tools.com\/pl\/?s={search_term_string}"},"query-input":{"@type":"PropertyValueSpecification","valueRequired":true,"valueName":"search_term_string"}}],"inLanguage":"sv-SE"}]}},"_links":{"self":[{"href":"https:\/\/limit-tools.com\/sv\/wp-json\/wp\/v2\/pages\/1268"}],"collection":[{"href":"https:\/\/limit-tools.com\/sv\/wp-json\/wp\/v2\/pages"}],"about":[{"href":"https:\/\/limit-tools.com\/sv\/wp-json\/wp\/v2\/types\/page"}],"author":[{"embeddable":true,"href":"https:\/\/limit-tools.com\/sv\/wp-json\/wp\/v2\/users\/1"}],"replies":[{"embeddable":true,"href":"https:\/\/limit-tools.com\/sv\/wp-json\/wp\/v2\/comments?post=1268"}],"version-history":[{"count":3,"href":"https:\/\/limit-tools.com\/sv\/wp-json\/wp\/v2\/pages\/1268\/revisions"}],"predecessor-version":[{"id":4314,"href":"https:\/\/limit-tools.com\/sv\/wp-json\/wp\/v2\/pages\/1268\/revisions\/4314"}],"wp:attachment":[{"href":"https:\/\/limit-tools.com\/sv\/wp-json\/wp\/v2\/media?parent=1268"}],"curies":[{"name":"wp","href":"https:\/\/api.w.org\/{rel}","templated":true}]}}