{"id":1163,"date":"2018-12-14T13:03:53","date_gmt":"2018-12-14T13:03:53","guid":{"rendered":"https:\/\/limit-tools.com\/?page_id=1163"},"modified":"2025-11-20T10:49:59","modified_gmt":"2025-11-20T10:49:59","slug":"kontakt-din-lokala-distributor","status":"publish","type":"page","link":"https:\/\/limit-tools.com\/sv\/about-limit\/kontakt-din-lokala-distributor\/","title":{"rendered":"Kontakt"},"content":{"rendered":"<div class=\"wpb-content-wrapper\"><p>[vc_row][vc_column][vc_column_text]Find a distributor[\/vc_column_text][\/vc_column][\/vc_row]<\/p>\n<\/div>","protected":false},"excerpt":{"rendered":"[vc_row][vc_column][vc_column_text]Find a distributor[\/vc_column_text][\/vc_column][\/vc_row]","protected":false},"author":1,"featured_media":0,"parent":1246,"menu_order":0,"comment_status":"closed","ping_status":"closed","template":"template-contact.php","meta":{"_acf_changed":false,"footnotes":""},"class_list":["post-1163","page","type-page","status-publish","hentry"],"acf":[],"yoast_head":"<!-- This site is optimized with the Yoast SEO plugin v23.4 - https:\/\/yoast.com\/wordpress\/plugins\/seo\/ -->\n<title>Kontakt a din lokala distribut\u00f6r - Precision measuring instruments | Limit<\/title>\n<meta name=\"description\" content=\"Hitta din lokala distribut\u00f6r eller kontakta oss via formul\u00e4r. Vi svara p\u00e5 alla fr\u00e5gor inom 24 timmar. M\u00e4tverktyg ska vara enkla att anv\u00e4nda.\" \/>\n<meta name=\"robots\" content=\"index, follow, max-snippet:-1, max-image-preview:large, max-video-preview:-1\" \/>\n<link rel=\"canonical\" href=\"https:\/\/limit-tools.com\/sv\/about-limit\/kontakt-din-lokala-distributor\/\" \/>\n<meta property=\"og:locale\" content=\"sv_SE\" \/>\n<meta property=\"og:type\" content=\"article\" \/>\n<meta property=\"og:title\" content=\"Kontakt a din lokala distribut\u00f6r - Precision measuring instruments | Limit\" \/>\n<meta property=\"og:description\" content=\"Hitta din lokala distribut\u00f6r eller kontakta oss via formul\u00e4r. Vi svara p\u00e5 alla fr\u00e5gor inom 24 timmar. M\u00e4tverktyg ska vara enkla att anv\u00e4nda.\" \/>\n<meta property=\"og:url\" content=\"https:\/\/limit-tools.com\/sv\/about-limit\/kontakt-din-lokala-distributor\/\" \/>\n<meta property=\"og:site_name\" content=\"Precision measuring instruments | Limit\" \/>\n<meta property=\"article:publisher\" content=\"https:\/\/www.facebook.com\/limittools\/\" \/>\n<meta property=\"article:modified_time\" content=\"2025-11-20T10:49:59+00:00\" \/>\n<meta name=\"twitter:card\" content=\"summary_large_image\" \/>\n<meta name=\"twitter:label1\" content=\"Ber\u00e4knad l\u00e4stid\" \/>\n\t<meta name=\"twitter:data1\" content=\"2 minuter\" \/>\n<script type=\"application\/ld+json\" class=\"yoast-schema-graph\">{\"@context\":\"https:\/\/schema.org\",\"@graph\":[{\"@type\":\"WebPage\",\"@id\":\"https:\/\/limit-tools.com\/sv\/about-limit\/kontakt-din-lokala-distributor\/\",\"url\":\"https:\/\/limit-tools.com\/sv\/about-limit\/kontakt-din-lokala-distributor\/\",\"name\":\"Kontakt a din lokala distribut\u00f6r - Precision measuring instruments | Limit\",\"isPartOf\":{\"@id\":\"https:\/\/limit-tools.com\/pl\/#website\"},\"datePublished\":\"2018-12-14T13:03:53+00:00\",\"dateModified\":\"2025-11-20T10:49:59+00:00\",\"description\":\"Hitta din lokala distribut\u00f6r eller kontakta oss via formul\u00e4r. Vi svara p\u00e5 alla fr\u00e5gor inom 24 timmar. M\u00e4tverktyg ska vara enkla att anv\u00e4nda.\",\"breadcrumb\":{\"@id\":\"https:\/\/limit-tools.com\/sv\/about-limit\/kontakt-din-lokala-distributor\/#breadcrumb\"},\"inLanguage\":\"sv-SE\",\"potentialAction\":[{\"@type\":\"ReadAction\",\"target\":[\"https:\/\/limit-tools.com\/sv\/about-limit\/kontakt-din-lokala-distributor\/\"]}]},{\"@type\":\"BreadcrumbList\",\"@id\":\"https:\/\/limit-tools.com\/sv\/about-limit\/kontakt-din-lokala-distributor\/#breadcrumb\",\"itemListElement\":[{\"@type\":\"ListItem\",\"position\":1,\"name\":\"Om Limit\",\"item\":\"https:\/\/limit-tools.com\/sv\/about-limit\/\"},{\"@type\":\"ListItem\",\"position\":2,\"name\":\"Kontakt\"}]},{\"@type\":\"WebSite\",\"@id\":\"https:\/\/limit-tools.com\/pl\/#website\",\"url\":\"https:\/\/limit-tools.com\/pl\/\",\"name\":\"Precision measuring instruments | Limit\",\"description\":\"Everything can be measured\",\"potentialAction\":[{\"@type\":\"SearchAction\",\"target\":{\"@type\":\"EntryPoint\",\"urlTemplate\":\"https:\/\/limit-tools.com\/pl\/?s={search_term_string}\"},\"query-input\":{\"@type\":\"PropertyValueSpecification\",\"valueRequired\":true,\"valueName\":\"search_term_string\"}}],\"inLanguage\":\"sv-SE\"}]}<\/script>\n<!-- \/ Yoast SEO plugin. -->","yoast_head_json":{"title":"Kontakt a din lokala distribut\u00f6r - Precision measuring instruments | Limit","description":"Hitta din lokala distribut\u00f6r eller kontakta oss via formul\u00e4r. Vi svara p\u00e5 alla fr\u00e5gor inom 24 timmar. M\u00e4tverktyg ska vara enkla att anv\u00e4nda.","robots":{"index":"index","follow":"follow","max-snippet":"max-snippet:-1","max-image-preview":"max-image-preview:large","max-video-preview":"max-video-preview:-1"},"canonical":"https:\/\/limit-tools.com\/sv\/about-limit\/kontakt-din-lokala-distributor\/","og_locale":"sv_SE","og_type":"article","og_title":"Kontakt a din lokala distribut\u00f6r - Precision measuring instruments | Limit","og_description":"Hitta din lokala distribut\u00f6r eller kontakta oss via formul\u00e4r. Vi svara p\u00e5 alla fr\u00e5gor inom 24 timmar. M\u00e4tverktyg ska vara enkla att anv\u00e4nda.","og_url":"https:\/\/limit-tools.com\/sv\/about-limit\/kontakt-din-lokala-distributor\/","og_site_name":"Precision measuring instruments | Limit","article_publisher":"https:\/\/www.facebook.com\/limittools\/","article_modified_time":"2025-11-20T10:49:59+00:00","twitter_card":"summary_large_image","twitter_misc":{"Ber\u00e4knad l\u00e4stid":"2 minuter"},"schema":{"@context":"https:\/\/schema.org","@graph":[{"@type":"WebPage","@id":"https:\/\/limit-tools.com\/sv\/about-limit\/kontakt-din-lokala-distributor\/","url":"https:\/\/limit-tools.com\/sv\/about-limit\/kontakt-din-lokala-distributor\/","name":"Kontakt a din lokala distribut\u00f6r - Precision measuring instruments | Limit","isPartOf":{"@id":"https:\/\/limit-tools.com\/pl\/#website"},"datePublished":"2018-12-14T13:03:53+00:00","dateModified":"2025-11-20T10:49:59+00:00","description":"Hitta din lokala distribut\u00f6r eller kontakta oss via formul\u00e4r. Vi svara p\u00e5 alla fr\u00e5gor inom 24 timmar. M\u00e4tverktyg ska vara enkla att anv\u00e4nda.","breadcrumb":{"@id":"https:\/\/limit-tools.com\/sv\/about-limit\/kontakt-din-lokala-distributor\/#breadcrumb"},"inLanguage":"sv-SE","potentialAction":[{"@type":"ReadAction","target":["https:\/\/limit-tools.com\/sv\/about-limit\/kontakt-din-lokala-distributor\/"]}]},{"@type":"BreadcrumbList","@id":"https:\/\/limit-tools.com\/sv\/about-limit\/kontakt-din-lokala-distributor\/#breadcrumb","itemListElement":[{"@type":"ListItem","position":1,"name":"Om Limit","item":"https:\/\/limit-tools.com\/sv\/about-limit\/"},{"@type":"ListItem","position":2,"name":"Kontakt"}]},{"@type":"WebSite","@id":"https:\/\/limit-tools.com\/pl\/#website","url":"https:\/\/limit-tools.com\/pl\/","name":"Precision measuring instruments | Limit","description":"Everything can be measured","potentialAction":[{"@type":"SearchAction","target":{"@type":"EntryPoint","urlTemplate":"https:\/\/limit-tools.com\/pl\/?s={search_term_string}"},"query-input":{"@type":"PropertyValueSpecification","valueRequired":true,"valueName":"search_term_string"}}],"inLanguage":"sv-SE"}]}},"_links":{"self":[{"href":"https:\/\/limit-tools.com\/sv\/wp-json\/wp\/v2\/pages\/1163"}],"collection":[{"href":"https:\/\/limit-tools.com\/sv\/wp-json\/wp\/v2\/pages"}],"about":[{"href":"https:\/\/limit-tools.com\/sv\/wp-json\/wp\/v2\/types\/page"}],"author":[{"embeddable":true,"href":"https:\/\/limit-tools.com\/sv\/wp-json\/wp\/v2\/users\/1"}],"replies":[{"embeddable":true,"href":"https:\/\/limit-tools.com\/sv\/wp-json\/wp\/v2\/comments?post=1163"}],"version-history":[{"count":12,"href":"https:\/\/limit-tools.com\/sv\/wp-json\/wp\/v2\/pages\/1163\/revisions"}],"predecessor-version":[{"id":5633,"href":"https:\/\/limit-tools.com\/sv\/wp-json\/wp\/v2\/pages\/1163\/revisions\/5633"}],"up":[{"embeddable":true,"href":"https:\/\/limit-tools.com\/sv\/wp-json\/wp\/v2\/pages\/1246"}],"wp:attachment":[{"href":"https:\/\/limit-tools.com\/sv\/wp-json\/wp\/v2\/media?parent=1163"}],"curies":[{"name":"wp","href":"https:\/\/api.w.org\/{rel}","templated":true}]}}