{"id":5099,"date":"2025-01-22T09:50:51","date_gmt":"2025-01-22T09:50:51","guid":{"rendered":"https:\/\/limit-tools.com\/product\/5099\/"},"modified":"2025-01-22T09:50:51","modified_gmt":"2025-01-22T09:50:51","slug":"5099","status":"publish","type":"product","link":"https:\/\/limit-tools.com\/pl\/product\/5099\/","title":{"rendered":""},"content":{"rendered":"<p>S\u0142u\u017cy do sprawdzania obecno\u015bci napi\u0119cia elektrycznego w przewodach, gniazdkach \u015bciennych itp. Pozwala odr\u00f3\u017cni\u0107 przew\u00f3d fazowy od zerowego. Bezdotykowy, wystarczy zbli\u017cy\u0107 ko\u0144c\u00f3wk\u0119 do przewodu z napi\u0119ciem przemiennym. Dioda LED do o\u015bwietlania miejsca pracy. Gdy na kontrolowanym elemencie wyst\u0119puje napi\u0119cie, emitowany jest sygna\u0142 akustyczny oraz \u015bwietlny \u2013 czerwony lub zielony. Wy\u0142\u0105czanie pr\u00f3bnika zar\u00f3wno samoczynne jak i r\u0119czne. Pr\u00f3bnik stale kontroluje sprawno\u015b\u0107 baterii i sygnalizuje to b\u0142yskaj\u0105c\u0105 diod\u0105 LED. Dostarczany z bateri\u0105 i instrukcj\u0105 obs\u0142ugi. Izolacja CAT IV 1\u00a0000\u00a0V.<\/p>\n","protected":false},"excerpt":{"rendered":"S\u0142u\u017cy do sprawdzania obecno\u015bci napi\u0119cia elektrycznego w przewodach, gniazdkach \u015bciennych itp. Pozwala odr\u00f3\u017cni\u0107 przew\u00f3d fazowy od zerowego. Bezdotykowy, wystarczy zbli\u017cy\u0107 [&hellip;]","protected":false},"featured_media":0,"comment_status":"closed","ping_status":"closed","template":"","meta":{"_acf_changed":false},"product_cat":[341,484],"product_tag":[],"class_list":{"0":"post-5099","1":"product","2":"type-product","3":"status-publish","5":"product_cat-testy-instalacji-elektrycznych-pl","6":"product_cat-detektory-napiecia-pl","8":"first","9":"instock","10":"shipping-taxable","11":"product-type-simple"},"acf":[],"yoast_head":"<!-- This site is optimized with the Yoast SEO plugin v23.4 - https:\/\/yoast.com\/wordpress\/plugins\/seo\/ -->\n<title>- Precision measuring instruments | Limit<\/title>\n<meta name=\"robots\" content=\"index, follow, max-snippet:-1, max-image-preview:large, max-video-preview:-1\" \/>\n<link rel=\"canonical\" href=\"https:\/\/limit-tools.com\/pl\/product\/5099\/\" \/>\n<meta property=\"og:locale\" content=\"pl_PL\" \/>\n<meta property=\"og:type\" content=\"article\" \/>\n<meta property=\"og:title\" content=\"- Precision measuring instruments | Limit\" \/>\n<meta property=\"og:description\" content=\"S\u0142u\u017cy do sprawdzania obecno\u015bci napi\u0119cia elektrycznego w przewodach, gniazdkach \u015bciennych itp. Pozwala odr\u00f3\u017cni\u0107 przew\u00f3d fazowy od zerowego. Bezdotykowy, wystarczy zbli\u017cy\u0107 [&hellip;]\" \/>\n<meta property=\"og:url\" content=\"https:\/\/limit-tools.com\/pl\/product\/5099\/\" \/>\n<meta property=\"og:site_name\" content=\"Precision measuring instruments | Limit\" \/>\n<meta property=\"article:publisher\" content=\"https:\/\/www.facebook.com\/limittools\/\" \/>\n<meta name=\"twitter:card\" content=\"summary_large_image\" \/>\n<script type=\"application\/ld+json\" class=\"yoast-schema-graph\">{\"@context\":\"https:\/\/schema.org\",\"@graph\":[{\"@type\":\"WebPage\",\"@id\":\"https:\/\/limit-tools.com\/pl\/product\/5099\/\",\"url\":\"https:\/\/limit-tools.com\/pl\/product\/5099\/\",\"name\":\"- Precision measuring instruments | Limit\",\"isPartOf\":{\"@id\":\"https:\/\/limit-tools.com\/pl\/#website\"},\"datePublished\":\"2025-01-22T09:50:51+00:00\",\"dateModified\":\"2025-01-22T09:50:51+00:00\",\"inLanguage\":\"pl-PL\",\"potentialAction\":[{\"@type\":\"ReadAction\",\"target\":[\"https:\/\/limit-tools.com\/pl\/product\/5099\/\"]}]},{\"@type\":\"WebSite\",\"@id\":\"https:\/\/limit-tools.com\/pl\/#website\",\"url\":\"https:\/\/limit-tools.com\/pl\/\",\"name\":\"Precision measuring instruments | Limit\",\"description\":\"Everything can be measured\",\"potentialAction\":[{\"@type\":\"SearchAction\",\"target\":{\"@type\":\"EntryPoint\",\"urlTemplate\":\"https:\/\/limit-tools.com\/pl\/?s={search_term_string}\"},\"query-input\":{\"@type\":\"PropertyValueSpecification\",\"valueRequired\":true,\"valueName\":\"search_term_string\"}}],\"inLanguage\":\"pl-PL\"}]}<\/script>\n<!-- \/ Yoast SEO plugin. -->","yoast_head_json":{"title":"- Precision measuring instruments | Limit","robots":{"index":"index","follow":"follow","max-snippet":"max-snippet:-1","max-image-preview":"max-image-preview:large","max-video-preview":"max-video-preview:-1"},"canonical":"https:\/\/limit-tools.com\/pl\/product\/5099\/","og_locale":"pl_PL","og_type":"article","og_title":"- Precision measuring instruments | Limit","og_description":"S\u0142u\u017cy do sprawdzania obecno\u015bci napi\u0119cia elektrycznego w przewodach, gniazdkach \u015bciennych itp. Pozwala odr\u00f3\u017cni\u0107 przew\u00f3d fazowy od zerowego. Bezdotykowy, wystarczy zbli\u017cy\u0107 [&hellip;]","og_url":"https:\/\/limit-tools.com\/pl\/product\/5099\/","og_site_name":"Precision measuring instruments | Limit","article_publisher":"https:\/\/www.facebook.com\/limittools\/","twitter_card":"summary_large_image","schema":{"@context":"https:\/\/schema.org","@graph":[{"@type":"WebPage","@id":"https:\/\/limit-tools.com\/pl\/product\/5099\/","url":"https:\/\/limit-tools.com\/pl\/product\/5099\/","name":"- Precision measuring instruments | Limit","isPartOf":{"@id":"https:\/\/limit-tools.com\/pl\/#website"},"datePublished":"2025-01-22T09:50:51+00:00","dateModified":"2025-01-22T09:50:51+00:00","inLanguage":"pl-PL","potentialAction":[{"@type":"ReadAction","target":["https:\/\/limit-tools.com\/pl\/product\/5099\/"]}]},{"@type":"WebSite","@id":"https:\/\/limit-tools.com\/pl\/#website","url":"https:\/\/limit-tools.com\/pl\/","name":"Precision measuring instruments | Limit","description":"Everything can be measured","potentialAction":[{"@type":"SearchAction","target":{"@type":"EntryPoint","urlTemplate":"https:\/\/limit-tools.com\/pl\/?s={search_term_string}"},"query-input":{"@type":"PropertyValueSpecification","valueRequired":true,"valueName":"search_term_string"}}],"inLanguage":"pl-PL"}]}},"_links":{"self":[{"href":"https:\/\/limit-tools.com\/pl\/wp-json\/wp\/v2\/product\/5099"}],"collection":[{"href":"https:\/\/limit-tools.com\/pl\/wp-json\/wp\/v2\/product"}],"about":[{"href":"https:\/\/limit-tools.com\/pl\/wp-json\/wp\/v2\/types\/product"}],"replies":[{"embeddable":true,"href":"https:\/\/limit-tools.com\/pl\/wp-json\/wp\/v2\/comments?post=5099"}],"wp:attachment":[{"href":"https:\/\/limit-tools.com\/pl\/wp-json\/wp\/v2\/media?parent=5099"}],"wp:term":[{"taxonomy":"product_cat","embeddable":true,"href":"https:\/\/limit-tools.com\/pl\/wp-json\/wp\/v2\/product_cat?post=5099"},{"taxonomy":"product_tag","embeddable":true,"href":"https:\/\/limit-tools.com\/pl\/wp-json\/wp\/v2\/product_tag?post=5099"}],"curies":[{"name":"wp","href":"https:\/\/api.w.org\/{rel}","templated":true}]}}