{"id":4785,"date":"2025-01-22T09:50:36","date_gmt":"2025-01-22T09:50:36","guid":{"rendered":"https:\/\/limit-tools.com\/product\/suwmiarka-cyfrowa-z-duzym-wyswietlaczem-cdn-200-mm\/"},"modified":"2025-01-22T09:50:36","modified_gmt":"2025-01-22T09:50:36","slug":"4785","status":"publish","type":"product","link":"https:\/\/limit-tools.com\/pl\/product\/4785\/","title":{"rendered":""},"content":{"rendered":"<p>Suwmiarka cyfrowa z du\u017cym wy\u015bwietlaczem LCD z cyframi 13 mm, zapewniaj\u0105cym szybki odczyt wyniku pomiaru. Mo\u017ce mierzy\u0107 \u015brednic\u0119 wewn\u0119trzn\u0105, \u015brednic\u0119 zewn\u0119trzn\u0105, g\u0142\u0119boko\u015b\u0107 i wysoko\u015b\u0107, ponadto posiada funkcj\u0119 rysika. Podzia\u0142ka ze stali nierdzewnej. Wynik podawany w mm lub calach, szybko\u015b\u0107 reakcji 3.0 m\/s, automatyczne wy\u0142\u0105czanie. Pomiar bezwzgl\u0119dny, jak i mo\u017cliwo\u015b\u0107 ustalenia zera w dowolnej pozycji. Wykonanie zgodne z DIN 862. Za\u0142\u0105czona bateria typu CR2032.<\/p>\n","protected":false},"excerpt":{"rendered":"Suwmiarka cyfrowa z du\u017cym wy\u015bwietlaczem LCD z cyframi 13 mm, zapewniaj\u0105cym szybki odczyt wyniku pomiaru. Mo\u017ce mierzy\u0107 \u015brednic\u0119 wewn\u0119trzn\u0105, \u015brednic\u0119 [&hellip;]","protected":false},"featured_media":0,"comment_status":"closed","ping_status":"closed","template":"","meta":{"_acf_changed":false},"product_cat":[247,358],"product_tag":[],"class_list":{"0":"post-4785","1":"product","2":"type-product","3":"status-publish","5":"product_cat-pomiary-warsztatowe-pl","6":"product_cat-suwmiarki-cyfrowe-pl","8":"first","9":"instock","10":"shipping-taxable","11":"product-type-simple"},"acf":[],"yoast_head":"<!-- This site is optimized with the Yoast SEO plugin v23.4 - https:\/\/yoast.com\/wordpress\/plugins\/seo\/ -->\n<title>- Precision measuring instruments | Limit<\/title>\n<meta name=\"robots\" content=\"index, follow, max-snippet:-1, max-image-preview:large, max-video-preview:-1\" \/>\n<link rel=\"canonical\" href=\"https:\/\/limit-tools.com\/pl\/product\/4785\/\" \/>\n<meta property=\"og:locale\" content=\"pl_PL\" \/>\n<meta property=\"og:type\" content=\"article\" \/>\n<meta property=\"og:title\" content=\"- Precision measuring instruments | Limit\" \/>\n<meta property=\"og:description\" content=\"Suwmiarka cyfrowa z du\u017cym wy\u015bwietlaczem LCD z cyframi 13 mm, zapewniaj\u0105cym szybki odczyt wyniku pomiaru. Mo\u017ce mierzy\u0107 \u015brednic\u0119 wewn\u0119trzn\u0105, \u015brednic\u0119 [&hellip;]\" \/>\n<meta property=\"og:url\" content=\"https:\/\/limit-tools.com\/pl\/product\/4785\/\" \/>\n<meta property=\"og:site_name\" content=\"Precision measuring instruments | Limit\" \/>\n<meta property=\"article:publisher\" content=\"https:\/\/www.facebook.com\/limittools\/\" \/>\n<meta name=\"twitter:card\" content=\"summary_large_image\" \/>\n<script type=\"application\/ld+json\" class=\"yoast-schema-graph\">{\"@context\":\"https:\/\/schema.org\",\"@graph\":[{\"@type\":\"WebPage\",\"@id\":\"https:\/\/limit-tools.com\/pl\/product\/4785\/\",\"url\":\"https:\/\/limit-tools.com\/pl\/product\/4785\/\",\"name\":\"- Precision measuring instruments | Limit\",\"isPartOf\":{\"@id\":\"https:\/\/limit-tools.com\/pl\/#website\"},\"datePublished\":\"2025-01-22T09:50:36+00:00\",\"dateModified\":\"2025-01-22T09:50:36+00:00\",\"inLanguage\":\"pl-PL\",\"potentialAction\":[{\"@type\":\"ReadAction\",\"target\":[\"https:\/\/limit-tools.com\/pl\/product\/4785\/\"]}]},{\"@type\":\"WebSite\",\"@id\":\"https:\/\/limit-tools.com\/pl\/#website\",\"url\":\"https:\/\/limit-tools.com\/pl\/\",\"name\":\"Precision measuring instruments | Limit\",\"description\":\"Everything can be measured\",\"potentialAction\":[{\"@type\":\"SearchAction\",\"target\":{\"@type\":\"EntryPoint\",\"urlTemplate\":\"https:\/\/limit-tools.com\/pl\/?s={search_term_string}\"},\"query-input\":{\"@type\":\"PropertyValueSpecification\",\"valueRequired\":true,\"valueName\":\"search_term_string\"}}],\"inLanguage\":\"pl-PL\"}]}<\/script>\n<!-- \/ Yoast SEO plugin. -->","yoast_head_json":{"title":"- Precision measuring instruments | Limit","robots":{"index":"index","follow":"follow","max-snippet":"max-snippet:-1","max-image-preview":"max-image-preview:large","max-video-preview":"max-video-preview:-1"},"canonical":"https:\/\/limit-tools.com\/pl\/product\/4785\/","og_locale":"pl_PL","og_type":"article","og_title":"- Precision measuring instruments | Limit","og_description":"Suwmiarka cyfrowa z du\u017cym wy\u015bwietlaczem LCD z cyframi 13 mm, zapewniaj\u0105cym szybki odczyt wyniku pomiaru. Mo\u017ce mierzy\u0107 \u015brednic\u0119 wewn\u0119trzn\u0105, \u015brednic\u0119 [&hellip;]","og_url":"https:\/\/limit-tools.com\/pl\/product\/4785\/","og_site_name":"Precision measuring instruments | Limit","article_publisher":"https:\/\/www.facebook.com\/limittools\/","twitter_card":"summary_large_image","schema":{"@context":"https:\/\/schema.org","@graph":[{"@type":"WebPage","@id":"https:\/\/limit-tools.com\/pl\/product\/4785\/","url":"https:\/\/limit-tools.com\/pl\/product\/4785\/","name":"- Precision measuring instruments | Limit","isPartOf":{"@id":"https:\/\/limit-tools.com\/pl\/#website"},"datePublished":"2025-01-22T09:50:36+00:00","dateModified":"2025-01-22T09:50:36+00:00","inLanguage":"pl-PL","potentialAction":[{"@type":"ReadAction","target":["https:\/\/limit-tools.com\/pl\/product\/4785\/"]}]},{"@type":"WebSite","@id":"https:\/\/limit-tools.com\/pl\/#website","url":"https:\/\/limit-tools.com\/pl\/","name":"Precision measuring instruments | Limit","description":"Everything can be measured","potentialAction":[{"@type":"SearchAction","target":{"@type":"EntryPoint","urlTemplate":"https:\/\/limit-tools.com\/pl\/?s={search_term_string}"},"query-input":{"@type":"PropertyValueSpecification","valueRequired":true,"valueName":"search_term_string"}}],"inLanguage":"pl-PL"}]}},"_links":{"self":[{"href":"https:\/\/limit-tools.com\/pl\/wp-json\/wp\/v2\/product\/4785"}],"collection":[{"href":"https:\/\/limit-tools.com\/pl\/wp-json\/wp\/v2\/product"}],"about":[{"href":"https:\/\/limit-tools.com\/pl\/wp-json\/wp\/v2\/types\/product"}],"replies":[{"embeddable":true,"href":"https:\/\/limit-tools.com\/pl\/wp-json\/wp\/v2\/comments?post=4785"}],"wp:attachment":[{"href":"https:\/\/limit-tools.com\/pl\/wp-json\/wp\/v2\/media?parent=4785"}],"wp:term":[{"taxonomy":"product_cat","embeddable":true,"href":"https:\/\/limit-tools.com\/pl\/wp-json\/wp\/v2\/product_cat?post=4785"},{"taxonomy":"product_tag","embeddable":true,"href":"https:\/\/limit-tools.com\/pl\/wp-json\/wp\/v2\/product_tag?post=4785"}],"curies":[{"name":"wp","href":"https:\/\/api.w.org\/{rel}","templated":true}]}}