{"id":3980,"date":"2019-04-26T14:12:11","date_gmt":"2019-04-26T14:12:11","guid":{"rendered":"https:\/\/limit-tools.com\/product\/3980\/"},"modified":"2019-04-26T14:12:11","modified_gmt":"2019-04-26T14:12:11","slug":"3980","status":"publish","type":"product","link":"https:\/\/limit-tools.com\/pl\/product\/3980\/","title":{"rendered":""},"content":{"rendered":"<p>R\u0119czny, \u0142atwy w u\u017cyciu wilgotno\u015bciomierz dla stolarzy, inspektor\u00f3w budynk\u00f3w, pracownik\u00f3w bran\u017cy drzewnej i indywidualnych w\u0142a\u015bcicieli dom\u00f3w, do pomiaru zawarto\u015bci wilgoci w drewnie. Wynik pomiaru podawany jest na wy\u015bwietlaczu LCD od razu po wci\u015bni\u0119ciu kolc\u00f3w w drewno. Pokrywka ochronna spe\u0142nia r\u00f3wnie\u017c funkcj\u0119 kalibracyjn\u0105, dla zapewnienia sta\u0142ej gotowo\u015bci pomiarowej. Przyrz\u0105d posiada 7 zakres\u00f3w pomiarowych, \u0142atwo wybieranych stosownie do gatunku mierzonego drewna. Posiada pod\u015bwietlenie wy\u015bwietlacza oraz automatyczne wy\u0142\u0105czanie po 30 s.<\/p>\n","protected":false},"excerpt":{"rendered":"R\u0119czny, \u0142atwy w u\u017cyciu wilgotno\u015bciomierz dla stolarzy, inspektor\u00f3w budynk\u00f3w, pracownik\u00f3w bran\u017cy drzewnej i indywidualnych w\u0142a\u015bcicieli dom\u00f3w, do pomiaru zawarto\u015bci wilgoci [&hellip;]","protected":false},"featured_media":0,"comment_status":"open","ping_status":"closed","template":"","meta":{"_acf_changed":false},"product_cat":[15],"product_tag":[],"class_list":{"0":"post-3980","1":"product","2":"type-product","3":"status-publish","5":"product_cat-uncategorized","7":"first","8":"instock","9":"shipping-taxable","10":"product-type-simple"},"acf":[],"yoast_head":"<!-- This site is optimized with the Yoast SEO plugin v23.4 - https:\/\/yoast.com\/wordpress\/plugins\/seo\/ -->\n<title>- Precision measuring instruments | Limit<\/title>\n<meta name=\"robots\" content=\"index, follow, max-snippet:-1, max-image-preview:large, max-video-preview:-1\" \/>\n<link rel=\"canonical\" href=\"https:\/\/limit-tools.com\/pl\/product\/3980\/\" \/>\n<meta property=\"og:locale\" content=\"pl_PL\" \/>\n<meta property=\"og:type\" content=\"article\" \/>\n<meta property=\"og:title\" content=\"- Precision measuring instruments | Limit\" \/>\n<meta property=\"og:description\" content=\"R\u0119czny, \u0142atwy w u\u017cyciu wilgotno\u015bciomierz dla stolarzy, inspektor\u00f3w budynk\u00f3w, pracownik\u00f3w bran\u017cy drzewnej i indywidualnych w\u0142a\u015bcicieli dom\u00f3w, do pomiaru zawarto\u015bci wilgoci [&hellip;]\" \/>\n<meta property=\"og:url\" content=\"https:\/\/limit-tools.com\/pl\/product\/3980\/\" \/>\n<meta property=\"og:site_name\" content=\"Precision measuring instruments | Limit\" \/>\n<meta property=\"article:publisher\" content=\"https:\/\/www.facebook.com\/limittools\/\" \/>\n<meta name=\"twitter:card\" content=\"summary_large_image\" \/>\n<script type=\"application\/ld+json\" class=\"yoast-schema-graph\">{\"@context\":\"https:\/\/schema.org\",\"@graph\":[{\"@type\":\"WebPage\",\"@id\":\"https:\/\/limit-tools.com\/pl\/product\/3980\/\",\"url\":\"https:\/\/limit-tools.com\/pl\/product\/3980\/\",\"name\":\"- Precision measuring instruments | Limit\",\"isPartOf\":{\"@id\":\"https:\/\/limit-tools.com\/pl\/#website\"},\"datePublished\":\"2019-04-26T14:12:11+00:00\",\"dateModified\":\"2019-04-26T14:12:11+00:00\",\"inLanguage\":\"pl-PL\",\"potentialAction\":[{\"@type\":\"ReadAction\",\"target\":[\"https:\/\/limit-tools.com\/pl\/product\/3980\/\"]}]},{\"@type\":\"WebSite\",\"@id\":\"https:\/\/limit-tools.com\/pl\/#website\",\"url\":\"https:\/\/limit-tools.com\/pl\/\",\"name\":\"Precision measuring instruments | Limit\",\"description\":\"Everything can be measured\",\"potentialAction\":[{\"@type\":\"SearchAction\",\"target\":{\"@type\":\"EntryPoint\",\"urlTemplate\":\"https:\/\/limit-tools.com\/pl\/?s={search_term_string}\"},\"query-input\":{\"@type\":\"PropertyValueSpecification\",\"valueRequired\":true,\"valueName\":\"search_term_string\"}}],\"inLanguage\":\"pl-PL\"}]}<\/script>\n<!-- \/ Yoast SEO plugin. -->","yoast_head_json":{"title":"- Precision measuring instruments | Limit","robots":{"index":"index","follow":"follow","max-snippet":"max-snippet:-1","max-image-preview":"max-image-preview:large","max-video-preview":"max-video-preview:-1"},"canonical":"https:\/\/limit-tools.com\/pl\/product\/3980\/","og_locale":"pl_PL","og_type":"article","og_title":"- Precision measuring instruments | Limit","og_description":"R\u0119czny, \u0142atwy w u\u017cyciu wilgotno\u015bciomierz dla stolarzy, inspektor\u00f3w budynk\u00f3w, pracownik\u00f3w bran\u017cy drzewnej i indywidualnych w\u0142a\u015bcicieli dom\u00f3w, do pomiaru zawarto\u015bci wilgoci [&hellip;]","og_url":"https:\/\/limit-tools.com\/pl\/product\/3980\/","og_site_name":"Precision measuring instruments | Limit","article_publisher":"https:\/\/www.facebook.com\/limittools\/","twitter_card":"summary_large_image","schema":{"@context":"https:\/\/schema.org","@graph":[{"@type":"WebPage","@id":"https:\/\/limit-tools.com\/pl\/product\/3980\/","url":"https:\/\/limit-tools.com\/pl\/product\/3980\/","name":"- Precision measuring instruments | Limit","isPartOf":{"@id":"https:\/\/limit-tools.com\/pl\/#website"},"datePublished":"2019-04-26T14:12:11+00:00","dateModified":"2019-04-26T14:12:11+00:00","inLanguage":"pl-PL","potentialAction":[{"@type":"ReadAction","target":["https:\/\/limit-tools.com\/pl\/product\/3980\/"]}]},{"@type":"WebSite","@id":"https:\/\/limit-tools.com\/pl\/#website","url":"https:\/\/limit-tools.com\/pl\/","name":"Precision measuring instruments | Limit","description":"Everything can be measured","potentialAction":[{"@type":"SearchAction","target":{"@type":"EntryPoint","urlTemplate":"https:\/\/limit-tools.com\/pl\/?s={search_term_string}"},"query-input":{"@type":"PropertyValueSpecification","valueRequired":true,"valueName":"search_term_string"}}],"inLanguage":"pl-PL"}]}},"_links":{"self":[{"href":"https:\/\/limit-tools.com\/pl\/wp-json\/wp\/v2\/product\/3980"}],"collection":[{"href":"https:\/\/limit-tools.com\/pl\/wp-json\/wp\/v2\/product"}],"about":[{"href":"https:\/\/limit-tools.com\/pl\/wp-json\/wp\/v2\/types\/product"}],"replies":[{"embeddable":true,"href":"https:\/\/limit-tools.com\/pl\/wp-json\/wp\/v2\/comments?post=3980"}],"wp:attachment":[{"href":"https:\/\/limit-tools.com\/pl\/wp-json\/wp\/v2\/media?parent=3980"}],"wp:term":[{"taxonomy":"product_cat","embeddable":true,"href":"https:\/\/limit-tools.com\/pl\/wp-json\/wp\/v2\/product_cat?post=3980"},{"taxonomy":"product_tag","embeddable":true,"href":"https:\/\/limit-tools.com\/pl\/wp-json\/wp\/v2\/product_tag?post=3980"}],"curies":[{"name":"wp","href":"https:\/\/api.w.org\/{rel}","templated":true}]}}