{"id":3678,"date":"2025-01-22T09:49:59","date_gmt":"2025-01-22T09:49:59","guid":{"rendered":"https:\/\/limit-tools.com\/product\/3678\/"},"modified":"2025-01-22T09:49:59","modified_gmt":"2025-01-22T09:49:59","slug":"statyw-pomiarowy-3","status":"publish","type":"product","link":"https:\/\/limit-tools.com\/pl\/product\/statyw-pomiarowy-3\/","title":{"rendered":"STATYW POMIAROWY"},"content":{"rendered":"<p>Rami\u0119 gi\u0119tkie, ustalane w dowolnym po\u0142o\u017ceniu za pomoc\u0105 d\u017awigni. Podstawa magnetyczna &#8211; zar\u00f3wno sp\u00f3d, z rowkiem pryzmatycznym, jak i bok. Przyci\u0105ganie w\u0142\u0105cza si\u0119 i wy\u0142\u0105cza d\u017awigni\u0105 prze\u0142\u0105cznika. Dostarczany bez czujnika.<\/p>\n","protected":false},"excerpt":{"rendered":"Rami\u0119 gi\u0119tkie, ustalane w dowolnym po\u0142o\u017ceniu za pomoc\u0105 d\u017awigni. Podstawa magnetyczna &#8211; zar\u00f3wno sp\u00f3d, z rowkiem pryzmatycznym, jak i bok. [&hellip;]","protected":false},"featured_media":0,"comment_status":"closed","ping_status":"closed","template":"","meta":{"_acf_changed":false},"product_cat":[247,292],"product_tag":[],"class_list":{"0":"post-3678","1":"product","2":"type-product","3":"status-publish","5":"product_cat-pomiary-warsztatowe-pl","6":"product_cat-statywy-do-czujnikow-pl","8":"first","9":"instock","10":"shipping-taxable","11":"product-type-simple"},"acf":[],"yoast_head":"<!-- This site is optimized with the Yoast SEO plugin v23.4 - https:\/\/yoast.com\/wordpress\/plugins\/seo\/ -->\n<title>STATYW POMIAROWY - Precision measuring instruments | Limit<\/title>\n<meta name=\"robots\" content=\"index, follow, max-snippet:-1, max-image-preview:large, max-video-preview:-1\" \/>\n<link rel=\"canonical\" href=\"https:\/\/limit-tools.com\/pl\/product\/statyw-pomiarowy-3\/\" \/>\n<meta property=\"og:locale\" content=\"pl_PL\" \/>\n<meta property=\"og:type\" content=\"article\" \/>\n<meta property=\"og:title\" content=\"STATYW POMIAROWY - Precision measuring instruments | Limit\" \/>\n<meta property=\"og:description\" content=\"Rami\u0119 gi\u0119tkie, ustalane w dowolnym po\u0142o\u017ceniu za pomoc\u0105 d\u017awigni. Podstawa magnetyczna &#8211; zar\u00f3wno sp\u00f3d, z rowkiem pryzmatycznym, jak i bok. [&hellip;]\" \/>\n<meta property=\"og:url\" content=\"https:\/\/limit-tools.com\/pl\/product\/statyw-pomiarowy-3\/\" \/>\n<meta property=\"og:site_name\" content=\"Precision measuring instruments | Limit\" \/>\n<meta property=\"article:publisher\" content=\"https:\/\/www.facebook.com\/limittools\/\" \/>\n<meta name=\"twitter:card\" content=\"summary_large_image\" \/>\n<script type=\"application\/ld+json\" class=\"yoast-schema-graph\">{\"@context\":\"https:\/\/schema.org\",\"@graph\":[{\"@type\":\"WebPage\",\"@id\":\"https:\/\/limit-tools.com\/pl\/product\/statyw-pomiarowy-3\/\",\"url\":\"https:\/\/limit-tools.com\/pl\/product\/statyw-pomiarowy-3\/\",\"name\":\"STATYW POMIAROWY - Precision measuring instruments | Limit\",\"isPartOf\":{\"@id\":\"https:\/\/limit-tools.com\/pl\/#website\"},\"datePublished\":\"2025-01-22T09:49:59+00:00\",\"dateModified\":\"2025-01-22T09:49:59+00:00\",\"breadcrumb\":{\"@id\":\"https:\/\/limit-tools.com\/pl\/product\/statyw-pomiarowy-3\/#breadcrumb\"},\"inLanguage\":\"pl-PL\",\"potentialAction\":[{\"@type\":\"ReadAction\",\"target\":[\"https:\/\/limit-tools.com\/pl\/product\/statyw-pomiarowy-3\/\"]}]},{\"@type\":\"BreadcrumbList\",\"@id\":\"https:\/\/limit-tools.com\/pl\/product\/statyw-pomiarowy-3\/#breadcrumb\",\"itemListElement\":[{\"@type\":\"ListItem\",\"position\":1,\"name\":\"Products\",\"item\":\"https:\/\/limit-tools.com\/pl\/products\/\"},{\"@type\":\"ListItem\",\"position\":2,\"name\":\"STATYW POMIAROWY\"}]},{\"@type\":\"WebSite\",\"@id\":\"https:\/\/limit-tools.com\/pl\/#website\",\"url\":\"https:\/\/limit-tools.com\/pl\/\",\"name\":\"Precision measuring instruments | Limit\",\"description\":\"Everything can be measured\",\"potentialAction\":[{\"@type\":\"SearchAction\",\"target\":{\"@type\":\"EntryPoint\",\"urlTemplate\":\"https:\/\/limit-tools.com\/pl\/?s={search_term_string}\"},\"query-input\":{\"@type\":\"PropertyValueSpecification\",\"valueRequired\":true,\"valueName\":\"search_term_string\"}}],\"inLanguage\":\"pl-PL\"}]}<\/script>\n<!-- \/ Yoast SEO plugin. -->","yoast_head_json":{"title":"STATYW POMIAROWY - Precision measuring instruments | Limit","robots":{"index":"index","follow":"follow","max-snippet":"max-snippet:-1","max-image-preview":"max-image-preview:large","max-video-preview":"max-video-preview:-1"},"canonical":"https:\/\/limit-tools.com\/pl\/product\/statyw-pomiarowy-3\/","og_locale":"pl_PL","og_type":"article","og_title":"STATYW POMIAROWY - Precision measuring instruments | Limit","og_description":"Rami\u0119 gi\u0119tkie, ustalane w dowolnym po\u0142o\u017ceniu za pomoc\u0105 d\u017awigni. Podstawa magnetyczna &#8211; zar\u00f3wno sp\u00f3d, z rowkiem pryzmatycznym, jak i bok. [&hellip;]","og_url":"https:\/\/limit-tools.com\/pl\/product\/statyw-pomiarowy-3\/","og_site_name":"Precision measuring instruments | Limit","article_publisher":"https:\/\/www.facebook.com\/limittools\/","twitter_card":"summary_large_image","schema":{"@context":"https:\/\/schema.org","@graph":[{"@type":"WebPage","@id":"https:\/\/limit-tools.com\/pl\/product\/statyw-pomiarowy-3\/","url":"https:\/\/limit-tools.com\/pl\/product\/statyw-pomiarowy-3\/","name":"STATYW POMIAROWY - Precision measuring instruments | Limit","isPartOf":{"@id":"https:\/\/limit-tools.com\/pl\/#website"},"datePublished":"2025-01-22T09:49:59+00:00","dateModified":"2025-01-22T09:49:59+00:00","breadcrumb":{"@id":"https:\/\/limit-tools.com\/pl\/product\/statyw-pomiarowy-3\/#breadcrumb"},"inLanguage":"pl-PL","potentialAction":[{"@type":"ReadAction","target":["https:\/\/limit-tools.com\/pl\/product\/statyw-pomiarowy-3\/"]}]},{"@type":"BreadcrumbList","@id":"https:\/\/limit-tools.com\/pl\/product\/statyw-pomiarowy-3\/#breadcrumb","itemListElement":[{"@type":"ListItem","position":1,"name":"Products","item":"https:\/\/limit-tools.com\/pl\/products\/"},{"@type":"ListItem","position":2,"name":"STATYW POMIAROWY"}]},{"@type":"WebSite","@id":"https:\/\/limit-tools.com\/pl\/#website","url":"https:\/\/limit-tools.com\/pl\/","name":"Precision measuring instruments | Limit","description":"Everything can be measured","potentialAction":[{"@type":"SearchAction","target":{"@type":"EntryPoint","urlTemplate":"https:\/\/limit-tools.com\/pl\/?s={search_term_string}"},"query-input":{"@type":"PropertyValueSpecification","valueRequired":true,"valueName":"search_term_string"}}],"inLanguage":"pl-PL"}]}},"_links":{"self":[{"href":"https:\/\/limit-tools.com\/pl\/wp-json\/wp\/v2\/product\/3678"}],"collection":[{"href":"https:\/\/limit-tools.com\/pl\/wp-json\/wp\/v2\/product"}],"about":[{"href":"https:\/\/limit-tools.com\/pl\/wp-json\/wp\/v2\/types\/product"}],"replies":[{"embeddable":true,"href":"https:\/\/limit-tools.com\/pl\/wp-json\/wp\/v2\/comments?post=3678"}],"wp:attachment":[{"href":"https:\/\/limit-tools.com\/pl\/wp-json\/wp\/v2\/media?parent=3678"}],"wp:term":[{"taxonomy":"product_cat","embeddable":true,"href":"https:\/\/limit-tools.com\/pl\/wp-json\/wp\/v2\/product_cat?post=3678"},{"taxonomy":"product_tag","embeddable":true,"href":"https:\/\/limit-tools.com\/pl\/wp-json\/wp\/v2\/product_tag?post=3678"}],"curies":[{"name":"wp","href":"https:\/\/api.w.org\/{rel}","templated":true}]}}