{"id":3458,"date":"2022-11-15T14:42:34","date_gmt":"2022-11-15T14:42:34","guid":{"rendered":"https:\/\/limit-tools.com\/product\/3458\/"},"modified":"2022-11-15T14:42:34","modified_gmt":"2022-11-15T14:42:34","slug":"probnik-napiecia-limit-100","status":"publish","type":"product","link":"https:\/\/limit-tools.com\/pl\/product\/probnik-napiecia-limit-100\/","title":{"rendered":"PR\u00d3BNIK NAPIECIA LIMIT 100"},"content":{"rendered":"<p>Pr\u00f3bnik do sprawdzania obecno\u015bci napi\u0119cia w gniazdkach \u015bciennych lub lokalizowania uszkodze\u0144 w kablu. Pozwala odr\u00f3\u017cni\u0107 przew\u00f3d fazowy od zerowego. Brak bezpo\u015bredniego kontaktu z elementami pod napi\u0119ciem. Ko\u0144c\u00f3wk\u0119 pr\u00f3bnika zbli\u017ca si\u0119 do powierzchni kabla lub styku gniazdka. Sygna\u0142 \u015bwietlny i d\u017awi\u0119kowy wskazuje na obecno\u015b\u0107 napi\u0119cia. Sygna\u0142 d\u017awi\u0119kowy mo\u017cna wy\u0142\u0105czy\u0107. Wy\u0142\u0105czanie pr\u00f3bnika zar\u00f3wno samoczynne jak i r\u0119czne. Pr\u00f3bnik stale kontroluje sprawno\u015b\u0107 baterii i sygnalizuje to w postaci regularnych b\u0142ysk\u00f3w. Izolacja CAT IV 1000V.<br \/>\nDostarczany z bateri\u0105 i instrukcj\u0105 obs\u0142ugi.<\/p>\n","protected":false},"excerpt":{"rendered":"Pr\u00f3bnik do sprawdzania obecno\u015bci napi\u0119cia w gniazdkach \u015bciennych lub lokalizowania uszkodze\u0144 w kablu. Pozwala odr\u00f3\u017cni\u0107 przew\u00f3d fazowy od zerowego. Brak [&hellip;]","protected":false},"featured_media":0,"comment_status":"closed","ping_status":"closed","template":"","meta":{"_acf_changed":false},"product_cat":[341,484],"product_tag":[],"class_list":{"0":"post-3458","1":"product","2":"type-product","3":"status-publish","5":"product_cat-testy-instalacji-elektrycznych-pl","6":"product_cat-detektory-napiecia-pl","8":"first","9":"instock","10":"shipping-taxable","11":"product-type-simple"},"acf":[],"yoast_head":"<!-- This site is optimized with the Yoast SEO plugin v23.4 - https:\/\/yoast.com\/wordpress\/plugins\/seo\/ -->\n<title>PR\u00d3BNIK NAPIECIA LIMIT 100 - Precision measuring instruments | Limit<\/title>\n<meta name=\"robots\" content=\"index, follow, max-snippet:-1, max-image-preview:large, max-video-preview:-1\" \/>\n<link rel=\"canonical\" href=\"https:\/\/limit-tools.com\/pl\/product\/probnik-napiecia-limit-100\/\" \/>\n<meta property=\"og:locale\" content=\"pl_PL\" \/>\n<meta property=\"og:type\" content=\"article\" \/>\n<meta property=\"og:title\" content=\"PR\u00d3BNIK NAPIECIA LIMIT 100 - Precision measuring instruments | Limit\" \/>\n<meta property=\"og:description\" content=\"Pr\u00f3bnik do sprawdzania obecno\u015bci napi\u0119cia w gniazdkach \u015bciennych lub lokalizowania uszkodze\u0144 w kablu. Pozwala odr\u00f3\u017cni\u0107 przew\u00f3d fazowy od zerowego. Brak [&hellip;]\" \/>\n<meta property=\"og:url\" content=\"https:\/\/limit-tools.com\/pl\/product\/probnik-napiecia-limit-100\/\" \/>\n<meta property=\"og:site_name\" content=\"Precision measuring instruments | Limit\" \/>\n<meta property=\"article:publisher\" content=\"https:\/\/www.facebook.com\/limittools\/\" \/>\n<meta name=\"twitter:card\" content=\"summary_large_image\" \/>\n<meta name=\"twitter:label1\" content=\"Szacowany czas czytania\" \/>\n\t<meta name=\"twitter:data1\" content=\"1 minuta\" \/>\n<script type=\"application\/ld+json\" class=\"yoast-schema-graph\">{\"@context\":\"https:\/\/schema.org\",\"@graph\":[{\"@type\":\"WebPage\",\"@id\":\"https:\/\/limit-tools.com\/pl\/product\/probnik-napiecia-limit-100\/\",\"url\":\"https:\/\/limit-tools.com\/pl\/product\/probnik-napiecia-limit-100\/\",\"name\":\"PR\u00d3BNIK NAPIECIA LIMIT 100 - Precision measuring instruments | Limit\",\"isPartOf\":{\"@id\":\"https:\/\/limit-tools.com\/pl\/#website\"},\"datePublished\":\"2022-11-15T14:42:34+00:00\",\"dateModified\":\"2022-11-15T14:42:34+00:00\",\"breadcrumb\":{\"@id\":\"https:\/\/limit-tools.com\/pl\/product\/probnik-napiecia-limit-100\/#breadcrumb\"},\"inLanguage\":\"pl-PL\",\"potentialAction\":[{\"@type\":\"ReadAction\",\"target\":[\"https:\/\/limit-tools.com\/pl\/product\/probnik-napiecia-limit-100\/\"]}]},{\"@type\":\"BreadcrumbList\",\"@id\":\"https:\/\/limit-tools.com\/pl\/product\/probnik-napiecia-limit-100\/#breadcrumb\",\"itemListElement\":[{\"@type\":\"ListItem\",\"position\":1,\"name\":\"Products\",\"item\":\"https:\/\/limit-tools.com\/pl\/products\/\"},{\"@type\":\"ListItem\",\"position\":2,\"name\":\"PR\u00d3BNIK NAPIECIA LIMIT 100\"}]},{\"@type\":\"WebSite\",\"@id\":\"https:\/\/limit-tools.com\/pl\/#website\",\"url\":\"https:\/\/limit-tools.com\/pl\/\",\"name\":\"Precision measuring instruments | Limit\",\"description\":\"Everything can be measured\",\"potentialAction\":[{\"@type\":\"SearchAction\",\"target\":{\"@type\":\"EntryPoint\",\"urlTemplate\":\"https:\/\/limit-tools.com\/pl\/?s={search_term_string}\"},\"query-input\":{\"@type\":\"PropertyValueSpecification\",\"valueRequired\":true,\"valueName\":\"search_term_string\"}}],\"inLanguage\":\"pl-PL\"}]}<\/script>\n<!-- \/ Yoast SEO plugin. -->","yoast_head_json":{"title":"PR\u00d3BNIK NAPIECIA LIMIT 100 - Precision measuring instruments | Limit","robots":{"index":"index","follow":"follow","max-snippet":"max-snippet:-1","max-image-preview":"max-image-preview:large","max-video-preview":"max-video-preview:-1"},"canonical":"https:\/\/limit-tools.com\/pl\/product\/probnik-napiecia-limit-100\/","og_locale":"pl_PL","og_type":"article","og_title":"PR\u00d3BNIK NAPIECIA LIMIT 100 - Precision measuring instruments | Limit","og_description":"Pr\u00f3bnik do sprawdzania obecno\u015bci napi\u0119cia w gniazdkach \u015bciennych lub lokalizowania uszkodze\u0144 w kablu. Pozwala odr\u00f3\u017cni\u0107 przew\u00f3d fazowy od zerowego. Brak [&hellip;]","og_url":"https:\/\/limit-tools.com\/pl\/product\/probnik-napiecia-limit-100\/","og_site_name":"Precision measuring instruments | Limit","article_publisher":"https:\/\/www.facebook.com\/limittools\/","twitter_card":"summary_large_image","twitter_misc":{"Szacowany czas czytania":"1 minuta"},"schema":{"@context":"https:\/\/schema.org","@graph":[{"@type":"WebPage","@id":"https:\/\/limit-tools.com\/pl\/product\/probnik-napiecia-limit-100\/","url":"https:\/\/limit-tools.com\/pl\/product\/probnik-napiecia-limit-100\/","name":"PR\u00d3BNIK NAPIECIA LIMIT 100 - Precision measuring instruments | Limit","isPartOf":{"@id":"https:\/\/limit-tools.com\/pl\/#website"},"datePublished":"2022-11-15T14:42:34+00:00","dateModified":"2022-11-15T14:42:34+00:00","breadcrumb":{"@id":"https:\/\/limit-tools.com\/pl\/product\/probnik-napiecia-limit-100\/#breadcrumb"},"inLanguage":"pl-PL","potentialAction":[{"@type":"ReadAction","target":["https:\/\/limit-tools.com\/pl\/product\/probnik-napiecia-limit-100\/"]}]},{"@type":"BreadcrumbList","@id":"https:\/\/limit-tools.com\/pl\/product\/probnik-napiecia-limit-100\/#breadcrumb","itemListElement":[{"@type":"ListItem","position":1,"name":"Products","item":"https:\/\/limit-tools.com\/pl\/products\/"},{"@type":"ListItem","position":2,"name":"PR\u00d3BNIK NAPIECIA LIMIT 100"}]},{"@type":"WebSite","@id":"https:\/\/limit-tools.com\/pl\/#website","url":"https:\/\/limit-tools.com\/pl\/","name":"Precision measuring instruments | Limit","description":"Everything can be measured","potentialAction":[{"@type":"SearchAction","target":{"@type":"EntryPoint","urlTemplate":"https:\/\/limit-tools.com\/pl\/?s={search_term_string}"},"query-input":{"@type":"PropertyValueSpecification","valueRequired":true,"valueName":"search_term_string"}}],"inLanguage":"pl-PL"}]}},"_links":{"self":[{"href":"https:\/\/limit-tools.com\/pl\/wp-json\/wp\/v2\/product\/3458"}],"collection":[{"href":"https:\/\/limit-tools.com\/pl\/wp-json\/wp\/v2\/product"}],"about":[{"href":"https:\/\/limit-tools.com\/pl\/wp-json\/wp\/v2\/types\/product"}],"replies":[{"embeddable":true,"href":"https:\/\/limit-tools.com\/pl\/wp-json\/wp\/v2\/comments?post=3458"}],"wp:attachment":[{"href":"https:\/\/limit-tools.com\/pl\/wp-json\/wp\/v2\/media?parent=3458"}],"wp:term":[{"taxonomy":"product_cat","embeddable":true,"href":"https:\/\/limit-tools.com\/pl\/wp-json\/wp\/v2\/product_cat?post=3458"},{"taxonomy":"product_tag","embeddable":true,"href":"https:\/\/limit-tools.com\/pl\/wp-json\/wp\/v2\/product_tag?post=3458"}],"curies":[{"name":"wp","href":"https:\/\/api.w.org\/{rel}","templated":true}]}}