{"id":3413,"date":"2020-11-03T07:47:28","date_gmt":"2020-11-03T07:47:28","guid":{"rendered":"https:\/\/limit-tools.com\/product\/3413\/"},"modified":"2020-11-03T07:47:28","modified_gmt":"2020-11-03T07:47:28","slug":"suwmiarka-cyfrowa-z-duzym-wyswietlaczem-200-mm","status":"publish","type":"product","link":"https:\/\/limit-tools.com\/pl\/product\/suwmiarka-cyfrowa-z-duzym-wyswietlaczem-200-mm\/","title":{"rendered":"Suwmiarka cyfrowa z du\u017cym wy\u015bwietlaczem 200 MM"},"content":{"rendered":"<p>Suwmiarka cyfrowa z du\u017cym, czytelnym wy\u015bwietlaczem. Automatyczne wy\u0142\u0105czanie. Wyb\u00f3r wskazania w mm lub calach. Bateria 3 V typ CR2025. Tolerancja wg DIN 862. W za\u0142\u0105czeniu bateria typu CR2025.<\/p>\n","protected":false},"excerpt":{"rendered":"Suwmiarka cyfrowa z du\u017cym, czytelnym wy\u015bwietlaczem. Automatyczne wy\u0142\u0105czanie. Wyb\u00f3r wskazania w mm lub calach. Bateria 3 V typ CR2025. Tolerancja [&hellip;]","protected":false},"featured_media":0,"comment_status":"closed","ping_status":"closed","template":"","meta":{"_acf_changed":false},"product_cat":[247,358],"product_tag":[],"class_list":{"0":"post-3413","1":"product","2":"type-product","3":"status-publish","5":"product_cat-pomiary-warsztatowe-pl","6":"product_cat-suwmiarki-cyfrowe-pl","8":"first","9":"instock","10":"shipping-taxable","11":"product-type-simple"},"acf":[],"yoast_head":"<!-- This site is optimized with the Yoast SEO plugin v23.4 - https:\/\/yoast.com\/wordpress\/plugins\/seo\/ -->\n<title>Suwmiarka cyfrowa z du\u017cym wy\u015bwietlaczem 200 MM - Precision measuring instruments | Limit<\/title>\n<meta name=\"robots\" content=\"index, follow, max-snippet:-1, max-image-preview:large, max-video-preview:-1\" \/>\n<link rel=\"canonical\" href=\"https:\/\/limit-tools.com\/pl\/product\/suwmiarka-cyfrowa-z-duzym-wyswietlaczem-200-mm\/\" \/>\n<meta property=\"og:locale\" content=\"pl_PL\" \/>\n<meta property=\"og:type\" content=\"article\" \/>\n<meta property=\"og:title\" content=\"Suwmiarka cyfrowa z du\u017cym wy\u015bwietlaczem 200 MM - Precision measuring instruments | Limit\" \/>\n<meta property=\"og:description\" content=\"Suwmiarka cyfrowa z du\u017cym, czytelnym wy\u015bwietlaczem. Automatyczne wy\u0142\u0105czanie. Wyb\u00f3r wskazania w mm lub calach. Bateria 3 V typ CR2025. Tolerancja [&hellip;]\" \/>\n<meta property=\"og:url\" content=\"https:\/\/limit-tools.com\/pl\/product\/suwmiarka-cyfrowa-z-duzym-wyswietlaczem-200-mm\/\" \/>\n<meta property=\"og:site_name\" content=\"Precision measuring instruments | Limit\" \/>\n<meta property=\"article:publisher\" content=\"https:\/\/www.facebook.com\/limittools\/\" \/>\n<meta name=\"twitter:card\" content=\"summary_large_image\" \/>\n<script type=\"application\/ld+json\" class=\"yoast-schema-graph\">{\"@context\":\"https:\/\/schema.org\",\"@graph\":[{\"@type\":\"WebPage\",\"@id\":\"https:\/\/limit-tools.com\/pl\/product\/suwmiarka-cyfrowa-z-duzym-wyswietlaczem-200-mm\/\",\"url\":\"https:\/\/limit-tools.com\/pl\/product\/suwmiarka-cyfrowa-z-duzym-wyswietlaczem-200-mm\/\",\"name\":\"Suwmiarka cyfrowa z du\u017cym wy\u015bwietlaczem 200 MM - Precision measuring instruments | Limit\",\"isPartOf\":{\"@id\":\"https:\/\/limit-tools.com\/pl\/#website\"},\"datePublished\":\"2020-11-03T07:47:28+00:00\",\"dateModified\":\"2020-11-03T07:47:28+00:00\",\"breadcrumb\":{\"@id\":\"https:\/\/limit-tools.com\/pl\/product\/suwmiarka-cyfrowa-z-duzym-wyswietlaczem-200-mm\/#breadcrumb\"},\"inLanguage\":\"pl-PL\",\"potentialAction\":[{\"@type\":\"ReadAction\",\"target\":[\"https:\/\/limit-tools.com\/pl\/product\/suwmiarka-cyfrowa-z-duzym-wyswietlaczem-200-mm\/\"]}]},{\"@type\":\"BreadcrumbList\",\"@id\":\"https:\/\/limit-tools.com\/pl\/product\/suwmiarka-cyfrowa-z-duzym-wyswietlaczem-200-mm\/#breadcrumb\",\"itemListElement\":[{\"@type\":\"ListItem\",\"position\":1,\"name\":\"Products\",\"item\":\"https:\/\/limit-tools.com\/pl\/products\/\"},{\"@type\":\"ListItem\",\"position\":2,\"name\":\"Suwmiarka cyfrowa z du\u017cym wy\u015bwietlaczem 200 MM\"}]},{\"@type\":\"WebSite\",\"@id\":\"https:\/\/limit-tools.com\/pl\/#website\",\"url\":\"https:\/\/limit-tools.com\/pl\/\",\"name\":\"Precision measuring instruments | Limit\",\"description\":\"Everything can be measured\",\"potentialAction\":[{\"@type\":\"SearchAction\",\"target\":{\"@type\":\"EntryPoint\",\"urlTemplate\":\"https:\/\/limit-tools.com\/pl\/?s={search_term_string}\"},\"query-input\":{\"@type\":\"PropertyValueSpecification\",\"valueRequired\":true,\"valueName\":\"search_term_string\"}}],\"inLanguage\":\"pl-PL\"}]}<\/script>\n<!-- \/ Yoast SEO plugin. -->","yoast_head_json":{"title":"Suwmiarka cyfrowa z du\u017cym wy\u015bwietlaczem 200 MM - Precision measuring instruments | Limit","robots":{"index":"index","follow":"follow","max-snippet":"max-snippet:-1","max-image-preview":"max-image-preview:large","max-video-preview":"max-video-preview:-1"},"canonical":"https:\/\/limit-tools.com\/pl\/product\/suwmiarka-cyfrowa-z-duzym-wyswietlaczem-200-mm\/","og_locale":"pl_PL","og_type":"article","og_title":"Suwmiarka cyfrowa z du\u017cym wy\u015bwietlaczem 200 MM - Precision measuring instruments | Limit","og_description":"Suwmiarka cyfrowa z du\u017cym, czytelnym wy\u015bwietlaczem. Automatyczne wy\u0142\u0105czanie. Wyb\u00f3r wskazania w mm lub calach. Bateria 3 V typ CR2025. Tolerancja [&hellip;]","og_url":"https:\/\/limit-tools.com\/pl\/product\/suwmiarka-cyfrowa-z-duzym-wyswietlaczem-200-mm\/","og_site_name":"Precision measuring instruments | Limit","article_publisher":"https:\/\/www.facebook.com\/limittools\/","twitter_card":"summary_large_image","schema":{"@context":"https:\/\/schema.org","@graph":[{"@type":"WebPage","@id":"https:\/\/limit-tools.com\/pl\/product\/suwmiarka-cyfrowa-z-duzym-wyswietlaczem-200-mm\/","url":"https:\/\/limit-tools.com\/pl\/product\/suwmiarka-cyfrowa-z-duzym-wyswietlaczem-200-mm\/","name":"Suwmiarka cyfrowa z du\u017cym wy\u015bwietlaczem 200 MM - Precision measuring instruments | Limit","isPartOf":{"@id":"https:\/\/limit-tools.com\/pl\/#website"},"datePublished":"2020-11-03T07:47:28+00:00","dateModified":"2020-11-03T07:47:28+00:00","breadcrumb":{"@id":"https:\/\/limit-tools.com\/pl\/product\/suwmiarka-cyfrowa-z-duzym-wyswietlaczem-200-mm\/#breadcrumb"},"inLanguage":"pl-PL","potentialAction":[{"@type":"ReadAction","target":["https:\/\/limit-tools.com\/pl\/product\/suwmiarka-cyfrowa-z-duzym-wyswietlaczem-200-mm\/"]}]},{"@type":"BreadcrumbList","@id":"https:\/\/limit-tools.com\/pl\/product\/suwmiarka-cyfrowa-z-duzym-wyswietlaczem-200-mm\/#breadcrumb","itemListElement":[{"@type":"ListItem","position":1,"name":"Products","item":"https:\/\/limit-tools.com\/pl\/products\/"},{"@type":"ListItem","position":2,"name":"Suwmiarka cyfrowa z du\u017cym wy\u015bwietlaczem 200 MM"}]},{"@type":"WebSite","@id":"https:\/\/limit-tools.com\/pl\/#website","url":"https:\/\/limit-tools.com\/pl\/","name":"Precision measuring instruments | Limit","description":"Everything can be measured","potentialAction":[{"@type":"SearchAction","target":{"@type":"EntryPoint","urlTemplate":"https:\/\/limit-tools.com\/pl\/?s={search_term_string}"},"query-input":{"@type":"PropertyValueSpecification","valueRequired":true,"valueName":"search_term_string"}}],"inLanguage":"pl-PL"}]}},"_links":{"self":[{"href":"https:\/\/limit-tools.com\/pl\/wp-json\/wp\/v2\/product\/3413"}],"collection":[{"href":"https:\/\/limit-tools.com\/pl\/wp-json\/wp\/v2\/product"}],"about":[{"href":"https:\/\/limit-tools.com\/pl\/wp-json\/wp\/v2\/types\/product"}],"replies":[{"embeddable":true,"href":"https:\/\/limit-tools.com\/pl\/wp-json\/wp\/v2\/comments?post=3413"}],"wp:attachment":[{"href":"https:\/\/limit-tools.com\/pl\/wp-json\/wp\/v2\/media?parent=3413"}],"wp:term":[{"taxonomy":"product_cat","embeddable":true,"href":"https:\/\/limit-tools.com\/pl\/wp-json\/wp\/v2\/product_cat?post=3413"},{"taxonomy":"product_tag","embeddable":true,"href":"https:\/\/limit-tools.com\/pl\/wp-json\/wp\/v2\/product_tag?post=3413"}],"curies":[{"name":"wp","href":"https:\/\/api.w.org\/{rel}","templated":true}]}}