{"id":2998,"date":"2026-04-27T00:04:32","date_gmt":"2026-04-27T00:04:32","guid":{"rendered":"https:\/\/limit-tools.com\/product\/2998\/"},"modified":"2026-04-27T00:04:32","modified_gmt":"2026-04-27T00:04:32","slug":"suwmiarka-cyfrowa-cdk-200mm-abs","status":"publish","type":"product","link":"https:\/\/limit-tools.com\/pl\/product\/suwmiarka-cyfrowa-cdk-200mm-abs\/","title":{"rendered":"SUWMIARKA CYFROWA CDK 200MM ABS"},"content":{"rendered":"<p>Suwmiarka cyfrowa, w kt\u00f3rej szczeg\u00f3ln\u0105 uwag\u0119 zwr\u00f3cono na detale i wyko\u0144czenie. Suwmiarka odznacza si\u0119 bardzo mi\u0119kkim i p\u0142ynnym ruchem przesuwu szcz\u0119ki poniewa\u017c cz\u0119\u015bci sk\u0142adowe by\u0142y szlifowane kilkustopniowo. Nierdzewne, hartowane i precyzyjnie szlifowane szcz\u0119ki pomiarowe. Grubo\u015b\u0107 szcz\u0119k 3.5 do 4 mm zapewnia wysok\u0105 stabilno\u015b\u0107. Wy\u015bwietlacz LCD o czytelnych cyfrach wysoko\u015bci 11 mm. 4-funkcje. Automatyczne wy\u0142\u0105czanie. Procesor o du\u017cej cz\u0119sto\u015bci aktualizacji (3 pomiary\/s). Wyb\u00f3r wskazania w mm lub calach. Wyposa\u017cona w prostok\u0105tn\u0105 wysuwk\u0119 g\u0142\u0119boko\u015bciomierza i szcz\u0119ki do pomiar\u00f3w wewn\u0119trznych. Wykonanie zgodne z DIN 862. Dostarczana w etui, ze \u015bwiadectwem kontroli jako\u015bci. W za\u0142\u0105czeniu bateria typu SR44.<\/p>\n","protected":false},"excerpt":{"rendered":"Suwmiarka cyfrowa, w kt\u00f3rej szczeg\u00f3ln\u0105 uwag\u0119 zwr\u00f3cono na detale i wyko\u0144czenie. Suwmiarka odznacza si\u0119 bardzo mi\u0119kkim i p\u0142ynnym ruchem przesuwu [&hellip;]","protected":false},"featured_media":0,"comment_status":"closed","ping_status":"closed","template":"","meta":{"_acf_changed":false},"product_cat":[247,358],"product_tag":[],"class_list":{"0":"post-2998","1":"product","2":"type-product","3":"status-publish","5":"product_cat-pomiary-warsztatowe-pl","6":"product_cat-suwmiarki-cyfrowe-pl","8":"first","9":"instock","10":"shipping-taxable","11":"product-type-simple"},"acf":[],"yoast_head":"<!-- This site is optimized with the Yoast SEO plugin v23.4 - https:\/\/yoast.com\/wordpress\/plugins\/seo\/ -->\n<title>SUWMIARKA CYFROWA CDK 200MM ABS - Precision measuring instruments | Limit<\/title>\n<meta name=\"robots\" content=\"index, follow, max-snippet:-1, max-image-preview:large, max-video-preview:-1\" \/>\n<link rel=\"canonical\" href=\"https:\/\/limit-tools.com\/pl\/product\/suwmiarka-cyfrowa-cdk-200mm-abs\/\" \/>\n<meta property=\"og:locale\" content=\"pl_PL\" \/>\n<meta property=\"og:type\" content=\"article\" \/>\n<meta property=\"og:title\" content=\"SUWMIARKA CYFROWA CDK 200MM ABS - Precision measuring instruments | Limit\" \/>\n<meta property=\"og:description\" content=\"Suwmiarka cyfrowa, w kt\u00f3rej szczeg\u00f3ln\u0105 uwag\u0119 zwr\u00f3cono na detale i wyko\u0144czenie. Suwmiarka odznacza si\u0119 bardzo mi\u0119kkim i p\u0142ynnym ruchem przesuwu [&hellip;]\" \/>\n<meta property=\"og:url\" content=\"https:\/\/limit-tools.com\/pl\/product\/suwmiarka-cyfrowa-cdk-200mm-abs\/\" \/>\n<meta property=\"og:site_name\" content=\"Precision measuring instruments | Limit\" \/>\n<meta property=\"article:publisher\" content=\"https:\/\/www.facebook.com\/limittools\/\" \/>\n<meta name=\"twitter:card\" content=\"summary_large_image\" \/>\n<meta name=\"twitter:label1\" content=\"Szacowany czas czytania\" \/>\n\t<meta name=\"twitter:data1\" content=\"1 minuta\" \/>\n<script type=\"application\/ld+json\" class=\"yoast-schema-graph\">{\"@context\":\"https:\/\/schema.org\",\"@graph\":[{\"@type\":\"WebPage\",\"@id\":\"https:\/\/limit-tools.com\/pl\/product\/suwmiarka-cyfrowa-cdk-200mm-abs\/\",\"url\":\"https:\/\/limit-tools.com\/pl\/product\/suwmiarka-cyfrowa-cdk-200mm-abs\/\",\"name\":\"SUWMIARKA CYFROWA CDK 200MM ABS - Precision measuring instruments | Limit\",\"isPartOf\":{\"@id\":\"https:\/\/limit-tools.com\/pl\/#website\"},\"datePublished\":\"2026-04-27T00:04:32+00:00\",\"dateModified\":\"2026-04-27T00:04:32+00:00\",\"breadcrumb\":{\"@id\":\"https:\/\/limit-tools.com\/pl\/product\/suwmiarka-cyfrowa-cdk-200mm-abs\/#breadcrumb\"},\"inLanguage\":\"pl-PL\",\"potentialAction\":[{\"@type\":\"ReadAction\",\"target\":[\"https:\/\/limit-tools.com\/pl\/product\/suwmiarka-cyfrowa-cdk-200mm-abs\/\"]}]},{\"@type\":\"BreadcrumbList\",\"@id\":\"https:\/\/limit-tools.com\/pl\/product\/suwmiarka-cyfrowa-cdk-200mm-abs\/#breadcrumb\",\"itemListElement\":[{\"@type\":\"ListItem\",\"position\":1,\"name\":\"Products\",\"item\":\"https:\/\/limit-tools.com\/pl\/products\/\"},{\"@type\":\"ListItem\",\"position\":2,\"name\":\"SUWMIARKA CYFROWA CDK 200MM ABS\"}]},{\"@type\":\"WebSite\",\"@id\":\"https:\/\/limit-tools.com\/pl\/#website\",\"url\":\"https:\/\/limit-tools.com\/pl\/\",\"name\":\"Precision measuring instruments | Limit\",\"description\":\"Everything can be measured\",\"potentialAction\":[{\"@type\":\"SearchAction\",\"target\":{\"@type\":\"EntryPoint\",\"urlTemplate\":\"https:\/\/limit-tools.com\/pl\/?s={search_term_string}\"},\"query-input\":{\"@type\":\"PropertyValueSpecification\",\"valueRequired\":true,\"valueName\":\"search_term_string\"}}],\"inLanguage\":\"pl-PL\"}]}<\/script>\n<!-- \/ Yoast SEO plugin. -->","yoast_head_json":{"title":"SUWMIARKA CYFROWA CDK 200MM ABS - Precision measuring instruments | Limit","robots":{"index":"index","follow":"follow","max-snippet":"max-snippet:-1","max-image-preview":"max-image-preview:large","max-video-preview":"max-video-preview:-1"},"canonical":"https:\/\/limit-tools.com\/pl\/product\/suwmiarka-cyfrowa-cdk-200mm-abs\/","og_locale":"pl_PL","og_type":"article","og_title":"SUWMIARKA CYFROWA CDK 200MM ABS - Precision measuring instruments | Limit","og_description":"Suwmiarka cyfrowa, w kt\u00f3rej szczeg\u00f3ln\u0105 uwag\u0119 zwr\u00f3cono na detale i wyko\u0144czenie. Suwmiarka odznacza si\u0119 bardzo mi\u0119kkim i p\u0142ynnym ruchem przesuwu [&hellip;]","og_url":"https:\/\/limit-tools.com\/pl\/product\/suwmiarka-cyfrowa-cdk-200mm-abs\/","og_site_name":"Precision measuring instruments | Limit","article_publisher":"https:\/\/www.facebook.com\/limittools\/","twitter_card":"summary_large_image","twitter_misc":{"Szacowany czas czytania":"1 minuta"},"schema":{"@context":"https:\/\/schema.org","@graph":[{"@type":"WebPage","@id":"https:\/\/limit-tools.com\/pl\/product\/suwmiarka-cyfrowa-cdk-200mm-abs\/","url":"https:\/\/limit-tools.com\/pl\/product\/suwmiarka-cyfrowa-cdk-200mm-abs\/","name":"SUWMIARKA CYFROWA CDK 200MM ABS - Precision measuring instruments | Limit","isPartOf":{"@id":"https:\/\/limit-tools.com\/pl\/#website"},"datePublished":"2026-04-27T00:04:32+00:00","dateModified":"2026-04-27T00:04:32+00:00","breadcrumb":{"@id":"https:\/\/limit-tools.com\/pl\/product\/suwmiarka-cyfrowa-cdk-200mm-abs\/#breadcrumb"},"inLanguage":"pl-PL","potentialAction":[{"@type":"ReadAction","target":["https:\/\/limit-tools.com\/pl\/product\/suwmiarka-cyfrowa-cdk-200mm-abs\/"]}]},{"@type":"BreadcrumbList","@id":"https:\/\/limit-tools.com\/pl\/product\/suwmiarka-cyfrowa-cdk-200mm-abs\/#breadcrumb","itemListElement":[{"@type":"ListItem","position":1,"name":"Products","item":"https:\/\/limit-tools.com\/pl\/products\/"},{"@type":"ListItem","position":2,"name":"SUWMIARKA CYFROWA CDK 200MM ABS"}]},{"@type":"WebSite","@id":"https:\/\/limit-tools.com\/pl\/#website","url":"https:\/\/limit-tools.com\/pl\/","name":"Precision measuring instruments | Limit","description":"Everything can be measured","potentialAction":[{"@type":"SearchAction","target":{"@type":"EntryPoint","urlTemplate":"https:\/\/limit-tools.com\/pl\/?s={search_term_string}"},"query-input":{"@type":"PropertyValueSpecification","valueRequired":true,"valueName":"search_term_string"}}],"inLanguage":"pl-PL"}]}},"_links":{"self":[{"href":"https:\/\/limit-tools.com\/pl\/wp-json\/wp\/v2\/product\/2998"}],"collection":[{"href":"https:\/\/limit-tools.com\/pl\/wp-json\/wp\/v2\/product"}],"about":[{"href":"https:\/\/limit-tools.com\/pl\/wp-json\/wp\/v2\/types\/product"}],"replies":[{"embeddable":true,"href":"https:\/\/limit-tools.com\/pl\/wp-json\/wp\/v2\/comments?post=2998"}],"wp:attachment":[{"href":"https:\/\/limit-tools.com\/pl\/wp-json\/wp\/v2\/media?parent=2998"}],"wp:term":[{"taxonomy":"product_cat","embeddable":true,"href":"https:\/\/limit-tools.com\/pl\/wp-json\/wp\/v2\/product_cat?post=2998"},{"taxonomy":"product_tag","embeddable":true,"href":"https:\/\/limit-tools.com\/pl\/wp-json\/wp\/v2\/product_tag?post=2998"}],"curies":[{"name":"wp","href":"https:\/\/api.w.org\/{rel}","templated":true}]}}