{"id":2991,"date":"2019-04-26T13:59:20","date_gmt":"2019-04-26T13:59:20","guid":{"rendered":"https:\/\/limit-tools.com\/product\/2991\/"},"modified":"2019-04-26T13:59:20","modified_gmt":"2019-04-26T13:59:20","slug":"2991","status":"publish","type":"product","link":"https:\/\/limit-tools.com\/pl\/product\/2991\/","title":{"rendered":""},"content":{"rendered":"<p>Laser krzy\u017cowy ze \u015bwiat\u0142em zielonym, rzutuj\u0105cy bardzo jasne i ostre linie laserowe. Laser ze \u015bwiat\u0142em zielonym, charakteryzuje si\u0119 czterokrotnie lepsz\u0105 widzialno\u015bci\u0105 w por\u00f3wnaniu ze \u015bwiat\u0142em czerwonym, co jest wa\u017cn\u0105 zalet\u0105 przy pracy w silnym o\u015bwietleniu i przy wi\u0119kszych dystansach. Model kompaktowy, w wykonaniu kieszonkowym. Jedna linia pozioma i jedna pionowa. Linia pionowa si\u0119ga na sufit do 115 stopni. Samopoziomuj\u0105cy, z magnetycznym t\u0142umieniem waha\u0144. Linie mo\u017cna wy\u015bwietla\u0107 ka\u017cd\u0105 pojedynczo albo obie razem. Istnieje mo\u017cliwo\u015b\u0107 wy\u0142\u0105czenia samopoziomowania aby m\u00f3c wy\u015bwietli\u0107 lini\u0119 przechylon\u0105. Blokowanie mechanizmu wahad\u0142owego spe\u0142nia funkcj\u0119 zar\u00f3wno wy\u0142\u0105cznika g\u0142\u00f3wnego jak i zabezpieczenia transportowego. Dwie diody laserowe klasy 2M, 515 nm. Wyposa\u017ceniem opcjonalnym do lasera zielonego jest odbiornik\/detektor laserowy (17862-0308 &#8211; zamawiany oddzielnie). Dostarczany z uchwytem do monta\u017cu na statywie lub \u015bcianie, tarcz\u0105 odblaskow\u0105, mi\u0119kk\u0105 torb\u0105, bateriami i instrukcj\u0105 obs\u0142ugi.<\/p>\n","protected":false},"excerpt":{"rendered":"Laser krzy\u017cowy ze \u015bwiat\u0142em zielonym, rzutuj\u0105cy bardzo jasne i ostre linie laserowe. Laser ze \u015bwiat\u0142em zielonym, charakteryzuje si\u0119 czterokrotnie lepsz\u0105 [&hellip;]","protected":false},"featured_media":0,"comment_status":"open","ping_status":"closed","template":"","meta":{"_acf_changed":false},"product_cat":[282,441],"product_tag":[],"class_list":{"0":"post-2991","1":"product","2":"type-product","3":"status-publish","5":"product_cat-przyrzady-laserowe-pl","6":"product_cat-lasery-krzyzowe-pl","8":"first","9":"instock","10":"shipping-taxable","11":"product-type-simple"},"acf":[],"yoast_head":"<!-- This site is optimized with the Yoast SEO plugin v23.4 - https:\/\/yoast.com\/wordpress\/plugins\/seo\/ -->\n<title>- Precision measuring instruments | Limit<\/title>\n<meta name=\"robots\" content=\"index, follow, max-snippet:-1, max-image-preview:large, max-video-preview:-1\" \/>\n<link rel=\"canonical\" href=\"https:\/\/limit-tools.com\/pl\/product\/2991\/\" \/>\n<meta property=\"og:locale\" content=\"pl_PL\" \/>\n<meta property=\"og:type\" content=\"article\" \/>\n<meta property=\"og:title\" content=\"- Precision measuring instruments | Limit\" \/>\n<meta property=\"og:description\" content=\"Laser krzy\u017cowy ze \u015bwiat\u0142em zielonym, rzutuj\u0105cy bardzo jasne i ostre linie laserowe. Laser ze \u015bwiat\u0142em zielonym, charakteryzuje si\u0119 czterokrotnie lepsz\u0105 [&hellip;]\" \/>\n<meta property=\"og:url\" content=\"https:\/\/limit-tools.com\/pl\/product\/2991\/\" \/>\n<meta property=\"og:site_name\" content=\"Precision measuring instruments | Limit\" \/>\n<meta property=\"article:publisher\" content=\"https:\/\/www.facebook.com\/limittools\/\" \/>\n<meta name=\"twitter:card\" content=\"summary_large_image\" \/>\n<meta name=\"twitter:label1\" content=\"Szacowany czas czytania\" \/>\n\t<meta name=\"twitter:data1\" content=\"1 minuta\" \/>\n<script type=\"application\/ld+json\" class=\"yoast-schema-graph\">{\"@context\":\"https:\/\/schema.org\",\"@graph\":[{\"@type\":\"WebPage\",\"@id\":\"https:\/\/limit-tools.com\/pl\/product\/2991\/\",\"url\":\"https:\/\/limit-tools.com\/pl\/product\/2991\/\",\"name\":\"- Precision measuring instruments | Limit\",\"isPartOf\":{\"@id\":\"https:\/\/limit-tools.com\/pl\/#website\"},\"datePublished\":\"2019-04-26T13:59:20+00:00\",\"dateModified\":\"2019-04-26T13:59:20+00:00\",\"inLanguage\":\"pl-PL\",\"potentialAction\":[{\"@type\":\"ReadAction\",\"target\":[\"https:\/\/limit-tools.com\/pl\/product\/2991\/\"]}]},{\"@type\":\"WebSite\",\"@id\":\"https:\/\/limit-tools.com\/pl\/#website\",\"url\":\"https:\/\/limit-tools.com\/pl\/\",\"name\":\"Precision measuring instruments | Limit\",\"description\":\"Everything can be measured\",\"potentialAction\":[{\"@type\":\"SearchAction\",\"target\":{\"@type\":\"EntryPoint\",\"urlTemplate\":\"https:\/\/limit-tools.com\/pl\/?s={search_term_string}\"},\"query-input\":{\"@type\":\"PropertyValueSpecification\",\"valueRequired\":true,\"valueName\":\"search_term_string\"}}],\"inLanguage\":\"pl-PL\"}]}<\/script>\n<!-- \/ Yoast SEO plugin. -->","yoast_head_json":{"title":"- Precision measuring instruments | Limit","robots":{"index":"index","follow":"follow","max-snippet":"max-snippet:-1","max-image-preview":"max-image-preview:large","max-video-preview":"max-video-preview:-1"},"canonical":"https:\/\/limit-tools.com\/pl\/product\/2991\/","og_locale":"pl_PL","og_type":"article","og_title":"- Precision measuring instruments | Limit","og_description":"Laser krzy\u017cowy ze \u015bwiat\u0142em zielonym, rzutuj\u0105cy bardzo jasne i ostre linie laserowe. Laser ze \u015bwiat\u0142em zielonym, charakteryzuje si\u0119 czterokrotnie lepsz\u0105 [&hellip;]","og_url":"https:\/\/limit-tools.com\/pl\/product\/2991\/","og_site_name":"Precision measuring instruments | Limit","article_publisher":"https:\/\/www.facebook.com\/limittools\/","twitter_card":"summary_large_image","twitter_misc":{"Szacowany czas czytania":"1 minuta"},"schema":{"@context":"https:\/\/schema.org","@graph":[{"@type":"WebPage","@id":"https:\/\/limit-tools.com\/pl\/product\/2991\/","url":"https:\/\/limit-tools.com\/pl\/product\/2991\/","name":"- Precision measuring instruments | Limit","isPartOf":{"@id":"https:\/\/limit-tools.com\/pl\/#website"},"datePublished":"2019-04-26T13:59:20+00:00","dateModified":"2019-04-26T13:59:20+00:00","inLanguage":"pl-PL","potentialAction":[{"@type":"ReadAction","target":["https:\/\/limit-tools.com\/pl\/product\/2991\/"]}]},{"@type":"WebSite","@id":"https:\/\/limit-tools.com\/pl\/#website","url":"https:\/\/limit-tools.com\/pl\/","name":"Precision measuring instruments | Limit","description":"Everything can be measured","potentialAction":[{"@type":"SearchAction","target":{"@type":"EntryPoint","urlTemplate":"https:\/\/limit-tools.com\/pl\/?s={search_term_string}"},"query-input":{"@type":"PropertyValueSpecification","valueRequired":true,"valueName":"search_term_string"}}],"inLanguage":"pl-PL"}]}},"_links":{"self":[{"href":"https:\/\/limit-tools.com\/pl\/wp-json\/wp\/v2\/product\/2991"}],"collection":[{"href":"https:\/\/limit-tools.com\/pl\/wp-json\/wp\/v2\/product"}],"about":[{"href":"https:\/\/limit-tools.com\/pl\/wp-json\/wp\/v2\/types\/product"}],"replies":[{"embeddable":true,"href":"https:\/\/limit-tools.com\/pl\/wp-json\/wp\/v2\/comments?post=2991"}],"wp:attachment":[{"href":"https:\/\/limit-tools.com\/pl\/wp-json\/wp\/v2\/media?parent=2991"}],"wp:term":[{"taxonomy":"product_cat","embeddable":true,"href":"https:\/\/limit-tools.com\/pl\/wp-json\/wp\/v2\/product_cat?post=2991"},{"taxonomy":"product_tag","embeddable":true,"href":"https:\/\/limit-tools.com\/pl\/wp-json\/wp\/v2\/product_tag?post=2991"}],"curies":[{"name":"wp","href":"https:\/\/api.w.org\/{rel}","templated":true}]}}