{"id":2924,"date":"2025-12-05T00:04:35","date_gmt":"2025-12-05T00:04:35","guid":{"rendered":"https:\/\/limit-tools.com\/product\/2924\/"},"modified":"2025-12-05T00:04:35","modified_gmt":"2025-12-05T00:04:35","slug":"laser-rotacyjny-limt-1210hv","status":"publish","type":"product","link":"https:\/\/limit-tools.com\/pl\/product\/laser-rotacyjny-limt-1210hv\/","title":{"rendered":"LASER ROTACYJNY LIMT 1210HV"},"content":{"rendered":"<p>Laser rotacyjny, szczeg\u00f3lnie nadaj\u0105cy si\u0119 do pracy w pomieszczeniach. Automatyczne, sterowane silnikiem, ustalanie zar\u00f3wno poziomu jak i pionu, z mo\u017cliwo\u015bci\u0105 r\u0119cznego ustawienia przechy\u0142u w jednym kierunku. Funkcja skanowania z nastawianiem k\u0105ta skanowania. Funkcja alarmu przechy\u0142u po wytr\u0105ceniu z pierwotnego po\u0142o\u017cenia, po kt\u00f3rym przyrz\u0105d nale\u017cy zrestartowa\u0107 r\u0119cznie. Przy u\u017cyciu zdalnego sterowania mo\u017cna regulowa\u0107 przechy\u0142, szybko\u015b\u0107 rotacji, k\u0105t skanowania, jak r\u00f3wnie\u017c obraca\u0107 obszar skanowania w obu kierunkach. Odbiornik\/detektor laserowy z dwoma pod\u015bwietlanymi wy\u015bwietlaczami, regulacj\u0105 sygna\u0142u akustycznego, prze\u0142\u0105czaniem dok\u0142adno\u015bci &#8211; dok\u0142adna lub zgrubna. Spos\u00f3b kalibracji przyrz\u0105du podany jest w instrukcji obs\u0142ugi. Dioda laserowa klasy 2M, 1 mW 635 nm. Klasa szczelno\u015bci IP54. Pilot zdalnego sterowania z zasi\u0119giem 30 metr\u00f3w.<br \/>\nDostarczany w twardym futerale, z pilotem zdalnego sterowania, odbiornikiem\/detektorem laserowym z uchwytem, tarcz\u0105 odblaskow\u0105, pakietem akumulatorowym z \u0142adowark\u0105 i instrukcj\u0105 obs\u0142ugi.<\/p>\n","protected":false},"excerpt":{"rendered":"Laser rotacyjny, szczeg\u00f3lnie nadaj\u0105cy si\u0119 do pracy w pomieszczeniach. Automatyczne, sterowane silnikiem, ustalanie zar\u00f3wno poziomu jak i pionu, z mo\u017cliwo\u015bci\u0105 [&hellip;]","protected":false},"featured_media":0,"comment_status":"closed","ping_status":"closed","template":"","meta":{"_acf_changed":false},"product_cat":[282,317],"product_tag":[],"class_list":{"0":"post-2924","1":"product","2":"type-product","3":"status-publish","5":"product_cat-przyrzady-laserowe-pl","6":"product_cat-lasery-rotacyjne-pl","8":"first","9":"instock","10":"shipping-taxable","11":"product-type-simple"},"acf":[],"yoast_head":"<!-- This site is optimized with the Yoast SEO plugin v23.4 - https:\/\/yoast.com\/wordpress\/plugins\/seo\/ -->\n<title>LASER ROTACYJNY LIMT 1210HV - Precision measuring instruments | Limit<\/title>\n<meta name=\"robots\" content=\"index, follow, max-snippet:-1, max-image-preview:large, max-video-preview:-1\" \/>\n<link rel=\"canonical\" href=\"https:\/\/limit-tools.com\/pl\/product\/laser-rotacyjny-limt-1210hv\/\" \/>\n<meta property=\"og:locale\" content=\"pl_PL\" \/>\n<meta property=\"og:type\" content=\"article\" \/>\n<meta property=\"og:title\" content=\"LASER ROTACYJNY LIMT 1210HV - Precision measuring instruments | Limit\" \/>\n<meta property=\"og:description\" content=\"Laser rotacyjny, szczeg\u00f3lnie nadaj\u0105cy si\u0119 do pracy w pomieszczeniach. Automatyczne, sterowane silnikiem, ustalanie zar\u00f3wno poziomu jak i pionu, z mo\u017cliwo\u015bci\u0105 [&hellip;]\" \/>\n<meta property=\"og:url\" content=\"https:\/\/limit-tools.com\/pl\/product\/laser-rotacyjny-limt-1210hv\/\" \/>\n<meta property=\"og:site_name\" content=\"Precision measuring instruments | Limit\" \/>\n<meta property=\"article:publisher\" content=\"https:\/\/www.facebook.com\/limittools\/\" \/>\n<meta name=\"twitter:card\" content=\"summary_large_image\" \/>\n<meta name=\"twitter:label1\" content=\"Szacowany czas czytania\" \/>\n\t<meta name=\"twitter:data1\" content=\"1 minuta\" \/>\n<script type=\"application\/ld+json\" class=\"yoast-schema-graph\">{\"@context\":\"https:\/\/schema.org\",\"@graph\":[{\"@type\":\"WebPage\",\"@id\":\"https:\/\/limit-tools.com\/pl\/product\/laser-rotacyjny-limt-1210hv\/\",\"url\":\"https:\/\/limit-tools.com\/pl\/product\/laser-rotacyjny-limt-1210hv\/\",\"name\":\"LASER ROTACYJNY LIMT 1210HV - Precision measuring instruments | Limit\",\"isPartOf\":{\"@id\":\"https:\/\/limit-tools.com\/pl\/#website\"},\"datePublished\":\"2025-12-05T00:04:35+00:00\",\"dateModified\":\"2025-12-05T00:04:35+00:00\",\"breadcrumb\":{\"@id\":\"https:\/\/limit-tools.com\/pl\/product\/laser-rotacyjny-limt-1210hv\/#breadcrumb\"},\"inLanguage\":\"pl-PL\",\"potentialAction\":[{\"@type\":\"ReadAction\",\"target\":[\"https:\/\/limit-tools.com\/pl\/product\/laser-rotacyjny-limt-1210hv\/\"]}]},{\"@type\":\"BreadcrumbList\",\"@id\":\"https:\/\/limit-tools.com\/pl\/product\/laser-rotacyjny-limt-1210hv\/#breadcrumb\",\"itemListElement\":[{\"@type\":\"ListItem\",\"position\":1,\"name\":\"Products\",\"item\":\"https:\/\/limit-tools.com\/pl\/products\/\"},{\"@type\":\"ListItem\",\"position\":2,\"name\":\"LASER ROTACYJNY LIMT 1210HV\"}]},{\"@type\":\"WebSite\",\"@id\":\"https:\/\/limit-tools.com\/pl\/#website\",\"url\":\"https:\/\/limit-tools.com\/pl\/\",\"name\":\"Precision measuring instruments | Limit\",\"description\":\"Everything can be measured\",\"potentialAction\":[{\"@type\":\"SearchAction\",\"target\":{\"@type\":\"EntryPoint\",\"urlTemplate\":\"https:\/\/limit-tools.com\/pl\/?s={search_term_string}\"},\"query-input\":{\"@type\":\"PropertyValueSpecification\",\"valueRequired\":true,\"valueName\":\"search_term_string\"}}],\"inLanguage\":\"pl-PL\"}]}<\/script>\n<!-- \/ Yoast SEO plugin. -->","yoast_head_json":{"title":"LASER ROTACYJNY LIMT 1210HV - Precision measuring instruments | Limit","robots":{"index":"index","follow":"follow","max-snippet":"max-snippet:-1","max-image-preview":"max-image-preview:large","max-video-preview":"max-video-preview:-1"},"canonical":"https:\/\/limit-tools.com\/pl\/product\/laser-rotacyjny-limt-1210hv\/","og_locale":"pl_PL","og_type":"article","og_title":"LASER ROTACYJNY LIMT 1210HV - Precision measuring instruments | Limit","og_description":"Laser rotacyjny, szczeg\u00f3lnie nadaj\u0105cy si\u0119 do pracy w pomieszczeniach. Automatyczne, sterowane silnikiem, ustalanie zar\u00f3wno poziomu jak i pionu, z mo\u017cliwo\u015bci\u0105 [&hellip;]","og_url":"https:\/\/limit-tools.com\/pl\/product\/laser-rotacyjny-limt-1210hv\/","og_site_name":"Precision measuring instruments | Limit","article_publisher":"https:\/\/www.facebook.com\/limittools\/","twitter_card":"summary_large_image","twitter_misc":{"Szacowany czas czytania":"1 minuta"},"schema":{"@context":"https:\/\/schema.org","@graph":[{"@type":"WebPage","@id":"https:\/\/limit-tools.com\/pl\/product\/laser-rotacyjny-limt-1210hv\/","url":"https:\/\/limit-tools.com\/pl\/product\/laser-rotacyjny-limt-1210hv\/","name":"LASER ROTACYJNY LIMT 1210HV - Precision measuring instruments | Limit","isPartOf":{"@id":"https:\/\/limit-tools.com\/pl\/#website"},"datePublished":"2025-12-05T00:04:35+00:00","dateModified":"2025-12-05T00:04:35+00:00","breadcrumb":{"@id":"https:\/\/limit-tools.com\/pl\/product\/laser-rotacyjny-limt-1210hv\/#breadcrumb"},"inLanguage":"pl-PL","potentialAction":[{"@type":"ReadAction","target":["https:\/\/limit-tools.com\/pl\/product\/laser-rotacyjny-limt-1210hv\/"]}]},{"@type":"BreadcrumbList","@id":"https:\/\/limit-tools.com\/pl\/product\/laser-rotacyjny-limt-1210hv\/#breadcrumb","itemListElement":[{"@type":"ListItem","position":1,"name":"Products","item":"https:\/\/limit-tools.com\/pl\/products\/"},{"@type":"ListItem","position":2,"name":"LASER ROTACYJNY LIMT 1210HV"}]},{"@type":"WebSite","@id":"https:\/\/limit-tools.com\/pl\/#website","url":"https:\/\/limit-tools.com\/pl\/","name":"Precision measuring instruments | Limit","description":"Everything can be measured","potentialAction":[{"@type":"SearchAction","target":{"@type":"EntryPoint","urlTemplate":"https:\/\/limit-tools.com\/pl\/?s={search_term_string}"},"query-input":{"@type":"PropertyValueSpecification","valueRequired":true,"valueName":"search_term_string"}}],"inLanguage":"pl-PL"}]}},"_links":{"self":[{"href":"https:\/\/limit-tools.com\/pl\/wp-json\/wp\/v2\/product\/2924"}],"collection":[{"href":"https:\/\/limit-tools.com\/pl\/wp-json\/wp\/v2\/product"}],"about":[{"href":"https:\/\/limit-tools.com\/pl\/wp-json\/wp\/v2\/types\/product"}],"replies":[{"embeddable":true,"href":"https:\/\/limit-tools.com\/pl\/wp-json\/wp\/v2\/comments?post=2924"}],"wp:attachment":[{"href":"https:\/\/limit-tools.com\/pl\/wp-json\/wp\/v2\/media?parent=2924"}],"wp:term":[{"taxonomy":"product_cat","embeddable":true,"href":"https:\/\/limit-tools.com\/pl\/wp-json\/wp\/v2\/product_cat?post=2924"},{"taxonomy":"product_tag","embeddable":true,"href":"https:\/\/limit-tools.com\/pl\/wp-json\/wp\/v2\/product_tag?post=2924"}],"curies":[{"name":"wp","href":"https:\/\/api.w.org\/{rel}","templated":true}]}}