{"id":2715,"date":"2023-02-21T07:16:17","date_gmt":"2023-02-21T07:16:17","guid":{"rendered":"https:\/\/limit-tools.com\/product\/2715\/"},"modified":"2023-02-21T07:16:17","modified_gmt":"2023-02-21T07:16:17","slug":"adapter-do-urzadzen-laserowych-5-8-1-4","status":"publish","type":"product","link":"https:\/\/limit-tools.com\/pl\/product\/adapter-do-urzadzen-laserowych-5-8-1-4\/","title":{"rendered":"ADAPTER DO URZADZEN LASEROWYCH 5\/8&#8243; &#8211; 1\/4&#8243;"},"content":{"rendered":"<p>\u0141\u0105cznik z gwintem zewn\u0119trznym 1\/4&#8221; z jednej strony i wewn\u0119trznym 5\/8&#8221; z drugiej. \u0141\u0105cznik umo\u017cliwia u\u017cywanie statywu z gwintem 5\/8&#8221; do lasera z gwintem 1\/4&#8221;.<\/p>\n","protected":false},"excerpt":{"rendered":"\u0141\u0105cznik z gwintem zewn\u0119trznym 1\/4&#8221; z jednej strony i wewn\u0119trznym 5\/8&#8221; z drugiej. \u0141\u0105cznik umo\u017cliwia u\u017cywanie statywu z gwintem 5\/8&#8221; [&hellip;]","protected":false},"featured_media":0,"comment_status":"closed","ping_status":"closed","template":"","meta":{"_acf_changed":false},"product_cat":[282,360],"product_tag":[],"class_list":{"0":"post-2715","1":"product","2":"type-product","3":"status-publish","5":"product_cat-przyrzady-laserowe-pl","6":"product_cat-lasery-krzyzowe-akcesoria-pl","8":"first","9":"instock","10":"shipping-taxable","11":"product-type-simple"},"acf":[],"yoast_head":"<!-- This site is optimized with the Yoast SEO plugin v23.4 - https:\/\/yoast.com\/wordpress\/plugins\/seo\/ -->\n<title>ADAPTER DO URZADZEN LASEROWYCH 5\/8&quot; - 1\/4&quot; - Precision measuring instruments | Limit<\/title>\n<meta name=\"robots\" content=\"index, follow, max-snippet:-1, max-image-preview:large, max-video-preview:-1\" \/>\n<link rel=\"canonical\" href=\"https:\/\/limit-tools.com\/pl\/product\/adapter-do-urzadzen-laserowych-5-8-1-4\/\" \/>\n<meta property=\"og:locale\" content=\"pl_PL\" \/>\n<meta property=\"og:type\" content=\"article\" \/>\n<meta property=\"og:title\" content=\"ADAPTER DO URZADZEN LASEROWYCH 5\/8&quot; - 1\/4&quot; - Precision measuring instruments | Limit\" \/>\n<meta property=\"og:description\" content=\"\u0141\u0105cznik z gwintem zewn\u0119trznym 1\/4&#8221; z jednej strony i wewn\u0119trznym 5\/8&#8221; z drugiej. \u0141\u0105cznik umo\u017cliwia u\u017cywanie statywu z gwintem 5\/8&#8221; [&hellip;]\" \/>\n<meta property=\"og:url\" content=\"https:\/\/limit-tools.com\/pl\/product\/adapter-do-urzadzen-laserowych-5-8-1-4\/\" \/>\n<meta property=\"og:site_name\" content=\"Precision measuring instruments | Limit\" \/>\n<meta property=\"article:publisher\" content=\"https:\/\/www.facebook.com\/limittools\/\" \/>\n<meta name=\"twitter:card\" content=\"summary_large_image\" \/>\n<script type=\"application\/ld+json\" class=\"yoast-schema-graph\">{\"@context\":\"https:\/\/schema.org\",\"@graph\":[{\"@type\":\"WebPage\",\"@id\":\"https:\/\/limit-tools.com\/pl\/product\/adapter-do-urzadzen-laserowych-5-8-1-4\/\",\"url\":\"https:\/\/limit-tools.com\/pl\/product\/adapter-do-urzadzen-laserowych-5-8-1-4\/\",\"name\":\"ADAPTER DO URZADZEN LASEROWYCH 5\/8\\\" - 1\/4\\\" - Precision measuring instruments | Limit\",\"isPartOf\":{\"@id\":\"https:\/\/limit-tools.com\/pl\/#website\"},\"datePublished\":\"2023-02-21T07:16:17+00:00\",\"dateModified\":\"2023-02-21T07:16:17+00:00\",\"breadcrumb\":{\"@id\":\"https:\/\/limit-tools.com\/pl\/product\/adapter-do-urzadzen-laserowych-5-8-1-4\/#breadcrumb\"},\"inLanguage\":\"pl-PL\",\"potentialAction\":[{\"@type\":\"ReadAction\",\"target\":[\"https:\/\/limit-tools.com\/pl\/product\/adapter-do-urzadzen-laserowych-5-8-1-4\/\"]}]},{\"@type\":\"BreadcrumbList\",\"@id\":\"https:\/\/limit-tools.com\/pl\/product\/adapter-do-urzadzen-laserowych-5-8-1-4\/#breadcrumb\",\"itemListElement\":[{\"@type\":\"ListItem\",\"position\":1,\"name\":\"Products\",\"item\":\"https:\/\/limit-tools.com\/pl\/products\/\"},{\"@type\":\"ListItem\",\"position\":2,\"name\":\"ADAPTER DO URZADZEN LASEROWYCH 5\/8&#8243; &#8211; 1\/4&#8243;\"}]},{\"@type\":\"WebSite\",\"@id\":\"https:\/\/limit-tools.com\/pl\/#website\",\"url\":\"https:\/\/limit-tools.com\/pl\/\",\"name\":\"Precision measuring instruments | Limit\",\"description\":\"Everything can be measured\",\"potentialAction\":[{\"@type\":\"SearchAction\",\"target\":{\"@type\":\"EntryPoint\",\"urlTemplate\":\"https:\/\/limit-tools.com\/pl\/?s={search_term_string}\"},\"query-input\":{\"@type\":\"PropertyValueSpecification\",\"valueRequired\":true,\"valueName\":\"search_term_string\"}}],\"inLanguage\":\"pl-PL\"}]}<\/script>\n<!-- \/ Yoast SEO plugin. -->","yoast_head_json":{"title":"ADAPTER DO URZADZEN LASEROWYCH 5\/8\" - 1\/4\" - Precision measuring instruments | Limit","robots":{"index":"index","follow":"follow","max-snippet":"max-snippet:-1","max-image-preview":"max-image-preview:large","max-video-preview":"max-video-preview:-1"},"canonical":"https:\/\/limit-tools.com\/pl\/product\/adapter-do-urzadzen-laserowych-5-8-1-4\/","og_locale":"pl_PL","og_type":"article","og_title":"ADAPTER DO URZADZEN LASEROWYCH 5\/8\" - 1\/4\" - Precision measuring instruments | Limit","og_description":"\u0141\u0105cznik z gwintem zewn\u0119trznym 1\/4&#8221; z jednej strony i wewn\u0119trznym 5\/8&#8221; z drugiej. \u0141\u0105cznik umo\u017cliwia u\u017cywanie statywu z gwintem 5\/8&#8221; [&hellip;]","og_url":"https:\/\/limit-tools.com\/pl\/product\/adapter-do-urzadzen-laserowych-5-8-1-4\/","og_site_name":"Precision measuring instruments | Limit","article_publisher":"https:\/\/www.facebook.com\/limittools\/","twitter_card":"summary_large_image","schema":{"@context":"https:\/\/schema.org","@graph":[{"@type":"WebPage","@id":"https:\/\/limit-tools.com\/pl\/product\/adapter-do-urzadzen-laserowych-5-8-1-4\/","url":"https:\/\/limit-tools.com\/pl\/product\/adapter-do-urzadzen-laserowych-5-8-1-4\/","name":"ADAPTER DO URZADZEN LASEROWYCH 5\/8\" - 1\/4\" - Precision measuring instruments | Limit","isPartOf":{"@id":"https:\/\/limit-tools.com\/pl\/#website"},"datePublished":"2023-02-21T07:16:17+00:00","dateModified":"2023-02-21T07:16:17+00:00","breadcrumb":{"@id":"https:\/\/limit-tools.com\/pl\/product\/adapter-do-urzadzen-laserowych-5-8-1-4\/#breadcrumb"},"inLanguage":"pl-PL","potentialAction":[{"@type":"ReadAction","target":["https:\/\/limit-tools.com\/pl\/product\/adapter-do-urzadzen-laserowych-5-8-1-4\/"]}]},{"@type":"BreadcrumbList","@id":"https:\/\/limit-tools.com\/pl\/product\/adapter-do-urzadzen-laserowych-5-8-1-4\/#breadcrumb","itemListElement":[{"@type":"ListItem","position":1,"name":"Products","item":"https:\/\/limit-tools.com\/pl\/products\/"},{"@type":"ListItem","position":2,"name":"ADAPTER DO URZADZEN LASEROWYCH 5\/8&#8243; &#8211; 1\/4&#8243;"}]},{"@type":"WebSite","@id":"https:\/\/limit-tools.com\/pl\/#website","url":"https:\/\/limit-tools.com\/pl\/","name":"Precision measuring instruments | Limit","description":"Everything can be measured","potentialAction":[{"@type":"SearchAction","target":{"@type":"EntryPoint","urlTemplate":"https:\/\/limit-tools.com\/pl\/?s={search_term_string}"},"query-input":{"@type":"PropertyValueSpecification","valueRequired":true,"valueName":"search_term_string"}}],"inLanguage":"pl-PL"}]}},"_links":{"self":[{"href":"https:\/\/limit-tools.com\/pl\/wp-json\/wp\/v2\/product\/2715"}],"collection":[{"href":"https:\/\/limit-tools.com\/pl\/wp-json\/wp\/v2\/product"}],"about":[{"href":"https:\/\/limit-tools.com\/pl\/wp-json\/wp\/v2\/types\/product"}],"replies":[{"embeddable":true,"href":"https:\/\/limit-tools.com\/pl\/wp-json\/wp\/v2\/comments?post=2715"}],"wp:attachment":[{"href":"https:\/\/limit-tools.com\/pl\/wp-json\/wp\/v2\/media?parent=2715"}],"wp:term":[{"taxonomy":"product_cat","embeddable":true,"href":"https:\/\/limit-tools.com\/pl\/wp-json\/wp\/v2\/product_cat?post=2715"},{"taxonomy":"product_tag","embeddable":true,"href":"https:\/\/limit-tools.com\/pl\/wp-json\/wp\/v2\/product_tag?post=2715"}],"curies":[{"name":"wp","href":"https:\/\/api.w.org\/{rel}","templated":true}]}}