{"id":2602,"date":"2020-03-01T00:06:30","date_gmt":"2020-03-01T00:06:30","guid":{"rendered":"https:\/\/limit-tools.com\/product\/2602\/"},"modified":"2020-03-01T00:06:30","modified_gmt":"2020-03-01T00:06:30","slug":"multimetr-cyfrowy-limit-300","status":"publish","type":"product","link":"https:\/\/limit-tools.com\/pl\/product\/multimetr-cyfrowy-limit-300\/","title":{"rendered":"Multimetr cyfrowy Limit 300"},"content":{"rendered":"<p>Ma\u0142y multimetr cyfrowy o ergonomicznym kszta\u0142cie. Do mierzenia napi\u0119cia sta\u0142ego i zmiennego, pr\u0105du sta\u0142ego, rezystancji, temperatury. Ponadto posiada nast\u0119puj\u0105ce funkcje: test diodowy, test ci\u0105g\u0142o\u015bci obwodu z sygnalizacj\u0105 akustyczn\u0105, pami\u0119\u0107 wyniku pomiaru &#8222;datahold&#8221;, pod\u015bwietlenie wy\u015bwietlacza, sygnalizacja niskiego stanu baterii.Dostarczany w komplecie z kabelkami pomiarowymi, przetwornikiem temperatury do maks. 260\u00b0C, bateri\u0105 i instrukcj\u0105 obs\u0142ugi. Os\u0142ona gumowa i odk\u0142adana podp\u00f3rka.D\u0142ugo\u015b\u0107 podzia\u0142ki 1999. Izolacja CAT I 1600 V \/ CAT II 300 V wg IEC 61010. Zabezpieczenie zakres\u00f3w do maks. 200 mA.<\/p>\n","protected":false},"excerpt":{"rendered":"Ma\u0142y multimetr cyfrowy o ergonomicznym kszta\u0142cie. Do mierzenia napi\u0119cia sta\u0142ego i zmiennego, pr\u0105du sta\u0142ego, rezystancji, temperatury. Ponadto posiada nast\u0119puj\u0105ce funkcje: [&hellip;]","protected":false},"featured_media":0,"comment_status":"closed","ping_status":"closed","template":"","meta":{"_acf_changed":false},"product_cat":[341,419],"product_tag":[],"class_list":{"0":"post-2602","1":"product","2":"type-product","3":"status-publish","5":"product_cat-testy-instalacji-elektrycznych-pl","6":"product_cat-multimetry-pl","8":"first","9":"instock","10":"shipping-taxable","11":"product-type-simple"},"acf":[],"yoast_head":"<!-- This site is optimized with the Yoast SEO plugin v23.4 - https:\/\/yoast.com\/wordpress\/plugins\/seo\/ -->\n<title>Multimetr cyfrowy Limit 300 - Precision measuring instruments | Limit<\/title>\n<meta name=\"robots\" content=\"index, follow, max-snippet:-1, max-image-preview:large, max-video-preview:-1\" \/>\n<link rel=\"canonical\" href=\"https:\/\/limit-tools.com\/pl\/product\/multimetr-cyfrowy-limit-300\/\" \/>\n<meta property=\"og:locale\" content=\"pl_PL\" \/>\n<meta property=\"og:type\" content=\"article\" \/>\n<meta property=\"og:title\" content=\"Multimetr cyfrowy Limit 300 - Precision measuring instruments | Limit\" \/>\n<meta property=\"og:description\" content=\"Ma\u0142y multimetr cyfrowy o ergonomicznym kszta\u0142cie. Do mierzenia napi\u0119cia sta\u0142ego i zmiennego, pr\u0105du sta\u0142ego, rezystancji, temperatury. Ponadto posiada nast\u0119puj\u0105ce funkcje: [&hellip;]\" \/>\n<meta property=\"og:url\" content=\"https:\/\/limit-tools.com\/pl\/product\/multimetr-cyfrowy-limit-300\/\" \/>\n<meta property=\"og:site_name\" content=\"Precision measuring instruments | Limit\" \/>\n<meta property=\"article:publisher\" content=\"https:\/\/www.facebook.com\/limittools\/\" \/>\n<meta name=\"twitter:card\" content=\"summary_large_image\" \/>\n<script type=\"application\/ld+json\" class=\"yoast-schema-graph\">{\"@context\":\"https:\/\/schema.org\",\"@graph\":[{\"@type\":\"WebPage\",\"@id\":\"https:\/\/limit-tools.com\/pl\/product\/multimetr-cyfrowy-limit-300\/\",\"url\":\"https:\/\/limit-tools.com\/pl\/product\/multimetr-cyfrowy-limit-300\/\",\"name\":\"Multimetr cyfrowy Limit 300 - Precision measuring instruments | Limit\",\"isPartOf\":{\"@id\":\"https:\/\/limit-tools.com\/pl\/#website\"},\"datePublished\":\"2020-03-01T00:06:30+00:00\",\"dateModified\":\"2020-03-01T00:06:30+00:00\",\"breadcrumb\":{\"@id\":\"https:\/\/limit-tools.com\/pl\/product\/multimetr-cyfrowy-limit-300\/#breadcrumb\"},\"inLanguage\":\"pl-PL\",\"potentialAction\":[{\"@type\":\"ReadAction\",\"target\":[\"https:\/\/limit-tools.com\/pl\/product\/multimetr-cyfrowy-limit-300\/\"]}]},{\"@type\":\"BreadcrumbList\",\"@id\":\"https:\/\/limit-tools.com\/pl\/product\/multimetr-cyfrowy-limit-300\/#breadcrumb\",\"itemListElement\":[{\"@type\":\"ListItem\",\"position\":1,\"name\":\"Products\",\"item\":\"https:\/\/limit-tools.com\/pl\/products\/\"},{\"@type\":\"ListItem\",\"position\":2,\"name\":\"Multimetr cyfrowy Limit 300\"}]},{\"@type\":\"WebSite\",\"@id\":\"https:\/\/limit-tools.com\/pl\/#website\",\"url\":\"https:\/\/limit-tools.com\/pl\/\",\"name\":\"Precision measuring instruments | Limit\",\"description\":\"Everything can be measured\",\"potentialAction\":[{\"@type\":\"SearchAction\",\"target\":{\"@type\":\"EntryPoint\",\"urlTemplate\":\"https:\/\/limit-tools.com\/pl\/?s={search_term_string}\"},\"query-input\":{\"@type\":\"PropertyValueSpecification\",\"valueRequired\":true,\"valueName\":\"search_term_string\"}}],\"inLanguage\":\"pl-PL\"}]}<\/script>\n<!-- \/ Yoast SEO plugin. -->","yoast_head_json":{"title":"Multimetr cyfrowy Limit 300 - Precision measuring instruments | Limit","robots":{"index":"index","follow":"follow","max-snippet":"max-snippet:-1","max-image-preview":"max-image-preview:large","max-video-preview":"max-video-preview:-1"},"canonical":"https:\/\/limit-tools.com\/pl\/product\/multimetr-cyfrowy-limit-300\/","og_locale":"pl_PL","og_type":"article","og_title":"Multimetr cyfrowy Limit 300 - Precision measuring instruments | Limit","og_description":"Ma\u0142y multimetr cyfrowy o ergonomicznym kszta\u0142cie. Do mierzenia napi\u0119cia sta\u0142ego i zmiennego, pr\u0105du sta\u0142ego, rezystancji, temperatury. Ponadto posiada nast\u0119puj\u0105ce funkcje: [&hellip;]","og_url":"https:\/\/limit-tools.com\/pl\/product\/multimetr-cyfrowy-limit-300\/","og_site_name":"Precision measuring instruments | Limit","article_publisher":"https:\/\/www.facebook.com\/limittools\/","twitter_card":"summary_large_image","schema":{"@context":"https:\/\/schema.org","@graph":[{"@type":"WebPage","@id":"https:\/\/limit-tools.com\/pl\/product\/multimetr-cyfrowy-limit-300\/","url":"https:\/\/limit-tools.com\/pl\/product\/multimetr-cyfrowy-limit-300\/","name":"Multimetr cyfrowy Limit 300 - Precision measuring instruments | Limit","isPartOf":{"@id":"https:\/\/limit-tools.com\/pl\/#website"},"datePublished":"2020-03-01T00:06:30+00:00","dateModified":"2020-03-01T00:06:30+00:00","breadcrumb":{"@id":"https:\/\/limit-tools.com\/pl\/product\/multimetr-cyfrowy-limit-300\/#breadcrumb"},"inLanguage":"pl-PL","potentialAction":[{"@type":"ReadAction","target":["https:\/\/limit-tools.com\/pl\/product\/multimetr-cyfrowy-limit-300\/"]}]},{"@type":"BreadcrumbList","@id":"https:\/\/limit-tools.com\/pl\/product\/multimetr-cyfrowy-limit-300\/#breadcrumb","itemListElement":[{"@type":"ListItem","position":1,"name":"Products","item":"https:\/\/limit-tools.com\/pl\/products\/"},{"@type":"ListItem","position":2,"name":"Multimetr cyfrowy Limit 300"}]},{"@type":"WebSite","@id":"https:\/\/limit-tools.com\/pl\/#website","url":"https:\/\/limit-tools.com\/pl\/","name":"Precision measuring instruments | Limit","description":"Everything can be measured","potentialAction":[{"@type":"SearchAction","target":{"@type":"EntryPoint","urlTemplate":"https:\/\/limit-tools.com\/pl\/?s={search_term_string}"},"query-input":{"@type":"PropertyValueSpecification","valueRequired":true,"valueName":"search_term_string"}}],"inLanguage":"pl-PL"}]}},"_links":{"self":[{"href":"https:\/\/limit-tools.com\/pl\/wp-json\/wp\/v2\/product\/2602"}],"collection":[{"href":"https:\/\/limit-tools.com\/pl\/wp-json\/wp\/v2\/product"}],"about":[{"href":"https:\/\/limit-tools.com\/pl\/wp-json\/wp\/v2\/types\/product"}],"replies":[{"embeddable":true,"href":"https:\/\/limit-tools.com\/pl\/wp-json\/wp\/v2\/comments?post=2602"}],"wp:attachment":[{"href":"https:\/\/limit-tools.com\/pl\/wp-json\/wp\/v2\/media?parent=2602"}],"wp:term":[{"taxonomy":"product_cat","embeddable":true,"href":"https:\/\/limit-tools.com\/pl\/wp-json\/wp\/v2\/product_cat?post=2602"},{"taxonomy":"product_tag","embeddable":true,"href":"https:\/\/limit-tools.com\/pl\/wp-json\/wp\/v2\/product_tag?post=2602"}],"curies":[{"name":"wp","href":"https:\/\/api.w.org\/{rel}","templated":true}]}}