{"id":2149,"date":"2026-04-16T00:01:50","date_gmt":"2026-04-16T00:01:50","guid":{"rendered":"https:\/\/limit-tools.com\/product\/2149\/"},"modified":"2026-04-16T00:01:50","modified_gmt":"2026-04-16T00:01:50","slug":"poziomnica-ramowa-z-pryzma-200-002-mm","status":"publish","type":"product","link":"https:\/\/limit-tools.com\/pl\/product\/poziomnica-ramowa-z-pryzma-200-002-mm\/","title":{"rendered":"POZIOMNICA RAMOWA Z PRYZMA 200-0,02 MM"},"content":{"rendered":"<p>Poziomice precyzyjne wykonane z \u017celiwa. Z dwiema regulowanymi ampu\u0142kami, wzd\u0142u\u017cn\u0105 i poprzeczn\u0105, z naniesion\u0105 podzia\u0142k\u0105. Dok\u0142adno\u015b\u0107 wg DIN 877. Z rowkiem pryzmatycznym na powierzchni roboczej.<\/p>\n","protected":false},"excerpt":{"rendered":"Poziomice precyzyjne wykonane z \u017celiwa. Z dwiema regulowanymi ampu\u0142kami, wzd\u0142u\u017cn\u0105 i poprzeczn\u0105, z naniesion\u0105 podzia\u0142k\u0105. Dok\u0142adno\u015b\u0107 wg DIN 877. Z [&hellip;]","protected":false},"featured_media":0,"comment_status":"closed","ping_status":"closed","template":"","meta":{"_acf_changed":false},"product_cat":[247,391],"product_tag":[],"class_list":{"0":"post-2149","1":"product","2":"type-product","3":"status-publish","5":"product_cat-pomiary-warsztatowe-pl","6":"product_cat-poziomnica-maszynowa-pl","8":"first","9":"instock","10":"shipping-taxable","11":"product-type-simple"},"acf":[],"yoast_head":"<!-- This site is optimized with the Yoast SEO plugin v23.4 - https:\/\/yoast.com\/wordpress\/plugins\/seo\/ -->\n<title>POZIOMNICA RAMOWA Z PRYZMA 200-0,02 MM - Precision measuring instruments | Limit<\/title>\n<meta name=\"robots\" content=\"index, follow, max-snippet:-1, max-image-preview:large, max-video-preview:-1\" \/>\n<link rel=\"canonical\" href=\"https:\/\/limit-tools.com\/pl\/product\/poziomnica-ramowa-z-pryzma-200-002-mm\/\" \/>\n<meta property=\"og:locale\" content=\"pl_PL\" \/>\n<meta property=\"og:type\" content=\"article\" \/>\n<meta property=\"og:title\" content=\"POZIOMNICA RAMOWA Z PRYZMA 200-0,02 MM - Precision measuring instruments | Limit\" \/>\n<meta property=\"og:description\" content=\"Poziomice precyzyjne wykonane z \u017celiwa. Z dwiema regulowanymi ampu\u0142kami, wzd\u0142u\u017cn\u0105 i poprzeczn\u0105, z naniesion\u0105 podzia\u0142k\u0105. Dok\u0142adno\u015b\u0107 wg DIN 877. Z [&hellip;]\" \/>\n<meta property=\"og:url\" content=\"https:\/\/limit-tools.com\/pl\/product\/poziomnica-ramowa-z-pryzma-200-002-mm\/\" \/>\n<meta property=\"og:site_name\" content=\"Precision measuring instruments | Limit\" \/>\n<meta property=\"article:publisher\" content=\"https:\/\/www.facebook.com\/limittools\/\" \/>\n<meta name=\"twitter:card\" content=\"summary_large_image\" \/>\n<script type=\"application\/ld+json\" class=\"yoast-schema-graph\">{\"@context\":\"https:\/\/schema.org\",\"@graph\":[{\"@type\":\"WebPage\",\"@id\":\"https:\/\/limit-tools.com\/pl\/product\/poziomnica-ramowa-z-pryzma-200-002-mm\/\",\"url\":\"https:\/\/limit-tools.com\/pl\/product\/poziomnica-ramowa-z-pryzma-200-002-mm\/\",\"name\":\"POZIOMNICA RAMOWA Z PRYZMA 200-0,02 MM - Precision measuring instruments | Limit\",\"isPartOf\":{\"@id\":\"https:\/\/limit-tools.com\/pl\/#website\"},\"datePublished\":\"2026-04-16T00:01:50+00:00\",\"dateModified\":\"2026-04-16T00:01:50+00:00\",\"breadcrumb\":{\"@id\":\"https:\/\/limit-tools.com\/pl\/product\/poziomnica-ramowa-z-pryzma-200-002-mm\/#breadcrumb\"},\"inLanguage\":\"pl-PL\",\"potentialAction\":[{\"@type\":\"ReadAction\",\"target\":[\"https:\/\/limit-tools.com\/pl\/product\/poziomnica-ramowa-z-pryzma-200-002-mm\/\"]}]},{\"@type\":\"BreadcrumbList\",\"@id\":\"https:\/\/limit-tools.com\/pl\/product\/poziomnica-ramowa-z-pryzma-200-002-mm\/#breadcrumb\",\"itemListElement\":[{\"@type\":\"ListItem\",\"position\":1,\"name\":\"Products\",\"item\":\"https:\/\/limit-tools.com\/pl\/products\/\"},{\"@type\":\"ListItem\",\"position\":2,\"name\":\"POZIOMNICA RAMOWA Z PRYZMA 200-0,02 MM\"}]},{\"@type\":\"WebSite\",\"@id\":\"https:\/\/limit-tools.com\/pl\/#website\",\"url\":\"https:\/\/limit-tools.com\/pl\/\",\"name\":\"Precision measuring instruments | Limit\",\"description\":\"Everything can be measured\",\"potentialAction\":[{\"@type\":\"SearchAction\",\"target\":{\"@type\":\"EntryPoint\",\"urlTemplate\":\"https:\/\/limit-tools.com\/pl\/?s={search_term_string}\"},\"query-input\":{\"@type\":\"PropertyValueSpecification\",\"valueRequired\":true,\"valueName\":\"search_term_string\"}}],\"inLanguage\":\"pl-PL\"}]}<\/script>\n<!-- \/ Yoast SEO plugin. -->","yoast_head_json":{"title":"POZIOMNICA RAMOWA Z PRYZMA 200-0,02 MM - Precision measuring instruments | Limit","robots":{"index":"index","follow":"follow","max-snippet":"max-snippet:-1","max-image-preview":"max-image-preview:large","max-video-preview":"max-video-preview:-1"},"canonical":"https:\/\/limit-tools.com\/pl\/product\/poziomnica-ramowa-z-pryzma-200-002-mm\/","og_locale":"pl_PL","og_type":"article","og_title":"POZIOMNICA RAMOWA Z PRYZMA 200-0,02 MM - Precision measuring instruments | Limit","og_description":"Poziomice precyzyjne wykonane z \u017celiwa. Z dwiema regulowanymi ampu\u0142kami, wzd\u0142u\u017cn\u0105 i poprzeczn\u0105, z naniesion\u0105 podzia\u0142k\u0105. Dok\u0142adno\u015b\u0107 wg DIN 877. Z [&hellip;]","og_url":"https:\/\/limit-tools.com\/pl\/product\/poziomnica-ramowa-z-pryzma-200-002-mm\/","og_site_name":"Precision measuring instruments | Limit","article_publisher":"https:\/\/www.facebook.com\/limittools\/","twitter_card":"summary_large_image","schema":{"@context":"https:\/\/schema.org","@graph":[{"@type":"WebPage","@id":"https:\/\/limit-tools.com\/pl\/product\/poziomnica-ramowa-z-pryzma-200-002-mm\/","url":"https:\/\/limit-tools.com\/pl\/product\/poziomnica-ramowa-z-pryzma-200-002-mm\/","name":"POZIOMNICA RAMOWA Z PRYZMA 200-0,02 MM - Precision measuring instruments | Limit","isPartOf":{"@id":"https:\/\/limit-tools.com\/pl\/#website"},"datePublished":"2026-04-16T00:01:50+00:00","dateModified":"2026-04-16T00:01:50+00:00","breadcrumb":{"@id":"https:\/\/limit-tools.com\/pl\/product\/poziomnica-ramowa-z-pryzma-200-002-mm\/#breadcrumb"},"inLanguage":"pl-PL","potentialAction":[{"@type":"ReadAction","target":["https:\/\/limit-tools.com\/pl\/product\/poziomnica-ramowa-z-pryzma-200-002-mm\/"]}]},{"@type":"BreadcrumbList","@id":"https:\/\/limit-tools.com\/pl\/product\/poziomnica-ramowa-z-pryzma-200-002-mm\/#breadcrumb","itemListElement":[{"@type":"ListItem","position":1,"name":"Products","item":"https:\/\/limit-tools.com\/pl\/products\/"},{"@type":"ListItem","position":2,"name":"POZIOMNICA RAMOWA Z PRYZMA 200-0,02 MM"}]},{"@type":"WebSite","@id":"https:\/\/limit-tools.com\/pl\/#website","url":"https:\/\/limit-tools.com\/pl\/","name":"Precision measuring instruments | Limit","description":"Everything can be measured","potentialAction":[{"@type":"SearchAction","target":{"@type":"EntryPoint","urlTemplate":"https:\/\/limit-tools.com\/pl\/?s={search_term_string}"},"query-input":{"@type":"PropertyValueSpecification","valueRequired":true,"valueName":"search_term_string"}}],"inLanguage":"pl-PL"}]}},"_links":{"self":[{"href":"https:\/\/limit-tools.com\/pl\/wp-json\/wp\/v2\/product\/2149"}],"collection":[{"href":"https:\/\/limit-tools.com\/pl\/wp-json\/wp\/v2\/product"}],"about":[{"href":"https:\/\/limit-tools.com\/pl\/wp-json\/wp\/v2\/types\/product"}],"replies":[{"embeddable":true,"href":"https:\/\/limit-tools.com\/pl\/wp-json\/wp\/v2\/comments?post=2149"}],"wp:attachment":[{"href":"https:\/\/limit-tools.com\/pl\/wp-json\/wp\/v2\/media?parent=2149"}],"wp:term":[{"taxonomy":"product_cat","embeddable":true,"href":"https:\/\/limit-tools.com\/pl\/wp-json\/wp\/v2\/product_cat?post=2149"},{"taxonomy":"product_tag","embeddable":true,"href":"https:\/\/limit-tools.com\/pl\/wp-json\/wp\/v2\/product_tag?post=2149"}],"curies":[{"name":"wp","href":"https:\/\/api.w.org\/{rel}","templated":true}]}}