{"id":1889,"date":"2019-04-26T13:42:45","date_gmt":"2019-04-26T13:42:45","guid":{"rendered":"https:\/\/limit-tools.com\/product\/1889\/"},"modified":"2019-04-26T13:42:45","modified_gmt":"2019-04-26T13:42:45","slug":"1889","status":"publish","type":"product","link":"https:\/\/limit-tools.com\/pl\/product\/1889\/","title":{"rendered":""},"content":{"rendered":"<p>Elektroniczny czujnik kraw\u0119dzi. U\u0142atwia operacj\u0119 ustawiania i pozycjonowania wrzeciona frezarki lub wiertarki wzgl\u0119dem obrabianego przedmiotu lub sto\u0142u obrabiarki. Dioda LED sygnalizuje moment zetkni\u0119cia si\u0119 z przedmiotem. Precyzyjnie wykonane wrzeciono z kulk\u0105 stalow\u0105 odchylan\u0105 spr\u0119\u017cynuj\u0105co na boki.<br \/>\nDostarczany z bateriami.<\/p>\n","protected":false},"excerpt":{"rendered":"Elektroniczny czujnik kraw\u0119dzi. U\u0142atwia operacj\u0119 ustawiania i pozycjonowania wrzeciona frezarki lub wiertarki wzgl\u0119dem obrabianego przedmiotu lub sto\u0142u obrabiarki. Dioda LED [&hellip;]","protected":false},"featured_media":0,"comment_status":"open","ping_status":"closed","template":"","meta":{"_acf_changed":false},"product_cat":[247,290],"product_tag":[],"class_list":{"0":"post-1889","1":"product","2":"type-product","3":"status-publish","5":"product_cat-pomiary-warsztatowe-pl","6":"product_cat-czujniki-krawedziowe-pl","8":"first","9":"instock","10":"shipping-taxable","11":"product-type-simple"},"acf":[],"yoast_head":"<!-- This site is optimized with the Yoast SEO plugin v23.4 - https:\/\/yoast.com\/wordpress\/plugins\/seo\/ -->\n<title>- Precision measuring instruments | Limit<\/title>\n<meta name=\"robots\" content=\"index, follow, max-snippet:-1, max-image-preview:large, max-video-preview:-1\" \/>\n<link rel=\"canonical\" href=\"https:\/\/limit-tools.com\/pl\/product\/1889\/\" \/>\n<meta property=\"og:locale\" content=\"pl_PL\" \/>\n<meta property=\"og:type\" content=\"article\" \/>\n<meta property=\"og:title\" content=\"- Precision measuring instruments | Limit\" \/>\n<meta property=\"og:description\" content=\"Elektroniczny czujnik kraw\u0119dzi. U\u0142atwia operacj\u0119 ustawiania i pozycjonowania wrzeciona frezarki lub wiertarki wzgl\u0119dem obrabianego przedmiotu lub sto\u0142u obrabiarki. Dioda LED [&hellip;]\" \/>\n<meta property=\"og:url\" content=\"https:\/\/limit-tools.com\/pl\/product\/1889\/\" \/>\n<meta property=\"og:site_name\" content=\"Precision measuring instruments | Limit\" \/>\n<meta property=\"article:publisher\" content=\"https:\/\/www.facebook.com\/limittools\/\" \/>\n<meta name=\"twitter:card\" content=\"summary_large_image\" \/>\n<script type=\"application\/ld+json\" class=\"yoast-schema-graph\">{\"@context\":\"https:\/\/schema.org\",\"@graph\":[{\"@type\":\"WebPage\",\"@id\":\"https:\/\/limit-tools.com\/pl\/product\/1889\/\",\"url\":\"https:\/\/limit-tools.com\/pl\/product\/1889\/\",\"name\":\"- Precision measuring instruments | Limit\",\"isPartOf\":{\"@id\":\"https:\/\/limit-tools.com\/pl\/#website\"},\"datePublished\":\"2019-04-26T13:42:45+00:00\",\"dateModified\":\"2019-04-26T13:42:45+00:00\",\"inLanguage\":\"pl-PL\",\"potentialAction\":[{\"@type\":\"ReadAction\",\"target\":[\"https:\/\/limit-tools.com\/pl\/product\/1889\/\"]}]},{\"@type\":\"WebSite\",\"@id\":\"https:\/\/limit-tools.com\/pl\/#website\",\"url\":\"https:\/\/limit-tools.com\/pl\/\",\"name\":\"Precision measuring instruments | Limit\",\"description\":\"Everything can be measured\",\"potentialAction\":[{\"@type\":\"SearchAction\",\"target\":{\"@type\":\"EntryPoint\",\"urlTemplate\":\"https:\/\/limit-tools.com\/pl\/?s={search_term_string}\"},\"query-input\":{\"@type\":\"PropertyValueSpecification\",\"valueRequired\":true,\"valueName\":\"search_term_string\"}}],\"inLanguage\":\"pl-PL\"}]}<\/script>\n<!-- \/ Yoast SEO plugin. -->","yoast_head_json":{"title":"- Precision measuring instruments | Limit","robots":{"index":"index","follow":"follow","max-snippet":"max-snippet:-1","max-image-preview":"max-image-preview:large","max-video-preview":"max-video-preview:-1"},"canonical":"https:\/\/limit-tools.com\/pl\/product\/1889\/","og_locale":"pl_PL","og_type":"article","og_title":"- Precision measuring instruments | Limit","og_description":"Elektroniczny czujnik kraw\u0119dzi. U\u0142atwia operacj\u0119 ustawiania i pozycjonowania wrzeciona frezarki lub wiertarki wzgl\u0119dem obrabianego przedmiotu lub sto\u0142u obrabiarki. Dioda LED [&hellip;]","og_url":"https:\/\/limit-tools.com\/pl\/product\/1889\/","og_site_name":"Precision measuring instruments | Limit","article_publisher":"https:\/\/www.facebook.com\/limittools\/","twitter_card":"summary_large_image","schema":{"@context":"https:\/\/schema.org","@graph":[{"@type":"WebPage","@id":"https:\/\/limit-tools.com\/pl\/product\/1889\/","url":"https:\/\/limit-tools.com\/pl\/product\/1889\/","name":"- Precision measuring instruments | Limit","isPartOf":{"@id":"https:\/\/limit-tools.com\/pl\/#website"},"datePublished":"2019-04-26T13:42:45+00:00","dateModified":"2019-04-26T13:42:45+00:00","inLanguage":"pl-PL","potentialAction":[{"@type":"ReadAction","target":["https:\/\/limit-tools.com\/pl\/product\/1889\/"]}]},{"@type":"WebSite","@id":"https:\/\/limit-tools.com\/pl\/#website","url":"https:\/\/limit-tools.com\/pl\/","name":"Precision measuring instruments | Limit","description":"Everything can be measured","potentialAction":[{"@type":"SearchAction","target":{"@type":"EntryPoint","urlTemplate":"https:\/\/limit-tools.com\/pl\/?s={search_term_string}"},"query-input":{"@type":"PropertyValueSpecification","valueRequired":true,"valueName":"search_term_string"}}],"inLanguage":"pl-PL"}]}},"_links":{"self":[{"href":"https:\/\/limit-tools.com\/pl\/wp-json\/wp\/v2\/product\/1889"}],"collection":[{"href":"https:\/\/limit-tools.com\/pl\/wp-json\/wp\/v2\/product"}],"about":[{"href":"https:\/\/limit-tools.com\/pl\/wp-json\/wp\/v2\/types\/product"}],"replies":[{"embeddable":true,"href":"https:\/\/limit-tools.com\/pl\/wp-json\/wp\/v2\/comments?post=1889"}],"wp:attachment":[{"href":"https:\/\/limit-tools.com\/pl\/wp-json\/wp\/v2\/media?parent=1889"}],"wp:term":[{"taxonomy":"product_cat","embeddable":true,"href":"https:\/\/limit-tools.com\/pl\/wp-json\/wp\/v2\/product_cat?post=1889"},{"taxonomy":"product_tag","embeddable":true,"href":"https:\/\/limit-tools.com\/pl\/wp-json\/wp\/v2\/product_tag?post=1889"}],"curies":[{"name":"wp","href":"https:\/\/api.w.org\/{rel}","templated":true}]}}