{"id":3814,"date":"2020-11-03T08:31:50","date_gmt":"2020-11-03T08:31:50","guid":{"rendered":"https:\/\/limit-tools.com\/product\/vekt-person-digital-lep-180\/"},"modified":"2020-11-03T08:31:50","modified_gmt":"2020-11-03T08:31:50","slug":"personvekt-digital-lep-182","status":"publish","type":"product","link":"https:\/\/limit-tools.com\/no\/product\/personvekt-digital-lep-182\/","title":{"rendered":"PERSONVEKT DIGITAL LEP-182"},"content":{"rendered":"<p>Personvekter med digital visning av vekten. Display med store, lettavleste siffer.<br \/>\nLEP-182 med kroppsanalysefunksjon. Utover vekt beregner vekten ogs\u00e5 kroppsfett, vann- og muskelmasse i % samt ogs\u00e5 kaloribehov. Funksjonstaster for innstilling av kj\u00f8nn, lengde, alder, p\u00e5\/av. Automatisk vektvisning etter trykk med foten. Batteridrift, belastningsplate av herdet glass. Belastningsplatens diameter 350 mm. Batteritype CR2032 inng\u00e5r.<br \/>\nLEP-300. Display med store, lettavleste siffer, bakgrunnsbelysning. Hovedstr\u00f8mbryter, funksjonstaster for innstilling av lengde (BMI), skift kg\/lb, nullstilling\/tara, p\u00e5\/av. Rustfri belastningsplate, 130 x 205 mm. Nettkobling 230 V eller batteridrift.<br \/>\nLeveres med nettadapter og oppladbare batterier. Batteridrift opp til 10 timer. Med BMI-funksjon.<\/p>\n","protected":false},"excerpt":{"rendered":"Personvekter med digital visning av vekten. Display med store, lettavleste siffer. LEP-182 med kroppsanalysefunksjon. Utover vekt beregner vekten ogs\u00e5 kroppsfett, [&hellip;]","protected":false},"featured_media":0,"comment_status":"closed","ping_status":"closed","template":"","meta":{"_acf_changed":false},"product_cat":[304,305],"product_tag":[],"class_list":{"0":"post-3814","1":"product","2":"type-product","3":"status-publish","5":"product_cat-vekter-no","6":"product_cat-personvekter-no","8":"first","9":"instock","10":"shipping-taxable","11":"product-type-simple"},"acf":[],"yoast_head":"<!-- This site is optimized with the Yoast SEO plugin v23.4 - https:\/\/yoast.com\/wordpress\/plugins\/seo\/ -->\n<title>PERSONVEKT DIGITAL LEP-182 - Precision measuring instruments | Limit<\/title>\n<meta name=\"robots\" content=\"index, follow, max-snippet:-1, max-image-preview:large, max-video-preview:-1\" \/>\n<link rel=\"canonical\" href=\"https:\/\/limit-tools.com\/no\/product\/personvekt-digital-lep-182\/\" \/>\n<meta property=\"og:locale\" content=\"nb_NO\" \/>\n<meta property=\"og:type\" content=\"article\" \/>\n<meta property=\"og:title\" content=\"PERSONVEKT DIGITAL LEP-182 - Precision measuring instruments | Limit\" \/>\n<meta property=\"og:description\" content=\"Personvekter med digital visning av vekten. Display med store, lettavleste siffer. LEP-182 med kroppsanalysefunksjon. Utover vekt beregner vekten ogs\u00e5 kroppsfett, [&hellip;]\" \/>\n<meta property=\"og:url\" content=\"https:\/\/limit-tools.com\/no\/product\/personvekt-digital-lep-182\/\" \/>\n<meta property=\"og:site_name\" content=\"Precision measuring instruments | Limit\" \/>\n<meta property=\"article:publisher\" content=\"https:\/\/www.facebook.com\/limittools\/\" \/>\n<meta name=\"twitter:card\" content=\"summary_large_image\" \/>\n<script type=\"application\/ld+json\" class=\"yoast-schema-graph\">{\"@context\":\"https:\/\/schema.org\",\"@graph\":[{\"@type\":\"WebPage\",\"@id\":\"https:\/\/limit-tools.com\/no\/product\/personvekt-digital-lep-182\/\",\"url\":\"https:\/\/limit-tools.com\/no\/product\/personvekt-digital-lep-182\/\",\"name\":\"PERSONVEKT DIGITAL LEP-182 - Precision measuring instruments | Limit\",\"isPartOf\":{\"@id\":\"https:\/\/limit-tools.com\/pl\/#website\"},\"datePublished\":\"2020-11-03T08:31:50+00:00\",\"dateModified\":\"2020-11-03T08:31:50+00:00\",\"breadcrumb\":{\"@id\":\"https:\/\/limit-tools.com\/no\/product\/personvekt-digital-lep-182\/#breadcrumb\"},\"inLanguage\":\"nb-NO\",\"potentialAction\":[{\"@type\":\"ReadAction\",\"target\":[\"https:\/\/limit-tools.com\/no\/product\/personvekt-digital-lep-182\/\"]}]},{\"@type\":\"BreadcrumbList\",\"@id\":\"https:\/\/limit-tools.com\/no\/product\/personvekt-digital-lep-182\/#breadcrumb\",\"itemListElement\":[{\"@type\":\"ListItem\",\"position\":1,\"name\":\"Products\",\"item\":\"https:\/\/limit-tools.com\/pl\/products\/\"},{\"@type\":\"ListItem\",\"position\":2,\"name\":\"PERSONVEKT DIGITAL LEP-182\"}]},{\"@type\":\"WebSite\",\"@id\":\"https:\/\/limit-tools.com\/pl\/#website\",\"url\":\"https:\/\/limit-tools.com\/pl\/\",\"name\":\"Precision measuring instruments | Limit\",\"description\":\"Everything can be measured\",\"potentialAction\":[{\"@type\":\"SearchAction\",\"target\":{\"@type\":\"EntryPoint\",\"urlTemplate\":\"https:\/\/limit-tools.com\/pl\/?s={search_term_string}\"},\"query-input\":{\"@type\":\"PropertyValueSpecification\",\"valueRequired\":true,\"valueName\":\"search_term_string\"}}],\"inLanguage\":\"nb-NO\"}]}<\/script>\n<!-- \/ Yoast SEO plugin. -->","yoast_head_json":{"title":"PERSONVEKT DIGITAL LEP-182 - Precision measuring instruments | Limit","robots":{"index":"index","follow":"follow","max-snippet":"max-snippet:-1","max-image-preview":"max-image-preview:large","max-video-preview":"max-video-preview:-1"},"canonical":"https:\/\/limit-tools.com\/no\/product\/personvekt-digital-lep-182\/","og_locale":"nb_NO","og_type":"article","og_title":"PERSONVEKT DIGITAL LEP-182 - Precision measuring instruments | Limit","og_description":"Personvekter med digital visning av vekten. Display med store, lettavleste siffer. LEP-182 med kroppsanalysefunksjon. Utover vekt beregner vekten ogs\u00e5 kroppsfett, [&hellip;]","og_url":"https:\/\/limit-tools.com\/no\/product\/personvekt-digital-lep-182\/","og_site_name":"Precision measuring instruments | Limit","article_publisher":"https:\/\/www.facebook.com\/limittools\/","twitter_card":"summary_large_image","schema":{"@context":"https:\/\/schema.org","@graph":[{"@type":"WebPage","@id":"https:\/\/limit-tools.com\/no\/product\/personvekt-digital-lep-182\/","url":"https:\/\/limit-tools.com\/no\/product\/personvekt-digital-lep-182\/","name":"PERSONVEKT DIGITAL LEP-182 - Precision measuring instruments | Limit","isPartOf":{"@id":"https:\/\/limit-tools.com\/pl\/#website"},"datePublished":"2020-11-03T08:31:50+00:00","dateModified":"2020-11-03T08:31:50+00:00","breadcrumb":{"@id":"https:\/\/limit-tools.com\/no\/product\/personvekt-digital-lep-182\/#breadcrumb"},"inLanguage":"nb-NO","potentialAction":[{"@type":"ReadAction","target":["https:\/\/limit-tools.com\/no\/product\/personvekt-digital-lep-182\/"]}]},{"@type":"BreadcrumbList","@id":"https:\/\/limit-tools.com\/no\/product\/personvekt-digital-lep-182\/#breadcrumb","itemListElement":[{"@type":"ListItem","position":1,"name":"Products","item":"https:\/\/limit-tools.com\/pl\/products\/"},{"@type":"ListItem","position":2,"name":"PERSONVEKT DIGITAL LEP-182"}]},{"@type":"WebSite","@id":"https:\/\/limit-tools.com\/pl\/#website","url":"https:\/\/limit-tools.com\/pl\/","name":"Precision measuring instruments | Limit","description":"Everything can be measured","potentialAction":[{"@type":"SearchAction","target":{"@type":"EntryPoint","urlTemplate":"https:\/\/limit-tools.com\/pl\/?s={search_term_string}"},"query-input":{"@type":"PropertyValueSpecification","valueRequired":true,"valueName":"search_term_string"}}],"inLanguage":"nb-NO"}]}},"_links":{"self":[{"href":"https:\/\/limit-tools.com\/no\/wp-json\/wp\/v2\/product\/3814"}],"collection":[{"href":"https:\/\/limit-tools.com\/no\/wp-json\/wp\/v2\/product"}],"about":[{"href":"https:\/\/limit-tools.com\/no\/wp-json\/wp\/v2\/types\/product"}],"replies":[{"embeddable":true,"href":"https:\/\/limit-tools.com\/no\/wp-json\/wp\/v2\/comments?post=3814"}],"wp:attachment":[{"href":"https:\/\/limit-tools.com\/no\/wp-json\/wp\/v2\/media?parent=3814"}],"wp:term":[{"taxonomy":"product_cat","embeddable":true,"href":"https:\/\/limit-tools.com\/no\/wp-json\/wp\/v2\/product_cat?post=3814"},{"taxonomy":"product_tag","embeddable":true,"href":"https:\/\/limit-tools.com\/no\/wp-json\/wp\/v2\/product_tag?post=3814"}],"curies":[{"name":"wp","href":"https:\/\/api.w.org\/{rel}","templated":true}]}}