{"id":3744,"date":"2025-01-22T09:46:05","date_gmt":"2025-01-22T09:46:05","guid":{"rendered":"https:\/\/limit-tools.com\/product\/sylinderindikator-h-50-150\/"},"modified":"2025-01-22T09:46:05","modified_gmt":"2025-01-22T09:46:05","slug":"sylinderindikator-h-50-160","status":"publish","type":"product","link":"https:\/\/limit-tools.com\/no\/product\/sylinderindikator-h-50-160\/","title":{"rendered":"SYLINDERINDIKATOR H 50-160"},"content":{"rendered":"<p>For presisjonsm\u00e5linger i hull og spor. Utstyrt med utbyttbare m\u00e5lespisser og distansebrikker for ulike dimensjoner. Indikatoren sentreres automatisk med en fj\u00e6rbelastet st\u00f8tte og har hardmetallbelagt m\u00e5lespiss. Komplett med indikatorklokke. N\u00f8yaktighet er +\/- 15 \u00b5m pluss klokkens n\u00f8yaktighet som er i hen hold til DIN 878. Bunnhullet kan m\u00e5les fra bunnen.<br \/>\n61931002: 10, 11, 12, 13, 14, 15, 16, 17, 18mm<br \/>\n61931101: 18,20,22,24,26,28,30,32,34mm<br \/>\n61931200: 35, 40, 45, 50mm<br \/>\n61931309: 50, 55, 60, 65, 70, 75, 80, 85, 90, 95, 100, 105mm<br \/>\n61931408: 160, 170, 180, 190, 200mm<\/p>\n","protected":false},"excerpt":{"rendered":"For presisjonsm\u00e5linger i hull og spor. Utstyrt med utbyttbare m\u00e5lespisser og distansebrikker for ulike dimensjoner. Indikatoren sentreres automatisk med en [&hellip;]","protected":false},"featured_media":0,"comment_status":"closed","ping_status":"closed","template":"","meta":{"_acf_changed":false},"product_cat":[245,363],"product_tag":[],"class_list":{"0":"post-3744","1":"product","2":"type-product","3":"status-publish","5":"product_cat-verkstedmaling-no","6":"product_cat-indikatorklokker-no","8":"first","9":"instock","10":"shipping-taxable","11":"product-type-simple"},"acf":[],"yoast_head":"<!-- This site is optimized with the Yoast SEO plugin v23.4 - https:\/\/yoast.com\/wordpress\/plugins\/seo\/ -->\n<title>SYLINDERINDIKATOR H 50-160 - Precision measuring instruments | Limit<\/title>\n<meta name=\"robots\" content=\"index, follow, max-snippet:-1, max-image-preview:large, max-video-preview:-1\" \/>\n<link rel=\"canonical\" href=\"https:\/\/limit-tools.com\/no\/product\/sylinderindikator-h-50-160\/\" \/>\n<meta property=\"og:locale\" content=\"nb_NO\" \/>\n<meta property=\"og:type\" content=\"article\" \/>\n<meta property=\"og:title\" content=\"SYLINDERINDIKATOR H 50-160 - Precision measuring instruments | Limit\" \/>\n<meta property=\"og:description\" content=\"For presisjonsm\u00e5linger i hull og spor. Utstyrt med utbyttbare m\u00e5lespisser og distansebrikker for ulike dimensjoner. Indikatoren sentreres automatisk med en [&hellip;]\" \/>\n<meta property=\"og:url\" content=\"https:\/\/limit-tools.com\/no\/product\/sylinderindikator-h-50-160\/\" \/>\n<meta property=\"og:site_name\" content=\"Precision measuring instruments | Limit\" \/>\n<meta property=\"article:publisher\" content=\"https:\/\/www.facebook.com\/limittools\/\" \/>\n<meta name=\"twitter:card\" content=\"summary_large_image\" \/>\n<script type=\"application\/ld+json\" class=\"yoast-schema-graph\">{\"@context\":\"https:\/\/schema.org\",\"@graph\":[{\"@type\":\"WebPage\",\"@id\":\"https:\/\/limit-tools.com\/no\/product\/sylinderindikator-h-50-160\/\",\"url\":\"https:\/\/limit-tools.com\/no\/product\/sylinderindikator-h-50-160\/\",\"name\":\"SYLINDERINDIKATOR H 50-160 - Precision measuring instruments | Limit\",\"isPartOf\":{\"@id\":\"https:\/\/limit-tools.com\/pl\/#website\"},\"datePublished\":\"2025-01-22T09:46:05+00:00\",\"dateModified\":\"2025-01-22T09:46:05+00:00\",\"breadcrumb\":{\"@id\":\"https:\/\/limit-tools.com\/no\/product\/sylinderindikator-h-50-160\/#breadcrumb\"},\"inLanguage\":\"nb-NO\",\"potentialAction\":[{\"@type\":\"ReadAction\",\"target\":[\"https:\/\/limit-tools.com\/no\/product\/sylinderindikator-h-50-160\/\"]}]},{\"@type\":\"BreadcrumbList\",\"@id\":\"https:\/\/limit-tools.com\/no\/product\/sylinderindikator-h-50-160\/#breadcrumb\",\"itemListElement\":[{\"@type\":\"ListItem\",\"position\":1,\"name\":\"Products\",\"item\":\"https:\/\/limit-tools.com\/pl\/products\/\"},{\"@type\":\"ListItem\",\"position\":2,\"name\":\"SYLINDERINDIKATOR H 50-160\"}]},{\"@type\":\"WebSite\",\"@id\":\"https:\/\/limit-tools.com\/pl\/#website\",\"url\":\"https:\/\/limit-tools.com\/pl\/\",\"name\":\"Precision measuring instruments | Limit\",\"description\":\"Everything can be measured\",\"potentialAction\":[{\"@type\":\"SearchAction\",\"target\":{\"@type\":\"EntryPoint\",\"urlTemplate\":\"https:\/\/limit-tools.com\/pl\/?s={search_term_string}\"},\"query-input\":{\"@type\":\"PropertyValueSpecification\",\"valueRequired\":true,\"valueName\":\"search_term_string\"}}],\"inLanguage\":\"nb-NO\"}]}<\/script>\n<!-- \/ Yoast SEO plugin. -->","yoast_head_json":{"title":"SYLINDERINDIKATOR H 50-160 - Precision measuring instruments | Limit","robots":{"index":"index","follow":"follow","max-snippet":"max-snippet:-1","max-image-preview":"max-image-preview:large","max-video-preview":"max-video-preview:-1"},"canonical":"https:\/\/limit-tools.com\/no\/product\/sylinderindikator-h-50-160\/","og_locale":"nb_NO","og_type":"article","og_title":"SYLINDERINDIKATOR H 50-160 - Precision measuring instruments | Limit","og_description":"For presisjonsm\u00e5linger i hull og spor. Utstyrt med utbyttbare m\u00e5lespisser og distansebrikker for ulike dimensjoner. Indikatoren sentreres automatisk med en [&hellip;]","og_url":"https:\/\/limit-tools.com\/no\/product\/sylinderindikator-h-50-160\/","og_site_name":"Precision measuring instruments | Limit","article_publisher":"https:\/\/www.facebook.com\/limittools\/","twitter_card":"summary_large_image","schema":{"@context":"https:\/\/schema.org","@graph":[{"@type":"WebPage","@id":"https:\/\/limit-tools.com\/no\/product\/sylinderindikator-h-50-160\/","url":"https:\/\/limit-tools.com\/no\/product\/sylinderindikator-h-50-160\/","name":"SYLINDERINDIKATOR H 50-160 - Precision measuring instruments | Limit","isPartOf":{"@id":"https:\/\/limit-tools.com\/pl\/#website"},"datePublished":"2025-01-22T09:46:05+00:00","dateModified":"2025-01-22T09:46:05+00:00","breadcrumb":{"@id":"https:\/\/limit-tools.com\/no\/product\/sylinderindikator-h-50-160\/#breadcrumb"},"inLanguage":"nb-NO","potentialAction":[{"@type":"ReadAction","target":["https:\/\/limit-tools.com\/no\/product\/sylinderindikator-h-50-160\/"]}]},{"@type":"BreadcrumbList","@id":"https:\/\/limit-tools.com\/no\/product\/sylinderindikator-h-50-160\/#breadcrumb","itemListElement":[{"@type":"ListItem","position":1,"name":"Products","item":"https:\/\/limit-tools.com\/pl\/products\/"},{"@type":"ListItem","position":2,"name":"SYLINDERINDIKATOR H 50-160"}]},{"@type":"WebSite","@id":"https:\/\/limit-tools.com\/pl\/#website","url":"https:\/\/limit-tools.com\/pl\/","name":"Precision measuring instruments | Limit","description":"Everything can be measured","potentialAction":[{"@type":"SearchAction","target":{"@type":"EntryPoint","urlTemplate":"https:\/\/limit-tools.com\/pl\/?s={search_term_string}"},"query-input":{"@type":"PropertyValueSpecification","valueRequired":true,"valueName":"search_term_string"}}],"inLanguage":"nb-NO"}]}},"_links":{"self":[{"href":"https:\/\/limit-tools.com\/no\/wp-json\/wp\/v2\/product\/3744"}],"collection":[{"href":"https:\/\/limit-tools.com\/no\/wp-json\/wp\/v2\/product"}],"about":[{"href":"https:\/\/limit-tools.com\/no\/wp-json\/wp\/v2\/types\/product"}],"replies":[{"embeddable":true,"href":"https:\/\/limit-tools.com\/no\/wp-json\/wp\/v2\/comments?post=3744"}],"wp:attachment":[{"href":"https:\/\/limit-tools.com\/no\/wp-json\/wp\/v2\/media?parent=3744"}],"wp:term":[{"taxonomy":"product_cat","embeddable":true,"href":"https:\/\/limit-tools.com\/no\/wp-json\/wp\/v2\/product_cat?post=3744"},{"taxonomy":"product_tag","embeddable":true,"href":"https:\/\/limit-tools.com\/no\/wp-json\/wp\/v2\/product_tag?post=3744"}],"curies":[{"name":"wp","href":"https:\/\/api.w.org\/{rel}","templated":true}]}}