{"id":3379,"date":"2025-04-02T00:05:08","date_gmt":"2025-04-02T00:05:08","guid":{"rendered":"https:\/\/limit-tools.com\/product\/mottaker-for-krysslaser\/"},"modified":"2025-04-02T00:05:08","modified_gmt":"2025-04-02T00:05:08","slug":"mottaker-for-krysslaser-rod","status":"publish","type":"product","link":"https:\/\/limit-tools.com\/no\/product\/mottaker-for-krysslaser-rod\/","title":{"rendered":"MOTTAKER FOR KRYSSLASER R\u00d8D"},"content":{"rendered":"<p>Lasermottaker for krysslaser 1001-R og 1080-R med r\u00f8dt laserlys, inkl. holder for niv\u00e5stang, rekkevidde 35 m.<\/p>\n","protected":false},"excerpt":{"rendered":"Lasermottaker for krysslaser 1001-R og 1080-R med r\u00f8dt laserlys, inkl. holder for niv\u00e5stang, rekkevidde 35 m.","protected":false},"featured_media":0,"comment_status":"closed","ping_status":"closed","template":"","meta":{"_acf_changed":false},"product_cat":[280,361],"product_tag":[],"class_list":{"0":"post-3379","1":"product","2":"type-product","3":"status-publish","5":"product_cat-laserinstrumenter-no","6":"product_cat-krysslasere-tilbehor-no","8":"first","9":"instock","10":"shipping-taxable","11":"product-type-simple"},"acf":[],"yoast_head":"<!-- This site is optimized with the Yoast SEO plugin v23.4 - https:\/\/yoast.com\/wordpress\/plugins\/seo\/ -->\n<title>MOTTAKER FOR KRYSSLASER R\u00d8D - Precision measuring instruments | Limit<\/title>\n<meta name=\"robots\" content=\"index, follow, max-snippet:-1, max-image-preview:large, max-video-preview:-1\" \/>\n<link rel=\"canonical\" href=\"https:\/\/limit-tools.com\/no\/product\/mottaker-for-krysslaser-rod\/\" \/>\n<meta property=\"og:locale\" content=\"nb_NO\" \/>\n<meta property=\"og:type\" content=\"article\" \/>\n<meta property=\"og:title\" content=\"MOTTAKER FOR KRYSSLASER R\u00d8D - Precision measuring instruments | Limit\" \/>\n<meta property=\"og:description\" content=\"Lasermottaker for krysslaser 1001-R og 1080-R med r\u00f8dt laserlys, inkl. holder for niv\u00e5stang, rekkevidde 35 m.\" \/>\n<meta property=\"og:url\" content=\"https:\/\/limit-tools.com\/no\/product\/mottaker-for-krysslaser-rod\/\" \/>\n<meta property=\"og:site_name\" content=\"Precision measuring instruments | Limit\" \/>\n<meta property=\"article:publisher\" content=\"https:\/\/www.facebook.com\/limittools\/\" \/>\n<meta name=\"twitter:card\" content=\"summary_large_image\" \/>\n<script type=\"application\/ld+json\" class=\"yoast-schema-graph\">{\"@context\":\"https:\/\/schema.org\",\"@graph\":[{\"@type\":\"WebPage\",\"@id\":\"https:\/\/limit-tools.com\/no\/product\/mottaker-for-krysslaser-rod\/\",\"url\":\"https:\/\/limit-tools.com\/no\/product\/mottaker-for-krysslaser-rod\/\",\"name\":\"MOTTAKER FOR KRYSSLASER R\u00d8D - Precision measuring instruments | Limit\",\"isPartOf\":{\"@id\":\"https:\/\/limit-tools.com\/pl\/#website\"},\"datePublished\":\"2025-04-02T00:05:08+00:00\",\"dateModified\":\"2025-04-02T00:05:08+00:00\",\"breadcrumb\":{\"@id\":\"https:\/\/limit-tools.com\/no\/product\/mottaker-for-krysslaser-rod\/#breadcrumb\"},\"inLanguage\":\"nb-NO\",\"potentialAction\":[{\"@type\":\"ReadAction\",\"target\":[\"https:\/\/limit-tools.com\/no\/product\/mottaker-for-krysslaser-rod\/\"]}]},{\"@type\":\"BreadcrumbList\",\"@id\":\"https:\/\/limit-tools.com\/no\/product\/mottaker-for-krysslaser-rod\/#breadcrumb\",\"itemListElement\":[{\"@type\":\"ListItem\",\"position\":1,\"name\":\"Products\",\"item\":\"https:\/\/limit-tools.com\/pl\/products\/\"},{\"@type\":\"ListItem\",\"position\":2,\"name\":\"MOTTAKER FOR KRYSSLASER R\u00d8D\"}]},{\"@type\":\"WebSite\",\"@id\":\"https:\/\/limit-tools.com\/pl\/#website\",\"url\":\"https:\/\/limit-tools.com\/pl\/\",\"name\":\"Precision measuring instruments | Limit\",\"description\":\"Everything can be measured\",\"potentialAction\":[{\"@type\":\"SearchAction\",\"target\":{\"@type\":\"EntryPoint\",\"urlTemplate\":\"https:\/\/limit-tools.com\/pl\/?s={search_term_string}\"},\"query-input\":{\"@type\":\"PropertyValueSpecification\",\"valueRequired\":true,\"valueName\":\"search_term_string\"}}],\"inLanguage\":\"nb-NO\"}]}<\/script>\n<!-- \/ Yoast SEO plugin. -->","yoast_head_json":{"title":"MOTTAKER FOR KRYSSLASER R\u00d8D - Precision measuring instruments | Limit","robots":{"index":"index","follow":"follow","max-snippet":"max-snippet:-1","max-image-preview":"max-image-preview:large","max-video-preview":"max-video-preview:-1"},"canonical":"https:\/\/limit-tools.com\/no\/product\/mottaker-for-krysslaser-rod\/","og_locale":"nb_NO","og_type":"article","og_title":"MOTTAKER FOR KRYSSLASER R\u00d8D - Precision measuring instruments | Limit","og_description":"Lasermottaker for krysslaser 1001-R og 1080-R med r\u00f8dt laserlys, inkl. holder for niv\u00e5stang, rekkevidde 35 m.","og_url":"https:\/\/limit-tools.com\/no\/product\/mottaker-for-krysslaser-rod\/","og_site_name":"Precision measuring instruments | Limit","article_publisher":"https:\/\/www.facebook.com\/limittools\/","twitter_card":"summary_large_image","schema":{"@context":"https:\/\/schema.org","@graph":[{"@type":"WebPage","@id":"https:\/\/limit-tools.com\/no\/product\/mottaker-for-krysslaser-rod\/","url":"https:\/\/limit-tools.com\/no\/product\/mottaker-for-krysslaser-rod\/","name":"MOTTAKER FOR KRYSSLASER R\u00d8D - Precision measuring instruments | Limit","isPartOf":{"@id":"https:\/\/limit-tools.com\/pl\/#website"},"datePublished":"2025-04-02T00:05:08+00:00","dateModified":"2025-04-02T00:05:08+00:00","breadcrumb":{"@id":"https:\/\/limit-tools.com\/no\/product\/mottaker-for-krysslaser-rod\/#breadcrumb"},"inLanguage":"nb-NO","potentialAction":[{"@type":"ReadAction","target":["https:\/\/limit-tools.com\/no\/product\/mottaker-for-krysslaser-rod\/"]}]},{"@type":"BreadcrumbList","@id":"https:\/\/limit-tools.com\/no\/product\/mottaker-for-krysslaser-rod\/#breadcrumb","itemListElement":[{"@type":"ListItem","position":1,"name":"Products","item":"https:\/\/limit-tools.com\/pl\/products\/"},{"@type":"ListItem","position":2,"name":"MOTTAKER FOR KRYSSLASER R\u00d8D"}]},{"@type":"WebSite","@id":"https:\/\/limit-tools.com\/pl\/#website","url":"https:\/\/limit-tools.com\/pl\/","name":"Precision measuring instruments | Limit","description":"Everything can be measured","potentialAction":[{"@type":"SearchAction","target":{"@type":"EntryPoint","urlTemplate":"https:\/\/limit-tools.com\/pl\/?s={search_term_string}"},"query-input":{"@type":"PropertyValueSpecification","valueRequired":true,"valueName":"search_term_string"}}],"inLanguage":"nb-NO"}]}},"_links":{"self":[{"href":"https:\/\/limit-tools.com\/no\/wp-json\/wp\/v2\/product\/3379"}],"collection":[{"href":"https:\/\/limit-tools.com\/no\/wp-json\/wp\/v2\/product"}],"about":[{"href":"https:\/\/limit-tools.com\/no\/wp-json\/wp\/v2\/types\/product"}],"replies":[{"embeddable":true,"href":"https:\/\/limit-tools.com\/no\/wp-json\/wp\/v2\/comments?post=3379"}],"wp:attachment":[{"href":"https:\/\/limit-tools.com\/no\/wp-json\/wp\/v2\/media?parent=3379"}],"wp:term":[{"taxonomy":"product_cat","embeddable":true,"href":"https:\/\/limit-tools.com\/no\/wp-json\/wp\/v2\/product_cat?post=3379"},{"taxonomy":"product_tag","embeddable":true,"href":"https:\/\/limit-tools.com\/no\/wp-json\/wp\/v2\/product_tag?post=3379"}],"curies":[{"name":"wp","href":"https:\/\/api.w.org\/{rel}","templated":true}]}}