{"id":3024,"date":"2023-02-21T07:18:46","date_gmt":"2023-02-21T07:18:46","guid":{"rendered":"https:\/\/limit-tools.com\/product\/mikrometer-ror-0-25mm\/"},"modified":"2023-02-21T07:18:46","modified_gmt":"2023-02-21T07:18:46","slug":"mikrometer-ror-0-25mm","status":"publish","type":"product","link":"https:\/\/limit-tools.com\/no\/product\/mikrometer-ror-0-25mm\/","title":{"rendered":"MIKROMETER R\u00d8R 0-25MM"},"content":{"rendered":"<p>R\u00f8rmikrometer med smidd b\u00f8yle og mattforkrommet skala. Herdet spindel 6.5 mm med finleppet m\u00e5leflate av hardmetall. Mothold 4.8 mm. Friksjonshylse og l\u00e5seskrue. DIN 863.<\/p>\n","protected":false},"excerpt":{"rendered":"R\u00f8rmikrometer med smidd b\u00f8yle og mattforkrommet skala. Herdet spindel 6.5 mm med finleppet m\u00e5leflate av hardmetall. Mothold 4.8 mm. Friksjonshylse [&hellip;]","protected":false},"featured_media":0,"comment_status":"closed","ping_status":"closed","template":"","meta":{"_acf_changed":false},"product_cat":[245,308],"product_tag":[],"class_list":{"0":"post-3024","1":"product","2":"type-product","3":"status-publish","5":"product_cat-verkstedmaling-no","6":"product_cat-mikrometre-no","8":"first","9":"instock","10":"shipping-taxable","11":"product-type-simple"},"acf":[],"yoast_head":"<!-- This site is optimized with the Yoast SEO plugin v23.4 - https:\/\/yoast.com\/wordpress\/plugins\/seo\/ -->\n<title>MIKROMETER R\u00d8R 0-25MM - Precision measuring instruments | Limit<\/title>\n<meta name=\"robots\" content=\"index, follow, max-snippet:-1, max-image-preview:large, max-video-preview:-1\" \/>\n<link rel=\"canonical\" href=\"https:\/\/limit-tools.com\/no\/product\/mikrometer-ror-0-25mm\/\" \/>\n<meta property=\"og:locale\" content=\"nb_NO\" \/>\n<meta property=\"og:type\" content=\"article\" \/>\n<meta property=\"og:title\" content=\"MIKROMETER R\u00d8R 0-25MM - Precision measuring instruments | Limit\" \/>\n<meta property=\"og:description\" content=\"R\u00f8rmikrometer med smidd b\u00f8yle og mattforkrommet skala. Herdet spindel 6.5 mm med finleppet m\u00e5leflate av hardmetall. Mothold 4.8 mm. Friksjonshylse [&hellip;]\" \/>\n<meta property=\"og:url\" content=\"https:\/\/limit-tools.com\/no\/product\/mikrometer-ror-0-25mm\/\" \/>\n<meta property=\"og:site_name\" content=\"Precision measuring instruments | Limit\" \/>\n<meta property=\"article:publisher\" content=\"https:\/\/www.facebook.com\/limittools\/\" \/>\n<meta name=\"twitter:card\" content=\"summary_large_image\" \/>\n<script type=\"application\/ld+json\" class=\"yoast-schema-graph\">{\"@context\":\"https:\/\/schema.org\",\"@graph\":[{\"@type\":\"WebPage\",\"@id\":\"https:\/\/limit-tools.com\/no\/product\/mikrometer-ror-0-25mm\/\",\"url\":\"https:\/\/limit-tools.com\/no\/product\/mikrometer-ror-0-25mm\/\",\"name\":\"MIKROMETER R\u00d8R 0-25MM - Precision measuring instruments | Limit\",\"isPartOf\":{\"@id\":\"https:\/\/limit-tools.com\/pl\/#website\"},\"datePublished\":\"2023-02-21T07:18:46+00:00\",\"dateModified\":\"2023-02-21T07:18:46+00:00\",\"breadcrumb\":{\"@id\":\"https:\/\/limit-tools.com\/no\/product\/mikrometer-ror-0-25mm\/#breadcrumb\"},\"inLanguage\":\"nb-NO\",\"potentialAction\":[{\"@type\":\"ReadAction\",\"target\":[\"https:\/\/limit-tools.com\/no\/product\/mikrometer-ror-0-25mm\/\"]}]},{\"@type\":\"BreadcrumbList\",\"@id\":\"https:\/\/limit-tools.com\/no\/product\/mikrometer-ror-0-25mm\/#breadcrumb\",\"itemListElement\":[{\"@type\":\"ListItem\",\"position\":1,\"name\":\"Products\",\"item\":\"https:\/\/limit-tools.com\/pl\/products\/\"},{\"@type\":\"ListItem\",\"position\":2,\"name\":\"MIKROMETER R\u00d8R 0-25MM\"}]},{\"@type\":\"WebSite\",\"@id\":\"https:\/\/limit-tools.com\/pl\/#website\",\"url\":\"https:\/\/limit-tools.com\/pl\/\",\"name\":\"Precision measuring instruments | Limit\",\"description\":\"Everything can be measured\",\"potentialAction\":[{\"@type\":\"SearchAction\",\"target\":{\"@type\":\"EntryPoint\",\"urlTemplate\":\"https:\/\/limit-tools.com\/pl\/?s={search_term_string}\"},\"query-input\":{\"@type\":\"PropertyValueSpecification\",\"valueRequired\":true,\"valueName\":\"search_term_string\"}}],\"inLanguage\":\"nb-NO\"}]}<\/script>\n<!-- \/ Yoast SEO plugin. -->","yoast_head_json":{"title":"MIKROMETER R\u00d8R 0-25MM - Precision measuring instruments | Limit","robots":{"index":"index","follow":"follow","max-snippet":"max-snippet:-1","max-image-preview":"max-image-preview:large","max-video-preview":"max-video-preview:-1"},"canonical":"https:\/\/limit-tools.com\/no\/product\/mikrometer-ror-0-25mm\/","og_locale":"nb_NO","og_type":"article","og_title":"MIKROMETER R\u00d8R 0-25MM - Precision measuring instruments | Limit","og_description":"R\u00f8rmikrometer med smidd b\u00f8yle og mattforkrommet skala. Herdet spindel 6.5 mm med finleppet m\u00e5leflate av hardmetall. Mothold 4.8 mm. Friksjonshylse [&hellip;]","og_url":"https:\/\/limit-tools.com\/no\/product\/mikrometer-ror-0-25mm\/","og_site_name":"Precision measuring instruments | Limit","article_publisher":"https:\/\/www.facebook.com\/limittools\/","twitter_card":"summary_large_image","schema":{"@context":"https:\/\/schema.org","@graph":[{"@type":"WebPage","@id":"https:\/\/limit-tools.com\/no\/product\/mikrometer-ror-0-25mm\/","url":"https:\/\/limit-tools.com\/no\/product\/mikrometer-ror-0-25mm\/","name":"MIKROMETER R\u00d8R 0-25MM - Precision measuring instruments | Limit","isPartOf":{"@id":"https:\/\/limit-tools.com\/pl\/#website"},"datePublished":"2023-02-21T07:18:46+00:00","dateModified":"2023-02-21T07:18:46+00:00","breadcrumb":{"@id":"https:\/\/limit-tools.com\/no\/product\/mikrometer-ror-0-25mm\/#breadcrumb"},"inLanguage":"nb-NO","potentialAction":[{"@type":"ReadAction","target":["https:\/\/limit-tools.com\/no\/product\/mikrometer-ror-0-25mm\/"]}]},{"@type":"BreadcrumbList","@id":"https:\/\/limit-tools.com\/no\/product\/mikrometer-ror-0-25mm\/#breadcrumb","itemListElement":[{"@type":"ListItem","position":1,"name":"Products","item":"https:\/\/limit-tools.com\/pl\/products\/"},{"@type":"ListItem","position":2,"name":"MIKROMETER R\u00d8R 0-25MM"}]},{"@type":"WebSite","@id":"https:\/\/limit-tools.com\/pl\/#website","url":"https:\/\/limit-tools.com\/pl\/","name":"Precision measuring instruments | Limit","description":"Everything can be measured","potentialAction":[{"@type":"SearchAction","target":{"@type":"EntryPoint","urlTemplate":"https:\/\/limit-tools.com\/pl\/?s={search_term_string}"},"query-input":{"@type":"PropertyValueSpecification","valueRequired":true,"valueName":"search_term_string"}}],"inLanguage":"nb-NO"}]}},"_links":{"self":[{"href":"https:\/\/limit-tools.com\/no\/wp-json\/wp\/v2\/product\/3024"}],"collection":[{"href":"https:\/\/limit-tools.com\/no\/wp-json\/wp\/v2\/product"}],"about":[{"href":"https:\/\/limit-tools.com\/no\/wp-json\/wp\/v2\/types\/product"}],"replies":[{"embeddable":true,"href":"https:\/\/limit-tools.com\/no\/wp-json\/wp\/v2\/comments?post=3024"}],"wp:attachment":[{"href":"https:\/\/limit-tools.com\/no\/wp-json\/wp\/v2\/media?parent=3024"}],"wp:term":[{"taxonomy":"product_cat","embeddable":true,"href":"https:\/\/limit-tools.com\/no\/wp-json\/wp\/v2\/product_cat?post=3024"},{"taxonomy":"product_tag","embeddable":true,"href":"https:\/\/limit-tools.com\/no\/wp-json\/wp\/v2\/product_tag?post=3024"}],"curies":[{"name":"wp","href":"https:\/\/api.w.org\/{rel}","templated":true}]}}