{"id":2995,"date":"2019-04-26T13:59:22","date_gmt":"2019-04-26T13:59:22","guid":{"rendered":"https:\/\/limit-tools.com\/product\/krysslaser-limit-1001-hv-g\/"},"modified":"2019-04-26T13:59:22","modified_gmt":"2019-04-26T13:59:22","slug":"krysslaser-limit-1001-hv-g","status":"publish","type":"product","link":"https:\/\/limit-tools.com\/no\/product\/krysslaser-limit-1001-hv-g\/","title":{"rendered":"KRYSSLASER LIMIT 1001 HV-G"},"content":{"rendered":"<p>Krysslaser med meget lyssterkt gr\u00f8nt laserlys som gir skarpe laserlinje. Laser med gr\u00f8nt lys oppleves \u00e5 ha 4 ganger bedre synbarhet sammenlignet med r\u00f8dt laserlys, og som da passer godt i lyssterke milj\u00f8er og\/eller p\u00e5 lengre avstander. Kompakt modell i lommeformat. En horisontal og en vertikal linje. Den vertikale linjen n\u00e5r 115 grader opp i taket. Selvnivellerende med magnetisk pendeldemping. Linjene kan tennes hver for seg eller samtidig. Alternativt kan selvnivelleringen kobles ut for \u00e5 vise en hellende linje. en mekanisk l\u00e5sing av pendelmekanismen fungerer som b\u00e5de hovedstr\u00f8mbryter og transportsikring. 2 stk laserdioder klasse 2M, 515 nm. Lasermottaker for gr\u00f8nt laserlys finnes som tilbeh\u00f8r (17862-0308 inng\u00e5r ikke).<br \/>\nLeveres med feste for stativ-\/veggmontering, reflektortavle, myk veske, batterier og bruksanvisning.<\/p>\n","protected":false},"excerpt":{"rendered":"Krysslaser med meget lyssterkt gr\u00f8nt laserlys som gir skarpe laserlinje. Laser med gr\u00f8nt lys oppleves \u00e5 ha 4 ganger bedre [&hellip;]","protected":false},"featured_media":0,"comment_status":"open","ping_status":"closed","template":"","meta":{"_acf_changed":false},"product_cat":[280,440],"product_tag":[],"class_list":{"0":"post-2995","1":"product","2":"type-product","3":"status-publish","5":"product_cat-laserinstrumenter-no","6":"product_cat-krysslasere-no","8":"first","9":"instock","10":"shipping-taxable","11":"product-type-simple"},"acf":[],"yoast_head":"<!-- This site is optimized with the Yoast SEO plugin v23.4 - https:\/\/yoast.com\/wordpress\/plugins\/seo\/ -->\n<title>KRYSSLASER LIMIT 1001 HV-G - Precision measuring instruments | Limit<\/title>\n<meta name=\"robots\" content=\"index, follow, max-snippet:-1, max-image-preview:large, max-video-preview:-1\" \/>\n<link rel=\"canonical\" href=\"https:\/\/limit-tools.com\/no\/product\/krysslaser-limit-1001-hv-g\/\" \/>\n<meta property=\"og:locale\" content=\"nb_NO\" \/>\n<meta property=\"og:type\" content=\"article\" \/>\n<meta property=\"og:title\" content=\"KRYSSLASER LIMIT 1001 HV-G - Precision measuring instruments | Limit\" \/>\n<meta property=\"og:description\" content=\"Krysslaser med meget lyssterkt gr\u00f8nt laserlys som gir skarpe laserlinje. Laser med gr\u00f8nt lys oppleves \u00e5 ha 4 ganger bedre [&hellip;]\" \/>\n<meta property=\"og:url\" content=\"https:\/\/limit-tools.com\/no\/product\/krysslaser-limit-1001-hv-g\/\" \/>\n<meta property=\"og:site_name\" content=\"Precision measuring instruments | Limit\" \/>\n<meta property=\"article:publisher\" content=\"https:\/\/www.facebook.com\/limittools\/\" \/>\n<meta name=\"twitter:card\" content=\"summary_large_image\" \/>\n<meta name=\"twitter:label1\" content=\"Ansl. lesetid\" \/>\n\t<meta name=\"twitter:data1\" content=\"1 minutt\" \/>\n<script type=\"application\/ld+json\" class=\"yoast-schema-graph\">{\"@context\":\"https:\/\/schema.org\",\"@graph\":[{\"@type\":\"WebPage\",\"@id\":\"https:\/\/limit-tools.com\/no\/product\/krysslaser-limit-1001-hv-g\/\",\"url\":\"https:\/\/limit-tools.com\/no\/product\/krysslaser-limit-1001-hv-g\/\",\"name\":\"KRYSSLASER LIMIT 1001 HV-G - Precision measuring instruments | Limit\",\"isPartOf\":{\"@id\":\"https:\/\/limit-tools.com\/pl\/#website\"},\"datePublished\":\"2019-04-26T13:59:22+00:00\",\"dateModified\":\"2019-04-26T13:59:22+00:00\",\"breadcrumb\":{\"@id\":\"https:\/\/limit-tools.com\/no\/product\/krysslaser-limit-1001-hv-g\/#breadcrumb\"},\"inLanguage\":\"nb-NO\",\"potentialAction\":[{\"@type\":\"ReadAction\",\"target\":[\"https:\/\/limit-tools.com\/no\/product\/krysslaser-limit-1001-hv-g\/\"]}]},{\"@type\":\"BreadcrumbList\",\"@id\":\"https:\/\/limit-tools.com\/no\/product\/krysslaser-limit-1001-hv-g\/#breadcrumb\",\"itemListElement\":[{\"@type\":\"ListItem\",\"position\":1,\"name\":\"Products\",\"item\":\"https:\/\/limit-tools.com\/pl\/products\/\"},{\"@type\":\"ListItem\",\"position\":2,\"name\":\"KRYSSLASER LIMIT 1001 HV-G\"}]},{\"@type\":\"WebSite\",\"@id\":\"https:\/\/limit-tools.com\/pl\/#website\",\"url\":\"https:\/\/limit-tools.com\/pl\/\",\"name\":\"Precision measuring instruments | Limit\",\"description\":\"Everything can be measured\",\"potentialAction\":[{\"@type\":\"SearchAction\",\"target\":{\"@type\":\"EntryPoint\",\"urlTemplate\":\"https:\/\/limit-tools.com\/pl\/?s={search_term_string}\"},\"query-input\":{\"@type\":\"PropertyValueSpecification\",\"valueRequired\":true,\"valueName\":\"search_term_string\"}}],\"inLanguage\":\"nb-NO\"}]}<\/script>\n<!-- \/ Yoast SEO plugin. -->","yoast_head_json":{"title":"KRYSSLASER LIMIT 1001 HV-G - Precision measuring instruments | Limit","robots":{"index":"index","follow":"follow","max-snippet":"max-snippet:-1","max-image-preview":"max-image-preview:large","max-video-preview":"max-video-preview:-1"},"canonical":"https:\/\/limit-tools.com\/no\/product\/krysslaser-limit-1001-hv-g\/","og_locale":"nb_NO","og_type":"article","og_title":"KRYSSLASER LIMIT 1001 HV-G - Precision measuring instruments | Limit","og_description":"Krysslaser med meget lyssterkt gr\u00f8nt laserlys som gir skarpe laserlinje. Laser med gr\u00f8nt lys oppleves \u00e5 ha 4 ganger bedre [&hellip;]","og_url":"https:\/\/limit-tools.com\/no\/product\/krysslaser-limit-1001-hv-g\/","og_site_name":"Precision measuring instruments | Limit","article_publisher":"https:\/\/www.facebook.com\/limittools\/","twitter_card":"summary_large_image","twitter_misc":{"Ansl. lesetid":"1 minutt"},"schema":{"@context":"https:\/\/schema.org","@graph":[{"@type":"WebPage","@id":"https:\/\/limit-tools.com\/no\/product\/krysslaser-limit-1001-hv-g\/","url":"https:\/\/limit-tools.com\/no\/product\/krysslaser-limit-1001-hv-g\/","name":"KRYSSLASER LIMIT 1001 HV-G - Precision measuring instruments | Limit","isPartOf":{"@id":"https:\/\/limit-tools.com\/pl\/#website"},"datePublished":"2019-04-26T13:59:22+00:00","dateModified":"2019-04-26T13:59:22+00:00","breadcrumb":{"@id":"https:\/\/limit-tools.com\/no\/product\/krysslaser-limit-1001-hv-g\/#breadcrumb"},"inLanguage":"nb-NO","potentialAction":[{"@type":"ReadAction","target":["https:\/\/limit-tools.com\/no\/product\/krysslaser-limit-1001-hv-g\/"]}]},{"@type":"BreadcrumbList","@id":"https:\/\/limit-tools.com\/no\/product\/krysslaser-limit-1001-hv-g\/#breadcrumb","itemListElement":[{"@type":"ListItem","position":1,"name":"Products","item":"https:\/\/limit-tools.com\/pl\/products\/"},{"@type":"ListItem","position":2,"name":"KRYSSLASER LIMIT 1001 HV-G"}]},{"@type":"WebSite","@id":"https:\/\/limit-tools.com\/pl\/#website","url":"https:\/\/limit-tools.com\/pl\/","name":"Precision measuring instruments | Limit","description":"Everything can be measured","potentialAction":[{"@type":"SearchAction","target":{"@type":"EntryPoint","urlTemplate":"https:\/\/limit-tools.com\/pl\/?s={search_term_string}"},"query-input":{"@type":"PropertyValueSpecification","valueRequired":true,"valueName":"search_term_string"}}],"inLanguage":"nb-NO"}]}},"_links":{"self":[{"href":"https:\/\/limit-tools.com\/no\/wp-json\/wp\/v2\/product\/2995"}],"collection":[{"href":"https:\/\/limit-tools.com\/no\/wp-json\/wp\/v2\/product"}],"about":[{"href":"https:\/\/limit-tools.com\/no\/wp-json\/wp\/v2\/types\/product"}],"replies":[{"embeddable":true,"href":"https:\/\/limit-tools.com\/no\/wp-json\/wp\/v2\/comments?post=2995"}],"wp:attachment":[{"href":"https:\/\/limit-tools.com\/no\/wp-json\/wp\/v2\/media?parent=2995"}],"wp:term":[{"taxonomy":"product_cat","embeddable":true,"href":"https:\/\/limit-tools.com\/no\/wp-json\/wp\/v2\/product_cat?post=2995"},{"taxonomy":"product_tag","embeddable":true,"href":"https:\/\/limit-tools.com\/no\/wp-json\/wp\/v2\/product_tag?post=2995"}],"curies":[{"name":"wp","href":"https:\/\/api.w.org\/{rel}","templated":true}]}}