{"id":2967,"date":"2019-10-22T06:46:24","date_gmt":"2019-10-22T06:46:24","guid":{"rendered":"https:\/\/limit-tools.com\/product\/termometer-ir-limit-90\/"},"modified":"2019-10-22T06:46:24","modified_gmt":"2019-10-22T06:46:24","slug":"ir-termometer-limit-90","status":"publish","type":"product","link":"https:\/\/limit-tools.com\/no\/product\/ir-termometer-limit-90\/","title":{"rendered":"IR-TERMOMETER LIMIT 90"},"content":{"rendered":"<p>Ber\u00f8ringsfri infrar\u00f8d termometer som m\u00e5ler overflatetemperaturen med stor n\u00f8yaktighet og rask avlesing. Laserstr\u00e5len viser sentrum p\u00e5 m\u00e5leomr\u00e5det. Omstillbar emissjonsfaktor for ulike materialflater. Registrerer maks eller min verdi. Alarmfunksjon n\u00e5r temperaturen overskrider valgt \u00f8vre eller nedre grense. Automatisk avstenging etter 8 sekunder. Displaybelysning. Omstillbar mellom \u00b0C og \u00b0F. Leveres med batteri og instruksjonsbok.<\/p>\n","protected":false},"excerpt":{"rendered":"Ber\u00f8ringsfri infrar\u00f8d termometer som m\u00e5ler overflatetemperaturen med stor n\u00f8yaktighet og rask avlesing. Laserstr\u00e5len viser sentrum p\u00e5 m\u00e5leomr\u00e5det. Omstillbar emissjonsfaktor for [&hellip;]","protected":false},"featured_media":0,"comment_status":"closed","ping_status":"closed","template":"","meta":{"_acf_changed":false},"product_cat":[15],"product_tag":[],"class_list":{"0":"post-2967","1":"product","2":"type-product","3":"status-publish","5":"product_cat-uncategorized","7":"first","8":"instock","9":"shipping-taxable","10":"product-type-simple"},"acf":[],"yoast_head":"<!-- This site is optimized with the Yoast SEO plugin v23.4 - https:\/\/yoast.com\/wordpress\/plugins\/seo\/ -->\n<title>IR-TERMOMETER LIMIT 90 - Precision measuring instruments | Limit<\/title>\n<meta name=\"robots\" content=\"index, follow, max-snippet:-1, max-image-preview:large, max-video-preview:-1\" \/>\n<link rel=\"canonical\" href=\"https:\/\/limit-tools.com\/no\/product\/ir-termometer-limit-90\/\" \/>\n<meta property=\"og:locale\" content=\"nb_NO\" \/>\n<meta property=\"og:type\" content=\"article\" \/>\n<meta property=\"og:title\" content=\"IR-TERMOMETER LIMIT 90 - Precision measuring instruments | Limit\" \/>\n<meta property=\"og:description\" content=\"Ber\u00f8ringsfri infrar\u00f8d termometer som m\u00e5ler overflatetemperaturen med stor n\u00f8yaktighet og rask avlesing. Laserstr\u00e5len viser sentrum p\u00e5 m\u00e5leomr\u00e5det. Omstillbar emissjonsfaktor for [&hellip;]\" \/>\n<meta property=\"og:url\" content=\"https:\/\/limit-tools.com\/no\/product\/ir-termometer-limit-90\/\" \/>\n<meta property=\"og:site_name\" content=\"Precision measuring instruments | Limit\" \/>\n<meta property=\"article:publisher\" content=\"https:\/\/www.facebook.com\/limittools\/\" \/>\n<meta name=\"twitter:card\" content=\"summary_large_image\" \/>\n<script type=\"application\/ld+json\" class=\"yoast-schema-graph\">{\"@context\":\"https:\/\/schema.org\",\"@graph\":[{\"@type\":\"WebPage\",\"@id\":\"https:\/\/limit-tools.com\/no\/product\/ir-termometer-limit-90\/\",\"url\":\"https:\/\/limit-tools.com\/no\/product\/ir-termometer-limit-90\/\",\"name\":\"IR-TERMOMETER LIMIT 90 - Precision measuring instruments | Limit\",\"isPartOf\":{\"@id\":\"https:\/\/limit-tools.com\/pl\/#website\"},\"datePublished\":\"2019-10-22T06:46:24+00:00\",\"dateModified\":\"2019-10-22T06:46:24+00:00\",\"breadcrumb\":{\"@id\":\"https:\/\/limit-tools.com\/no\/product\/ir-termometer-limit-90\/#breadcrumb\"},\"inLanguage\":\"nb-NO\",\"potentialAction\":[{\"@type\":\"ReadAction\",\"target\":[\"https:\/\/limit-tools.com\/no\/product\/ir-termometer-limit-90\/\"]}]},{\"@type\":\"BreadcrumbList\",\"@id\":\"https:\/\/limit-tools.com\/no\/product\/ir-termometer-limit-90\/#breadcrumb\",\"itemListElement\":[{\"@type\":\"ListItem\",\"position\":1,\"name\":\"Products\",\"item\":\"https:\/\/limit-tools.com\/pl\/products\/\"},{\"@type\":\"ListItem\",\"position\":2,\"name\":\"IR-TERMOMETER LIMIT 90\"}]},{\"@type\":\"WebSite\",\"@id\":\"https:\/\/limit-tools.com\/pl\/#website\",\"url\":\"https:\/\/limit-tools.com\/pl\/\",\"name\":\"Precision measuring instruments | Limit\",\"description\":\"Everything can be measured\",\"potentialAction\":[{\"@type\":\"SearchAction\",\"target\":{\"@type\":\"EntryPoint\",\"urlTemplate\":\"https:\/\/limit-tools.com\/pl\/?s={search_term_string}\"},\"query-input\":{\"@type\":\"PropertyValueSpecification\",\"valueRequired\":true,\"valueName\":\"search_term_string\"}}],\"inLanguage\":\"nb-NO\"}]}<\/script>\n<!-- \/ Yoast SEO plugin. -->","yoast_head_json":{"title":"IR-TERMOMETER LIMIT 90 - Precision measuring instruments | Limit","robots":{"index":"index","follow":"follow","max-snippet":"max-snippet:-1","max-image-preview":"max-image-preview:large","max-video-preview":"max-video-preview:-1"},"canonical":"https:\/\/limit-tools.com\/no\/product\/ir-termometer-limit-90\/","og_locale":"nb_NO","og_type":"article","og_title":"IR-TERMOMETER LIMIT 90 - Precision measuring instruments | Limit","og_description":"Ber\u00f8ringsfri infrar\u00f8d termometer som m\u00e5ler overflatetemperaturen med stor n\u00f8yaktighet og rask avlesing. Laserstr\u00e5len viser sentrum p\u00e5 m\u00e5leomr\u00e5det. Omstillbar emissjonsfaktor for [&hellip;]","og_url":"https:\/\/limit-tools.com\/no\/product\/ir-termometer-limit-90\/","og_site_name":"Precision measuring instruments | Limit","article_publisher":"https:\/\/www.facebook.com\/limittools\/","twitter_card":"summary_large_image","schema":{"@context":"https:\/\/schema.org","@graph":[{"@type":"WebPage","@id":"https:\/\/limit-tools.com\/no\/product\/ir-termometer-limit-90\/","url":"https:\/\/limit-tools.com\/no\/product\/ir-termometer-limit-90\/","name":"IR-TERMOMETER LIMIT 90 - Precision measuring instruments | Limit","isPartOf":{"@id":"https:\/\/limit-tools.com\/pl\/#website"},"datePublished":"2019-10-22T06:46:24+00:00","dateModified":"2019-10-22T06:46:24+00:00","breadcrumb":{"@id":"https:\/\/limit-tools.com\/no\/product\/ir-termometer-limit-90\/#breadcrumb"},"inLanguage":"nb-NO","potentialAction":[{"@type":"ReadAction","target":["https:\/\/limit-tools.com\/no\/product\/ir-termometer-limit-90\/"]}]},{"@type":"BreadcrumbList","@id":"https:\/\/limit-tools.com\/no\/product\/ir-termometer-limit-90\/#breadcrumb","itemListElement":[{"@type":"ListItem","position":1,"name":"Products","item":"https:\/\/limit-tools.com\/pl\/products\/"},{"@type":"ListItem","position":2,"name":"IR-TERMOMETER LIMIT 90"}]},{"@type":"WebSite","@id":"https:\/\/limit-tools.com\/pl\/#website","url":"https:\/\/limit-tools.com\/pl\/","name":"Precision measuring instruments | Limit","description":"Everything can be measured","potentialAction":[{"@type":"SearchAction","target":{"@type":"EntryPoint","urlTemplate":"https:\/\/limit-tools.com\/pl\/?s={search_term_string}"},"query-input":{"@type":"PropertyValueSpecification","valueRequired":true,"valueName":"search_term_string"}}],"inLanguage":"nb-NO"}]}},"_links":{"self":[{"href":"https:\/\/limit-tools.com\/no\/wp-json\/wp\/v2\/product\/2967"}],"collection":[{"href":"https:\/\/limit-tools.com\/no\/wp-json\/wp\/v2\/product"}],"about":[{"href":"https:\/\/limit-tools.com\/no\/wp-json\/wp\/v2\/types\/product"}],"replies":[{"embeddable":true,"href":"https:\/\/limit-tools.com\/no\/wp-json\/wp\/v2\/comments?post=2967"}],"wp:attachment":[{"href":"https:\/\/limit-tools.com\/no\/wp-json\/wp\/v2\/media?parent=2967"}],"wp:term":[{"taxonomy":"product_cat","embeddable":true,"href":"https:\/\/limit-tools.com\/no\/wp-json\/wp\/v2\/product_cat?post=2967"},{"taxonomy":"product_tag","embeddable":true,"href":"https:\/\/limit-tools.com\/no\/wp-json\/wp\/v2\/product_tag?post=2967"}],"curies":[{"name":"wp","href":"https:\/\/api.w.org\/{rel}","templated":true}]}}