{"id":2400,"date":"2020-03-11T00:06:11","date_gmt":"2020-03-11T00:06:11","guid":{"rendered":"https:\/\/limit-tools.com\/product\/digitalt-vater-150\/"},"modified":"2020-03-11T00:06:11","modified_gmt":"2020-03-11T00:06:11","slug":"digitalt-vater-150","status":"publish","type":"product","link":"https:\/\/limit-tools.com\/no\/product\/digitalt-vater-150\/","title":{"rendered":"DIGITALT VATER 150"},"content":{"rendered":"<p>Digitalt vater og vinkelm\u00e5ler. Magnet og V-spor p\u00e5 undersiden. Kan 0-stilles i alle posisjoner. Absoluttfunksjon som betyr at verdien kan skiftes mellom virkelig 0-verdi og et annen 0-verdi. M\u00e5leverdien kan fryses i \u00f8nsket posisjon. Automatisk avstenging. Batteritype CR2032, inng\u00e5r ikke.<\/p>\n","protected":false},"excerpt":{"rendered":"Digitalt vater og vinkelm\u00e5ler. Magnet og V-spor p\u00e5 undersiden. Kan 0-stilles i alle posisjoner. Absoluttfunksjon som betyr at verdien kan [&hellip;]","protected":false},"featured_media":0,"comment_status":"closed","ping_status":"closed","template":"","meta":{"_acf_changed":false},"product_cat":[245,390],"product_tag":[],"class_list":{"0":"post-2400","1":"product","2":"type-product","3":"status-publish","5":"product_cat-verkstedmaling-no","6":"product_cat-maskinvatere-no","8":"first","9":"instock","10":"shipping-taxable","11":"product-type-simple"},"acf":[],"yoast_head":"<!-- This site is optimized with the Yoast SEO plugin v23.4 - https:\/\/yoast.com\/wordpress\/plugins\/seo\/ -->\n<title>DIGITALT VATER 150 - Precision measuring instruments | Limit<\/title>\n<meta name=\"robots\" content=\"index, follow, max-snippet:-1, max-image-preview:large, max-video-preview:-1\" \/>\n<link rel=\"canonical\" href=\"https:\/\/limit-tools.com\/no\/product\/digitalt-vater-150\/\" \/>\n<meta property=\"og:locale\" content=\"nb_NO\" \/>\n<meta property=\"og:type\" content=\"article\" \/>\n<meta property=\"og:title\" content=\"DIGITALT VATER 150 - Precision measuring instruments | Limit\" \/>\n<meta property=\"og:description\" content=\"Digitalt vater og vinkelm\u00e5ler. Magnet og V-spor p\u00e5 undersiden. Kan 0-stilles i alle posisjoner. Absoluttfunksjon som betyr at verdien kan [&hellip;]\" \/>\n<meta property=\"og:url\" content=\"https:\/\/limit-tools.com\/no\/product\/digitalt-vater-150\/\" \/>\n<meta property=\"og:site_name\" content=\"Precision measuring instruments | Limit\" \/>\n<meta property=\"article:publisher\" content=\"https:\/\/www.facebook.com\/limittools\/\" \/>\n<meta name=\"twitter:card\" content=\"summary_large_image\" \/>\n<script type=\"application\/ld+json\" class=\"yoast-schema-graph\">{\"@context\":\"https:\/\/schema.org\",\"@graph\":[{\"@type\":\"WebPage\",\"@id\":\"https:\/\/limit-tools.com\/no\/product\/digitalt-vater-150\/\",\"url\":\"https:\/\/limit-tools.com\/no\/product\/digitalt-vater-150\/\",\"name\":\"DIGITALT VATER 150 - Precision measuring instruments | Limit\",\"isPartOf\":{\"@id\":\"https:\/\/limit-tools.com\/pl\/#website\"},\"datePublished\":\"2020-03-11T00:06:11+00:00\",\"dateModified\":\"2020-03-11T00:06:11+00:00\",\"breadcrumb\":{\"@id\":\"https:\/\/limit-tools.com\/no\/product\/digitalt-vater-150\/#breadcrumb\"},\"inLanguage\":\"nb-NO\",\"potentialAction\":[{\"@type\":\"ReadAction\",\"target\":[\"https:\/\/limit-tools.com\/no\/product\/digitalt-vater-150\/\"]}]},{\"@type\":\"BreadcrumbList\",\"@id\":\"https:\/\/limit-tools.com\/no\/product\/digitalt-vater-150\/#breadcrumb\",\"itemListElement\":[{\"@type\":\"ListItem\",\"position\":1,\"name\":\"Products\",\"item\":\"https:\/\/limit-tools.com\/pl\/products\/\"},{\"@type\":\"ListItem\",\"position\":2,\"name\":\"DIGITALT VATER 150\"}]},{\"@type\":\"WebSite\",\"@id\":\"https:\/\/limit-tools.com\/pl\/#website\",\"url\":\"https:\/\/limit-tools.com\/pl\/\",\"name\":\"Precision measuring instruments | Limit\",\"description\":\"Everything can be measured\",\"potentialAction\":[{\"@type\":\"SearchAction\",\"target\":{\"@type\":\"EntryPoint\",\"urlTemplate\":\"https:\/\/limit-tools.com\/pl\/?s={search_term_string}\"},\"query-input\":{\"@type\":\"PropertyValueSpecification\",\"valueRequired\":true,\"valueName\":\"search_term_string\"}}],\"inLanguage\":\"nb-NO\"}]}<\/script>\n<!-- \/ Yoast SEO plugin. -->","yoast_head_json":{"title":"DIGITALT VATER 150 - Precision measuring instruments | Limit","robots":{"index":"index","follow":"follow","max-snippet":"max-snippet:-1","max-image-preview":"max-image-preview:large","max-video-preview":"max-video-preview:-1"},"canonical":"https:\/\/limit-tools.com\/no\/product\/digitalt-vater-150\/","og_locale":"nb_NO","og_type":"article","og_title":"DIGITALT VATER 150 - Precision measuring instruments | Limit","og_description":"Digitalt vater og vinkelm\u00e5ler. Magnet og V-spor p\u00e5 undersiden. Kan 0-stilles i alle posisjoner. Absoluttfunksjon som betyr at verdien kan [&hellip;]","og_url":"https:\/\/limit-tools.com\/no\/product\/digitalt-vater-150\/","og_site_name":"Precision measuring instruments | Limit","article_publisher":"https:\/\/www.facebook.com\/limittools\/","twitter_card":"summary_large_image","schema":{"@context":"https:\/\/schema.org","@graph":[{"@type":"WebPage","@id":"https:\/\/limit-tools.com\/no\/product\/digitalt-vater-150\/","url":"https:\/\/limit-tools.com\/no\/product\/digitalt-vater-150\/","name":"DIGITALT VATER 150 - Precision measuring instruments | Limit","isPartOf":{"@id":"https:\/\/limit-tools.com\/pl\/#website"},"datePublished":"2020-03-11T00:06:11+00:00","dateModified":"2020-03-11T00:06:11+00:00","breadcrumb":{"@id":"https:\/\/limit-tools.com\/no\/product\/digitalt-vater-150\/#breadcrumb"},"inLanguage":"nb-NO","potentialAction":[{"@type":"ReadAction","target":["https:\/\/limit-tools.com\/no\/product\/digitalt-vater-150\/"]}]},{"@type":"BreadcrumbList","@id":"https:\/\/limit-tools.com\/no\/product\/digitalt-vater-150\/#breadcrumb","itemListElement":[{"@type":"ListItem","position":1,"name":"Products","item":"https:\/\/limit-tools.com\/pl\/products\/"},{"@type":"ListItem","position":2,"name":"DIGITALT VATER 150"}]},{"@type":"WebSite","@id":"https:\/\/limit-tools.com\/pl\/#website","url":"https:\/\/limit-tools.com\/pl\/","name":"Precision measuring instruments | Limit","description":"Everything can be measured","potentialAction":[{"@type":"SearchAction","target":{"@type":"EntryPoint","urlTemplate":"https:\/\/limit-tools.com\/pl\/?s={search_term_string}"},"query-input":{"@type":"PropertyValueSpecification","valueRequired":true,"valueName":"search_term_string"}}],"inLanguage":"nb-NO"}]}},"_links":{"self":[{"href":"https:\/\/limit-tools.com\/no\/wp-json\/wp\/v2\/product\/2400"}],"collection":[{"href":"https:\/\/limit-tools.com\/no\/wp-json\/wp\/v2\/product"}],"about":[{"href":"https:\/\/limit-tools.com\/no\/wp-json\/wp\/v2\/types\/product"}],"replies":[{"embeddable":true,"href":"https:\/\/limit-tools.com\/no\/wp-json\/wp\/v2\/comments?post=2400"}],"wp:attachment":[{"href":"https:\/\/limit-tools.com\/no\/wp-json\/wp\/v2\/media?parent=2400"}],"wp:term":[{"taxonomy":"product_cat","embeddable":true,"href":"https:\/\/limit-tools.com\/no\/wp-json\/wp\/v2\/product_cat?post=2400"},{"taxonomy":"product_tag","embeddable":true,"href":"https:\/\/limit-tools.com\/no\/wp-json\/wp\/v2\/product_tag?post=2400"}],"curies":[{"name":"wp","href":"https:\/\/api.w.org\/{rel}","templated":true}]}}