{"id":5199,"date":"2022-09-14T11:17:50","date_gmt":"2022-09-14T11:17:50","guid":{"rendered":"https:\/\/limit-tools.com\/?page_id=5199"},"modified":"2023-01-05T14:38:35","modified_gmt":"2023-01-05T14:38:35","slug":"programvare-for-utstyr","status":"publish","type":"page","link":"https:\/\/limit-tools.com\/no\/programvare-for-utstyr\/","title":{"rendered":"Programvare for utstyr"},"content":{"rendered":"<div class=\"wpb-content-wrapper\"><p>[vc_row full_width=&raquo;stretch_row_content_no_spaces&raquo;][vc_column]\n            <div class=\"block block--promo align-left size-default text-default with-image\">\n                <div class=\"promo promo--dark\">\n                    <div class=\"promo__image\">\n                        <img decoding=\"async\" src=\"https:\/\/limit-tools.com\/wp-content\/uploads\/2022\/09\/153220116_P1-1.png\" alt=\"Lesing og analyse av data i sanntid\"\/>\n                    <\/div>\n                    <div class=\"promo-content promo-content--dark\">\n                        <h3 class=\"promo__subtitle\">MULTIMETER LIMIT DM 620<\/h3>\n                        <h2 class=\"promo__title\">Lesing og analyse av data i sanntid<\/h2>\n                        <div class=\"promo__text\">Denne programvaren gir deg muligheten til \u00e5 overf\u00f8re data til en datamaskin slik at du kan lese og analysere m\u00e5linger i sanntid!<br \/>\nFungerer for: Limit multimeter 620, art: nr. 15322-0116<\/div><a href=\"https:\/\/limit-tools.com\/wp-content\/uploads\/2022\/09\/Software-Multimeter-Limit.zip\" class=\"promo__action btn\">Last ned her<\/a><\/div>\n                <\/div>\n            <\/div>\n            <div class=\"block block--promo align-left size-default text-default with-image\">\n                <div class=\"promo promo--white\">\n                    <div class=\"promo__image\">\n                        <img decoding=\"async\" src=\"https:\/\/limit-tools.com\/wp-content\/uploads\/2023\/01\/Limit98-IR-Thermometer.jpeg\" alt=\"IR-TERMOMETER LIMIT 98\"\/>\n                    <\/div>\n                    <div class=\"promo-content promo-content--white\">\n                        <h3 class=\"promo__subtitle\"><\/h3>\n                        <h2 class=\"promo__title\">IR-TERMOMETER LIMIT 98<\/h2>\n                        <div class=\"promo__text\">Fungerer for: IR-TERMOMETER LIMIT 98, art: nr. 272840406<\/div><a href=\"https:\/\/limit-tools.com\/wp-content\/uploads\/2023\/01\/IR-Thermometer-v2.3.1-DISK1.zip\" class=\"promo__action btn\">Last ned her<\/a><\/div>\n                <\/div>\n            <\/div>[\/vc_column][\/vc_row]<\/p>\n<\/div>","protected":false},"excerpt":{"rendered":"[vc_row full_width=&raquo;stretch_row_content_no_spaces&raquo;][vc_column][\/vc_column][\/vc_row]","protected":false},"author":6,"featured_media":0,"parent":0,"menu_order":0,"comment_status":"closed","ping_status":"closed","template":"","meta":{"_acf_changed":false,"footnotes":""},"class_list":["post-5199","page","type-page","status-publish","hentry"],"acf":[],"yoast_head":"<!-- This site is optimized with the Yoast SEO plugin v23.4 - https:\/\/yoast.com\/wordpress\/plugins\/seo\/ -->\n<title>Programvare for utstyr - Precision measuring instruments | Limit<\/title>\n<meta name=\"robots\" content=\"index, follow, max-snippet:-1, max-image-preview:large, max-video-preview:-1\" \/>\n<link rel=\"canonical\" href=\"https:\/\/limit-tools.com\/no\/programvare-for-utstyr\/\" \/>\n<meta property=\"og:locale\" content=\"nb_NO\" \/>\n<meta property=\"og:type\" content=\"article\" \/>\n<meta property=\"og:title\" content=\"Programvare for utstyr - Precision measuring instruments | Limit\" \/>\n<meta property=\"og:description\" content=\"[vc_row full_width=&raquo;stretch_row_content_no_spaces&raquo;][vc_column][\/vc_column][\/vc_row]\" \/>\n<meta property=\"og:url\" content=\"https:\/\/limit-tools.com\/no\/programvare-for-utstyr\/\" \/>\n<meta property=\"og:site_name\" content=\"Precision measuring instruments | Limit\" \/>\n<meta property=\"article:publisher\" content=\"https:\/\/www.facebook.com\/limittools\/\" \/>\n<meta property=\"article:modified_time\" content=\"2023-01-05T14:38:35+00:00\" \/>\n<meta name=\"twitter:card\" content=\"summary_large_image\" \/>\n<meta name=\"twitter:label1\" content=\"Ansl. lesetid\" \/>\n\t<meta name=\"twitter:data1\" content=\"1 minutt\" \/>\n<script type=\"application\/ld+json\" class=\"yoast-schema-graph\">{\"@context\":\"https:\/\/schema.org\",\"@graph\":[{\"@type\":\"WebPage\",\"@id\":\"https:\/\/limit-tools.com\/no\/programvare-for-utstyr\/\",\"url\":\"https:\/\/limit-tools.com\/no\/programvare-for-utstyr\/\",\"name\":\"Programvare for utstyr - Precision measuring instruments | Limit\",\"isPartOf\":{\"@id\":\"https:\/\/limit-tools.com\/pl\/#website\"},\"datePublished\":\"2022-09-14T11:17:50+00:00\",\"dateModified\":\"2023-01-05T14:38:35+00:00\",\"inLanguage\":\"nb-NO\",\"potentialAction\":[{\"@type\":\"ReadAction\",\"target\":[\"https:\/\/limit-tools.com\/no\/programvare-for-utstyr\/\"]}]},{\"@type\":\"WebSite\",\"@id\":\"https:\/\/limit-tools.com\/pl\/#website\",\"url\":\"https:\/\/limit-tools.com\/pl\/\",\"name\":\"Precision measuring instruments | Limit\",\"description\":\"Everything can be measured\",\"potentialAction\":[{\"@type\":\"SearchAction\",\"target\":{\"@type\":\"EntryPoint\",\"urlTemplate\":\"https:\/\/limit-tools.com\/pl\/?s={search_term_string}\"},\"query-input\":{\"@type\":\"PropertyValueSpecification\",\"valueRequired\":true,\"valueName\":\"search_term_string\"}}],\"inLanguage\":\"nb-NO\"}]}<\/script>\n<!-- \/ Yoast SEO plugin. -->","yoast_head_json":{"title":"Programvare for utstyr - Precision measuring instruments | Limit","robots":{"index":"index","follow":"follow","max-snippet":"max-snippet:-1","max-image-preview":"max-image-preview:large","max-video-preview":"max-video-preview:-1"},"canonical":"https:\/\/limit-tools.com\/no\/programvare-for-utstyr\/","og_locale":"nb_NO","og_type":"article","og_title":"Programvare for utstyr - Precision measuring instruments | Limit","og_description":"[vc_row full_width=&raquo;stretch_row_content_no_spaces&raquo;][vc_column][\/vc_column][\/vc_row]","og_url":"https:\/\/limit-tools.com\/no\/programvare-for-utstyr\/","og_site_name":"Precision measuring instruments | Limit","article_publisher":"https:\/\/www.facebook.com\/limittools\/","article_modified_time":"2023-01-05T14:38:35+00:00","twitter_card":"summary_large_image","twitter_misc":{"Ansl. lesetid":"1 minutt"},"schema":{"@context":"https:\/\/schema.org","@graph":[{"@type":"WebPage","@id":"https:\/\/limit-tools.com\/no\/programvare-for-utstyr\/","url":"https:\/\/limit-tools.com\/no\/programvare-for-utstyr\/","name":"Programvare for utstyr - Precision measuring instruments | Limit","isPartOf":{"@id":"https:\/\/limit-tools.com\/pl\/#website"},"datePublished":"2022-09-14T11:17:50+00:00","dateModified":"2023-01-05T14:38:35+00:00","inLanguage":"nb-NO","potentialAction":[{"@type":"ReadAction","target":["https:\/\/limit-tools.com\/no\/programvare-for-utstyr\/"]}]},{"@type":"WebSite","@id":"https:\/\/limit-tools.com\/pl\/#website","url":"https:\/\/limit-tools.com\/pl\/","name":"Precision measuring instruments | Limit","description":"Everything can be measured","potentialAction":[{"@type":"SearchAction","target":{"@type":"EntryPoint","urlTemplate":"https:\/\/limit-tools.com\/pl\/?s={search_term_string}"},"query-input":{"@type":"PropertyValueSpecification","valueRequired":true,"valueName":"search_term_string"}}],"inLanguage":"nb-NO"}]}},"_links":{"self":[{"href":"https:\/\/limit-tools.com\/no\/wp-json\/wp\/v2\/pages\/5199"}],"collection":[{"href":"https:\/\/limit-tools.com\/no\/wp-json\/wp\/v2\/pages"}],"about":[{"href":"https:\/\/limit-tools.com\/no\/wp-json\/wp\/v2\/types\/page"}],"author":[{"embeddable":true,"href":"https:\/\/limit-tools.com\/no\/wp-json\/wp\/v2\/users\/6"}],"replies":[{"embeddable":true,"href":"https:\/\/limit-tools.com\/no\/wp-json\/wp\/v2\/comments?post=5199"}],"version-history":[{"count":6,"href":"https:\/\/limit-tools.com\/no\/wp-json\/wp\/v2\/pages\/5199\/revisions"}],"predecessor-version":[{"id":5437,"href":"https:\/\/limit-tools.com\/no\/wp-json\/wp\/v2\/pages\/5199\/revisions\/5437"}],"wp:attachment":[{"href":"https:\/\/limit-tools.com\/no\/wp-json\/wp\/v2\/media?parent=5199"}],"curies":[{"name":"wp","href":"https:\/\/api.w.org\/{rel}","templated":true}]}}